{"id":1002,"date":"2020-01-23T15:13:24","date_gmt":"2020-01-23T15:13:24","guid":{"rendered":"http:\/\/web.skybergtech.com\/?page_id=1002"},"modified":"2020-02-01T12:44:42","modified_gmt":"2020-02-01T12:44:42","slug":"pro-menice-kmitoctu-typ-tzs-jednofazove-bez-kondenzatoru","status":"publish","type":"page","link":"https:\/\/skybergtech.com\/en\/produkty\/sinusove-filtry\/sinusove-filtry-pro-menice-kmitoctu-typ-tzs\/pro-menice-kmitoctu-typ-tzs-jednofazove-bez-kondenzatoru\/","title":{"rendered":"Pro m\u011bni\u010de kmito\u010dtu &#8211; typ TZS jednof\u00e1zov\u00e9 bez kondenz\u00e1toru"},"content":{"rendered":"<!-- Flexy Breadcrumb -->\r\n\t\t\t<div class=\"fbc fbc-page\">\r\n\r\n\t\t\t\t<!-- Breadcrumb wrapper -->\r\n\t\t\t\t<div class=\"fbc-wrap\">\r\n\r\n\t\t\t\t\t<!-- Ordered list-->\r\n\t\t\t\t\t<ol class=\"fbc-items\" itemscope itemtype=\"https:\/\/schema.org\/BreadcrumbList\">\r\n\t\t\t\t\t\t            <li itemprop=\"itemListElement\" itemscope itemtype=\"https:\/\/schema.org\/ListItem\">\r\n                <span itemprop=\"name\">\r\n                    <!-- Home Link -->\r\n                    <a itemprop=\"item\" href=\"https:\/\/skybergtech.com\/en\">\r\n                    \r\n                                                    <i class=\"fa fa-home\" aria-hidden=\"true\"><\/i>Home                    <\/a>\r\n                <\/span>\r\n                <meta itemprop=\"position\" content=\"1\" \/><!-- Meta Position-->\r\n             <\/li><li><span class=\"fbc-separator\"> \/ <\/span><\/li><li class=\"active\" itemprop=\"itemListElement\" itemscope itemtype=\"https:\/\/schema.org\/ListItem\"><span itemprop=\"name\" title=\"Pro m\u011bni\u010de kmito\u010dtu &#8211; typ TZS jednof\u00e1zov\u00e9 bez kondenz\u00e1toru\">Pro m\u011bni\u010de kmito\u010dtu &#8211; typ TZS jednof\u00e1zov\u00e9 bez kondenz\u00e1toru<\/span><meta itemprop=\"position\" content=\"2\" \/><\/li>\t\t\t\t\t<\/ol>\r\n\t\t\t\t\t<div class=\"clearfix\"><\/div>\r\n\t\t\t\t<\/div>\r\n\t\t\t<\/div>\r\n\t\t\t\n\t<h3>\n\t\t\t\t\tSinusoidal filters\n\t\t\t\t<\/h3>\n\t<h3>\n\t\t\t\t\tSine filters for frequency converters\n\t\t\t\t<\/h3>\n\t<h3>\n\t\t\t\t\tWithout a cooler - ribbed\n\t\t\t\t<\/h3>\n\t<h3>\n\t\t\t\t\tSKY3FSM32-400\n\t\t\t\t<\/h3>\n\t<h3>\n\t\t\t\t\tSKY3FSM36-400\n\t\t\t\t<\/h3>\n\t<h3>\n\t\t\t\t\tSKY3FSM40-400\n\t\t\t\t<\/h3>\n\t<h3>\n\t\t\t\t\tSKY3FSM42-400\n\t\t\t\t<\/h3>\n\t<h3>\n\t\t\t\t\tSKY3FSM48-400\n\t\t\t\t<\/h3>\n\t<h3>\n\t\t\t\t\tSKY3FSM50-400\n\t\t\t\t<\/h3>\n\t<h3>\n\t\t\t\t\tSKY3FSM60-400\n\t\t\t\t<\/h3>\n\t<h3>\n\t\t\t\t\tSKY3FSM72-400\n\t\t\t\t<\/h3>\n\t<h3>\n\t\t\t\t\tSKY3FSM75-400\n\t\t\t\t<\/h3>\n\t<h3>\n\t\t\t\t\tSKY3FSM80-400\n\t\t\t\t<\/h3>\n\t<h3>\n\t\t\t\t\tSKY3FSM90-400\n\t\t\t\t<\/h3>\n\t<h3>\n\t\t\t\t\tSKY3FSM95-400\n\t\t\t\t<\/h3>\n\t<h3>\n\t\t\t\t\tSKY3FSM100-400\n\t\t\t\t<\/h3>\n\t<h3>\n\t\t\t\t\tSKY3FSM110-400\n\t\t\t\t<\/h3>\n\t<h3>\n\t\t\t\t\tSKY3FSM120-400\n\t\t\t\t<\/h3>\n\t<h3>\n\t\t\t\t\tSKY3FSM150-400\n\t\t\t\t<\/h3>\n\t<h3>\n\t\t\t\t\tSKY3FSM160-400\n\t\t\t\t<\/h3>\n\t<h3>\n\t\t\t\t\tSKY3FSM180-400\n\t\t\t\t<\/h3>\n\t<h3>\n\t\t\t\t\tSKY3FSM200-400\n\t\t\t\t<\/h3>\n\t<h3>\n\t\t\t\t\tSKY3FSM210-400\n\t\t\t\t<\/h3>\n\t<h3>\n\t\t\t\t\tSKY3FSM260-400\n\t\t\t\t<\/h3>\n\t<h3>\n\t\t\t\t\tSKY3FSM270-400\n\t\t\t\t<\/h3>\n\t<h3>\n\t\t\t\t\tSKY3FSM300-400\n\t\t\t\t<\/h3>\n\t<h3>\n\t\t\t\t\tSKY3FSM320-400\n\t\t\t\t<\/h3>\n\t<h3>\n\t\t\t\t\tSKY3FSM325-400\n\t\t\t\t<\/h3>\n\t<h3>\n\t\t\t\t\tSKY3FSM400-400\n\t\t\t\t<\/h3>\n\t<h3>\n\t\t\t\t\tSKY3FSM410-400\n\t\t\t\t<\/h3>\n\t<h3>\n\t\t\t\t\tSKY3FSM450-400\n\t\t\t\t<\/h3>\n\t<h3>\n\t\t\t\t\tSKY3FSM460-400\n\t\t\t\t<\/h3>\n\t<h3>\n\t\t\t\t\tSKY3FSM480-400\n\t\t\t\t<\/h3>\n\t<h3>\n\t\t\t\t\tSKY3FSM510-400\n\t\t\t\t<\/h3>\n\t<h3>\n\t\t\t\t\tSKY3FSM600-400\n\t\t\t\t<\/h3>\n\t<h3>\n\t\t\t\t\tSKY3FSM610-400\n\t\t\t\t<\/h3>\n\t<h3>\n\t\t\t\t\tSKY3FSM650-400\n\t\t\t\t<\/h3>\n\t<h3>\n\t\t\t\t\tSKY3FSM800-400\n\t\t\t\t<\/h3>\n\t<h3>\n\t\t\t\t\tSKY3FSM840-400\n\t\t\t\t<\/h3>\n\t<h3>\n\t\t\t\t\tSKY3FSM1000-400\n\t\t\t\t<\/h3>\n\t<h3>\n\t\t\t\t\tSKY3FSM1140-400\n\t\t\t\t<\/h3>\n\t<h3>\n\t\t\t\t\tSKY3FSM1160-400\n\t\t\t\t<\/h3>\n\t<h3>\n\t\t\t\t\tSKY3FSM1200-400\n\t\t\t\t<\/h3>\n\t<h3>\n\t\t\t\t\tSKY3FSM1450-400\n\t\t\t\t<\/h3>\n\t<h3>\n\t\t\t\t\tSKY3FSM1480-400\n\t\t\t\t<\/h3>\n\t<h3>\n\t\t\t\t\tSKY3FSM1500-400\n\t\t\t\t<\/h3>\n\t<h3>\n\t\t\t\t\tSKY3FSM2000-400\n\t\t\t\t<\/h3>","protected":false},"excerpt":{"rendered":"<p>Sinusov\u00e9 filtry Sinusov\u00e9 filtry pro m\u011bni\u010de kmito\u010dtu Bez chladi\u010de SKY3FSM32-400 SKY3FSM36-400 SKY3FSM40-400 SKY3FSM42-400 SKY3FSM48-400 SKY3FSM50-400 SKY3FSM60-400 SKY3FSM72-400 SKY3FSM75-400 SKY3FSM80-400 SKY3FSM90-400 SKY3FSM95-400 SKY3FSM100-400 SKY3FSM110-400 SKY3FSM120-400 SKY3FSM150-400 SKY3FSM160-400 SKY3FSM180-400 SKY3FSM200-400 SKY3FSM210-400 SKY3FSM260-400 SKY3FSM270-400 SKY3FSM300-400 SKY3FSM320-400 SKY3FSM325-400 SKY3FSM400-400 SKY3FSM410-400 SKY3FSM450-400 SKY3FSM460-400 SKY3FSM480-400 SKY3FSM510-400 SKY3FSM600-400 SKY3FSM610-400 SKY3FSM650-400 SKY3FSM800-400 SKY3FSM840-400 SKY3FSM1000-400 SKY3FSM1140-400 SKY3FSM1160-400 SKY3FSM1200-400 SKY3FSM1450-400 SKY3FSM1480-400 SKY3FSM1500-400 SKY3FSM2000-400<\/p>","protected":false},"author":1,"featured_media":0,"parent":975,"menu_order":0,"comment_status":"closed","ping_status":"closed","template":"template-page-builder-no-sidebar.php","meta":{"footnotes":""},"class_list":["post-1002","page","type-page","status-publish","hentry"],"aioseo_notices":[],"_links":{"self":[{"href":"https:\/\/skybergtech.com\/en\/wp-json\/wp\/v2\/pages\/1002","targetHints":{"allow":["GET"]}}],"collection":[{"href":"https:\/\/skybergtech.com\/en\/wp-json\/wp\/v2\/pages"}],"about":[{"href":"https:\/\/skybergtech.com\/en\/wp-json\/wp\/v2\/types\/page"}],"author":[{"embeddable":true,"href":"https:\/\/skybergtech.com\/en\/wp-json\/wp\/v2\/users\/1"}],"replies":[{"embeddable":true,"href":"https:\/\/skybergtech.com\/en\/wp-json\/wp\/v2\/comments?post=1002"}],"version-history":[{"count":3,"href":"https:\/\/skybergtech.com\/en\/wp-json\/wp\/v2\/pages\/1002\/revisions"}],"predecessor-version":[{"id":1455,"href":"https:\/\/skybergtech.com\/en\/wp-json\/wp\/v2\/pages\/1002\/revisions\/1455"}],"up":[{"embeddable":true,"href":"https:\/\/skybergtech.com\/en\/wp-json\/wp\/v2\/pages\/975"}],"wp:attachment":[{"href":"https:\/\/skybergtech.com\/en\/wp-json\/wp\/v2\/media?parent=1002"}],"curies":[{"name":"wp","href":"https:\/\/api.w.org\/{rel}","templated":true}]}}