{"id":1004,"date":"2020-01-23T15:13:25","date_gmt":"2020-01-23T15:13:25","guid":{"rendered":"http:\/\/web.skybergtech.com\/?page_id=1004"},"modified":"2020-02-16T17:06:12","modified_gmt":"2020-02-16T17:06:12","slug":"sinusove-filtry-pro-menice-kmitoctu-typ-tzs-specialni","status":"publish","type":"page","link":"https:\/\/skybergtech.com\/en\/produkty\/sinusove-filtry\/sinusove-filtry-pro-menice-kmitoctu-typ-tzs\/sinusove-filtry-pro-menice-kmitoctu-typ-tzs-specialni\/","title":{"rendered":"Special"},"content":{"rendered":"<!-- Flexy Breadcrumb -->\r\n\t\t\t<div class=\"fbc fbc-page\">\r\n\r\n\t\t\t\t<!-- Breadcrumb wrapper -->\r\n\t\t\t\t<div class=\"fbc-wrap\">\r\n\r\n\t\t\t\t\t<!-- Ordered list-->\r\n\t\t\t\t\t<ol class=\"fbc-items\" itemscope itemtype=\"https:\/\/schema.org\/BreadcrumbList\">\r\n\t\t\t\t\t\t            <li itemprop=\"itemListElement\" itemscope itemtype=\"https:\/\/schema.org\/ListItem\">\r\n                <span itemprop=\"name\">\r\n                    <!-- Home Link -->\r\n                    <a itemprop=\"item\" href=\"https:\/\/skybergtech.com\/en\">\r\n                    \r\n                                                    <i class=\"fa fa-home\" aria-hidden=\"true\"><\/i>Home                    <\/a>\r\n                <\/span>\r\n                <meta itemprop=\"position\" content=\"1\" \/><!-- Meta Position-->\r\n             <\/li><li><span class=\"fbc-separator\"> \/ <\/span><\/li><li class=\"active\" itemprop=\"itemListElement\" itemscope itemtype=\"https:\/\/schema.org\/ListItem\"><span itemprop=\"name\" title=\"Special\">Special<\/span><meta itemprop=\"position\" content=\"2\" \/><\/li>\t\t\t\t\t<\/ol>\r\n\t\t\t\t\t<div class=\"clearfix\"><\/div>\r\n\t\t\t\t<\/div>\r\n\t\t\t<\/div>\r\n\t\t\t\n\t<h3>\n\t\t\t\t\tSinusoidal filters\n\t\t\t\t<\/h3>\n\t<h3>\n\t\t\t\t\tSine filters for frequency converters - type TZS\n\t\t\t\t<\/h3>\n\t<h3>\n\t\t\t\t\tSpecial\n\t\t\t\t<\/h3>\n\t<h3>\n\t\t\t\t\tSKY2TSF20-12kHz\n\t\t\t\t<\/h3>\n\t<h3>\n\t\t\t\t\tSKY3TS32P\n\t\t\t\t<\/h3>\n\t<h3>\n\t\t\t\t\tSKY3TSF11-16kHz\n\t\t\t\t<\/h3>\n\t<h3>\n\t\t\t\t\tSKY4TLS70-0,6-10kHz\n\t\t\t\t<\/h3>\n\t<h3>\n\t\t\t\t\tSKYFS8-400-5kHz\n\t\t\t\t<\/h3>\n\t<h3>\n\t\t\t\t\tSKYSEF6-230\n\t\t\t\t<\/h3>\n\t<h3>\n\t\t\t\t\tSKYTSF10-12kHz\n\t\t\t\t<\/h3>\n\t<h3>\n\t\t\t\t\tSKYTSF20-12kHz\n\t\t\t\t<\/h3>\n\t<h3>\n\t\t\t\t\tSKYTSF350-0,06\n\t\t\t\t<\/h3>","protected":false},"excerpt":{"rendered":"<p>Sinusov\u00e9 filtry Sinusov\u00e9 filtry pro m\u011bni\u010de kmito\u010dtu &#8211; typ TZS Speci\u00e1ln\u00ed SKY2TSF20-12kHz SKY3TS32P SKY3TSF11-16kHz SKY4TLS70-0,6-10kHz SKYFS8-400-5kHz SKYSEF6-230 SKYTSF10-12kHz SKYTSF20-12kHz SKYTSF350-0,06<\/p>","protected":false},"author":1,"featured_media":0,"parent":975,"menu_order":0,"comment_status":"closed","ping_status":"closed","template":"template-page-builder-no-sidebar.php","meta":{"footnotes":""},"class_list":["post-1004","page","type-page","status-publish","hentry"],"aioseo_notices":[],"_links":{"self":[{"href":"https:\/\/skybergtech.com\/en\/wp-json\/wp\/v2\/pages\/1004","targetHints":{"allow":["GET"]}}],"collection":[{"href":"https:\/\/skybergtech.com\/en\/wp-json\/wp\/v2\/pages"}],"about":[{"href":"https:\/\/skybergtech.com\/en\/wp-json\/wp\/v2\/types\/page"}],"author":[{"embeddable":true,"href":"https:\/\/skybergtech.com\/en\/wp-json\/wp\/v2\/users\/1"}],"replies":[{"embeddable":true,"href":"https:\/\/skybergtech.com\/en\/wp-json\/wp\/v2\/comments?post=1004"}],"version-history":[{"count":5,"href":"https:\/\/skybergtech.com\/en\/wp-json\/wp\/v2\/pages\/1004\/revisions"}],"predecessor-version":[{"id":1532,"href":"https:\/\/skybergtech.com\/en\/wp-json\/wp\/v2\/pages\/1004\/revisions\/1532"}],"up":[{"embeddable":true,"href":"https:\/\/skybergtech.com\/en\/wp-json\/wp\/v2\/pages\/975"}],"wp:attachment":[{"href":"https:\/\/skybergtech.com\/en\/wp-json\/wp\/v2\/media?parent=1004"}],"curies":[{"name":"wp","href":"https:\/\/api.w.org\/{rel}","templated":true}]}}