{"id":1012,"date":"2020-01-23T15:21:22","date_gmt":"2020-01-23T15:21:22","guid":{"rendered":"http:\/\/web.skybergtech.com\/?page_id=1012"},"modified":"2020-02-24T02:25:39","modified_gmt":"2020-02-24T02:25:39","slug":"s-vyssi-spinaci-frekvenci","status":"publish","type":"page","link":"https:\/\/skybergtech.com\/en\/produkty\/sinusove-filtry\/s-vyssi-spinaci-frekvenci\/","title":{"rendered":"With higher switching frequency"},"content":{"rendered":"<!-- Flexy Breadcrumb -->\r\n\t\t\t<div class=\"fbc fbc-page\">\r\n\r\n\t\t\t\t<!-- Breadcrumb wrapper -->\r\n\t\t\t\t<div class=\"fbc-wrap\">\r\n\r\n\t\t\t\t\t<!-- Ordered list-->\r\n\t\t\t\t\t<ol class=\"fbc-items\" itemscope itemtype=\"https:\/\/schema.org\/BreadcrumbList\">\r\n\t\t\t\t\t\t            <li itemprop=\"itemListElement\" itemscope itemtype=\"https:\/\/schema.org\/ListItem\">\r\n                <span itemprop=\"name\">\r\n                    <!-- Home Link -->\r\n                    <a itemprop=\"item\" href=\"https:\/\/skybergtech.com\/en\">\r\n                    \r\n                                                    <i class=\"fa fa-home\" aria-hidden=\"true\"><\/i>Home                    <\/a>\r\n                <\/span>\r\n                <meta itemprop=\"position\" content=\"1\" \/><!-- Meta Position-->\r\n             <\/li><li><span class=\"fbc-separator\"> \/ <\/span><\/li><li class=\"active\" itemprop=\"itemListElement\" itemscope itemtype=\"https:\/\/schema.org\/ListItem\"><span itemprop=\"name\" title=\"With higher switching frequency\">With higher switching frequency<\/span><meta itemprop=\"position\" content=\"2\" \/><\/li>\t\t\t\t\t<\/ol>\r\n\t\t\t\t\t<div class=\"clearfix\"><\/div>\r\n\t\t\t\t<\/div>\r\n\t\t\t<\/div>\r\n\t\t\t\n\t<h3>\n\t\t\t\t\tSinusoidal filters\n\t\t\t\t<\/h3>\n\t<p><img loading=\"lazy\" decoding=\"async\" src=\"http:\/\/web.skybergtech.com\/wp-content\/uploads\/2020\/02\/SKY4TLS70-06-10kHz-1024x549.png\" alt=\"\" width=\"640\" height=\"343\" \/><\/p>\n<p>These special sinusoidal filters for frequency converters that feature higher switching frequencies produce single-phase and three-phase capacitors and with or without. As far as mechanical parts are concerned, these filters are designed for specific applications with precisely defined conditions. They are most often placed in aluminum boxes with a cooler, where the filter is filled with a special material or as a tightening structure, which are protected from unwanted environmental influences by impregnation. Compared to cable ties, the filters in the boxes are dimensioned for a lower inverter switching frequency, but are characterized by a higher voltage drop.<\/p>","protected":false},"excerpt":{"rendered":"<p>Sinusov\u00e9 filtry Tyto speci\u00e1ln\u00ed sinusov\u00e9 filtry pro m\u011bni\u010de kmito\u010dtu, kter\u00e9 se vyzna\u010duj\u00ed vy\u0161\u0161\u00ed sp\u00ednac\u00ed frekvenc\u00ed, vyr\u00e1b\u00edme jednof\u00e1zov\u00e9 i t\u0159\u00edf\u00e1zov\u00e9 a s kondenz\u00e1tory nebo bez. Co se t\u00fd\u010de mechanick\u00fdch \u010d\u00e1st\u00ed, tyto filtry jsou navrhov\u00e1ny do konkr\u00e9tn\u00edch aplikac\u00ed s p\u0159edem p\u0159esn\u011b dan\u00fdmi podm\u00ednkami. Nej\u010dast\u011bji jsou um\u00edst\u011bny v hlin\u00edkov\u00fdch krabic\u00edch s chladi\u010dem, kde je filtr zalit speci\u00e1ln\u00ed hmotou [&hellip;]<\/p>","protected":false},"author":1,"featured_media":0,"parent":959,"menu_order":0,"comment_status":"closed","ping_status":"closed","template":"template-page-builder-no-sidebar.php","meta":{"footnotes":""},"class_list":["post-1012","page","type-page","status-publish","hentry"],"aioseo_notices":[],"_links":{"self":[{"href":"https:\/\/skybergtech.com\/en\/wp-json\/wp\/v2\/pages\/1012","targetHints":{"allow":["GET"]}}],"collection":[{"href":"https:\/\/skybergtech.com\/en\/wp-json\/wp\/v2\/pages"}],"about":[{"href":"https:\/\/skybergtech.com\/en\/wp-json\/wp\/v2\/types\/page"}],"author":[{"embeddable":true,"href":"https:\/\/skybergtech.com\/en\/wp-json\/wp\/v2\/users\/1"}],"replies":[{"embeddable":true,"href":"https:\/\/skybergtech.com\/en\/wp-json\/wp\/v2\/comments?post=1012"}],"version-history":[{"count":5,"href":"https:\/\/skybergtech.com\/en\/wp-json\/wp\/v2\/pages\/1012\/revisions"}],"predecessor-version":[{"id":1777,"href":"https:\/\/skybergtech.com\/en\/wp-json\/wp\/v2\/pages\/1012\/revisions\/1777"}],"up":[{"embeddable":true,"href":"https:\/\/skybergtech.com\/en\/wp-json\/wp\/v2\/pages\/959"}],"wp:attachment":[{"href":"https:\/\/skybergtech.com\/en\/wp-json\/wp\/v2\/media?parent=1012"}],"curies":[{"name":"wp","href":"https:\/\/api.w.org\/{rel}","templated":true}]}}