{"id":103,"date":"2019-12-19T05:29:35","date_gmt":"2019-12-19T05:29:35","guid":{"rendered":"http:\/\/web.skybergtech.com\/?page_id=103"},"modified":"2026-02-19T11:31:06","modified_gmt":"2026-02-19T11:31:06","slug":"reference","status":"publish","type":"page","link":"https:\/\/skybergtech.com\/en\/reference\/","title":{"rendered":"Reference"},"content":{"rendered":"<h3>\n\t\t\t\t\tReference\n\t\t\t\t<\/h3>\n\t\t\t<h3>\n\t\t\t\t\tMain business partners\n\t\t\t\t<\/h3>\n\t\u2022 Cegelec, a.s.<br \/>\n\u2022 Rail Electronics, s.r.o.<br \/>\n\u2022 Schneider Electric, s.r.o.<br \/>\n\u2022 ZAT, a.s.<br \/>\n\u2022 \u0160koda Electric, a.s.<br \/>\n\u2022 \u0160koda Transportation, s.r.o.<br \/>\n\u2022 NSA, Ministry of Defense<br \/>\n\u2022 Ingersoll-Rand Technologies, s.r.o.<br \/>\n\u2022 EVP\u00da, a.s.<br \/>\n\u2022 AEF, s.r.o.<br \/>\na mnoho dal\u0161\u00edch &#8230;\n\t\t\t<h3>\n\t\t\t\t\tExport\n\t\t\t\t<\/h3>\n\t\u2022 USA<br \/>\n\u2022 Italy<br \/>\n\u2022 Germany<br \/>\n\u2022 Austria<br \/>\n\u2022 Lithuania<br \/>\n\u2022 Ukraine<br \/>\n\u2022 Slovensko<br \/>\n\u2022 Saudi Arabia<br \/>\n\u2022 Philippines<br \/>\n\u2022 Poland<br \/>\n\u2022 Hungary, Romania, China, England\n\t\t\t\t<img decoding=\"async\" src=\"http:\/\/web.skybergtech.com\/wp-content\/uploads\/2020\/06\/Obr\u00e1zek1-300x199.jpg\" alt=\"Obr\u00e1zek1\" itemprop=\"image\" title=\"Obr\u00e1zek1\" onerror=\"this.style.display='none'\" loading=\"lazy\" \/>\n\t\t\t\t<img decoding=\"async\" src=\"http:\/\/web.skybergtech.com\/wp-content\/uploads\/2020\/06\/Obr\u00e1zek22-e1593611200608-300x168.jpg\" alt=\"Obr\u00e1zek2(2)\" itemprop=\"image\" title=\"Obr\u00e1zek2(2)\" onerror=\"this.style.display='none'\" loading=\"lazy\" \/>\n\t\t\t\t<img decoding=\"async\" src=\"http:\/\/web.skybergtech.com\/wp-content\/uploads\/2020\/06\/Obr\u00e1zek32-e1593611165821-300x175.jpg\" alt=\"Obr\u00e1zek3(2)\" itemprop=\"image\" title=\"Obr\u00e1zek3(2)\" onerror=\"this.style.display='none'\" loading=\"lazy\" \/>","protected":false},"excerpt":{"rendered":"<p>Reference Hlavn\u00ed obchodn\u00ed partne\u0159i \u2022 Cegelec, a.s. \u2022 Rail Electronics, s.r.o. \u2022 Schneider Electric, s.r.o. \u2022 ZAT, a.s. \u2022 \u0160koda Electric, a.s. \u2022 \u0160koda Transportation, s.r.o. \u2022 NB\u00da, Ministerstvo obrany \u2022 Ingersoll-Rand Technologies, s.r.o. \u2022 EVP\u00da, a.s. \u2022 AEF, s.r.o. a mnoho dal\u0161\u00edch &#8230; Export \u2022 USA \u2022 It\u00e1lie \u2022 N\u011bmecko \u2022 Rakousko \u2022 Litva [&hellip;]<\/p>","protected":false},"author":1,"featured_media":0,"parent":0,"menu_order":0,"comment_status":"closed","ping_status":"closed","template":"template-page-builder.php","meta":{"footnotes":""},"class_list":["post-103","page","type-page","status-publish","hentry"],"aioseo_notices":[],"_links":{"self":[{"href":"https:\/\/skybergtech.com\/en\/wp-json\/wp\/v2\/pages\/103","targetHints":{"allow":["GET"]}}],"collection":[{"href":"https:\/\/skybergtech.com\/en\/wp-json\/wp\/v2\/pages"}],"about":[{"href":"https:\/\/skybergtech.com\/en\/wp-json\/wp\/v2\/types\/page"}],"author":[{"embeddable":true,"href":"https:\/\/skybergtech.com\/en\/wp-json\/wp\/v2\/users\/1"}],"replies":[{"embeddable":true,"href":"https:\/\/skybergtech.com\/en\/wp-json\/wp\/v2\/comments?post=103"}],"version-history":[{"count":5,"href":"https:\/\/skybergtech.com\/en\/wp-json\/wp\/v2\/pages\/103\/revisions"}],"predecessor-version":[{"id":3976,"href":"https:\/\/skybergtech.com\/en\/wp-json\/wp\/v2\/pages\/103\/revisions\/3976"}],"wp:attachment":[{"href":"https:\/\/skybergtech.com\/en\/wp-json\/wp\/v2\/media?parent=103"}],"curies":[{"name":"wp","href":"https:\/\/api.w.org\/{rel}","templated":true}]}}