{"id":1079,"date":"2020-01-25T17:18:20","date_gmt":"2020-01-25T17:18:20","guid":{"rendered":"http:\/\/web.skybergtech.com\/?page_id=1079"},"modified":"2020-07-27T19:26:50","modified_gmt":"2020-07-27T19:26:50","slug":"jednofazove-a-trifazove-typ-tzs","status":"publish","type":"page","link":"https:\/\/skybergtech.com\/en\/produkty\/tlumivky\/jednofazove-a-trifazove-typ-tzs\/","title":{"rendered":"Jednof\u00e1zov\u00e9 a t\u0159\u00edf\u00e1zov\u00e9 &#8211; typ TZS"},"content":{"rendered":"<!-- Flexy Breadcrumb -->\r\n\t\t\t<div class=\"fbc fbc-page\">\r\n\r\n\t\t\t\t<!-- Breadcrumb wrapper -->\r\n\t\t\t\t<div class=\"fbc-wrap\">\r\n\r\n\t\t\t\t\t<!-- Ordered list-->\r\n\t\t\t\t\t<ol class=\"fbc-items\" itemscope itemtype=\"https:\/\/schema.org\/BreadcrumbList\">\r\n\t\t\t\t\t\t            <li itemprop=\"itemListElement\" itemscope itemtype=\"https:\/\/schema.org\/ListItem\">\r\n                <span itemprop=\"name\">\r\n                    <!-- Home Link -->\r\n                    <a itemprop=\"item\" href=\"https:\/\/skybergtech.com\/en\">\r\n                    \r\n                                                    <i class=\"fa fa-home\" aria-hidden=\"true\"><\/i>Home                    <\/a>\r\n                <\/span>\r\n                <meta itemprop=\"position\" content=\"1\" \/><!-- Meta Position-->\r\n             <\/li><li><span class=\"fbc-separator\"> \/ <\/span><\/li><li class=\"active\" itemprop=\"itemListElement\" itemscope itemtype=\"https:\/\/schema.org\/ListItem\"><span itemprop=\"name\" title=\"Single-phase and Three-phase - Type TZS\">Jednof\u00e1zov\u00e9 a t\u0159\u00edf\u00e1zov\u00e9 &#8211; typ TZS<\/span><meta itemprop=\"position\" content=\"2\" \/><\/li>\t\t\t\t\t<\/ol>\r\n\t\t\t\t\t<div class=\"clearfix\"><\/div>\r\n\t\t\t\t<\/div>\r\n\t\t\t<\/div>\r\n\t\t\t\n\t<h3>\n\t\t\t\t\tChokes\n\t\t\t\t<\/h3>\n\t<p><img loading=\"lazy\" decoding=\"async\" src=\"http:\/\/web.skybergtech.com\/wp-content\/uploads\/2020\/03\/SKY2TL110-27_-1024x560.png\" alt=\"\" width=\"640\" height=\"350\" \/>These special chokes of the TZS type are designed to limit the steepness of the voltage rise between the choke and the motor or are available in front of the frequency converter and devices that have a rectifier at the input. We offer single-phase and three-phase chokes with a ferromagnetic core or air chokes. The individual series differ from each other on the basis of their design and the application for which they are intended.<\/p>","protected":false},"excerpt":{"rendered":"<p>Tlumivky Tyto speci\u00e1ln\u00ed tlumivky typu TZS se pou\u017e\u00edvaj\u00ed p\u0159ev\u00e1\u017en\u011b k omezen\u00ed strmosti n\u00e1r\u016fstu nap\u011bt\u00ed mezi tlumivkou a motorem nebo jsou ur\u010deny p\u0159ed frekven\u010dn\u00ed m\u011bni\u010de a za\u0159\u00edzen\u00ed, kter\u00e1 maj\u00ed na vstupu usm\u011br\u0148ova\u010d. Nab\u00edz\u00edme jednof\u00e1zov\u00e9 i t\u0159\u00edf\u00e1zov\u00e9 tlumivky s feromagnetick\u00fdm j\u00e1drem nebo vzduchov\u00e9 tlumivky. Jednotliv\u00e9 \u0159ady se mezi sebou li\u0161\u00ed na z\u00e1klad\u011b jejich konstruk\u010dn\u00edho \u0159e\u0161en\u00ed a aplikace, [&hellip;]<\/p>","protected":false},"author":1,"featured_media":0,"parent":918,"menu_order":0,"comment_status":"closed","ping_status":"closed","template":"template-page-builder-no-sidebar.php","meta":{"footnotes":""},"class_list":["post-1079","page","type-page","status-publish","hentry"],"aioseo_notices":[],"_links":{"self":[{"href":"https:\/\/skybergtech.com\/en\/wp-json\/wp\/v2\/pages\/1079","targetHints":{"allow":["GET"]}}],"collection":[{"href":"https:\/\/skybergtech.com\/en\/wp-json\/wp\/v2\/pages"}],"about":[{"href":"https:\/\/skybergtech.com\/en\/wp-json\/wp\/v2\/types\/page"}],"author":[{"embeddable":true,"href":"https:\/\/skybergtech.com\/en\/wp-json\/wp\/v2\/users\/1"}],"replies":[{"embeddable":true,"href":"https:\/\/skybergtech.com\/en\/wp-json\/wp\/v2\/comments?post=1079"}],"version-history":[{"count":7,"href":"https:\/\/skybergtech.com\/en\/wp-json\/wp\/v2\/pages\/1079\/revisions"}],"predecessor-version":[{"id":2870,"href":"https:\/\/skybergtech.com\/en\/wp-json\/wp\/v2\/pages\/1079\/revisions\/2870"}],"up":[{"embeddable":true,"href":"https:\/\/skybergtech.com\/en\/wp-json\/wp\/v2\/pages\/918"}],"wp:attachment":[{"href":"https:\/\/skybergtech.com\/en\/wp-json\/wp\/v2\/media?parent=1079"}],"curies":[{"name":"wp","href":"https:\/\/api.w.org\/{rel}","templated":true}]}}