{"id":1081,"date":"2020-01-25T17:19:44","date_gmt":"2020-01-25T17:19:44","guid":{"rendered":"http:\/\/web.skybergtech.com\/?page_id=1081"},"modified":"2020-03-31T11:48:58","modified_gmt":"2020-03-31T11:48:58","slug":"pro-trakcni-ucely-typ-tzs","status":"publish","type":"page","link":"https:\/\/skybergtech.com\/en\/produkty\/tlumivky\/pro-trakcni-ucely-typ-tzs\/","title":{"rendered":"Pro trak\u010dn\u00ed \u00fa\u010dely &#8211; Typ TZS"},"content":{"rendered":"<!-- Flexy Breadcrumb -->\r\n\t\t\t<div class=\"fbc fbc-page\">\r\n\r\n\t\t\t\t<!-- Breadcrumb wrapper -->\r\n\t\t\t\t<div class=\"fbc-wrap\">\r\n\r\n\t\t\t\t\t<!-- Ordered list-->\r\n\t\t\t\t\t<ol class=\"fbc-items\" itemscope itemtype=\"https:\/\/schema.org\/BreadcrumbList\">\r\n\t\t\t\t\t\t            <li itemprop=\"itemListElement\" itemscope itemtype=\"https:\/\/schema.org\/ListItem\">\r\n                <span itemprop=\"name\">\r\n                    <!-- Home Link -->\r\n                    <a itemprop=\"item\" href=\"https:\/\/skybergtech.com\/en\">\r\n                    \r\n                                                    <i class=\"fa fa-home\" aria-hidden=\"true\"><\/i>Home                    <\/a>\r\n                <\/span>\r\n                <meta itemprop=\"position\" content=\"1\" \/><!-- Meta Position-->\r\n             <\/li><li><span class=\"fbc-separator\"> \/ <\/span><\/li><li class=\"active\" itemprop=\"itemListElement\" itemscope itemtype=\"https:\/\/schema.org\/ListItem\"><span itemprop=\"name\" title=\"For traction purposes - Type TZS\">Pro trak\u010dn\u00ed \u00fa\u010dely &#8211; Typ TZS<\/span><meta itemprop=\"position\" content=\"2\" \/><\/li>\t\t\t\t\t<\/ol>\r\n\t\t\t\t\t<div class=\"clearfix\"><\/div>\r\n\t\t\t\t<\/div>\r\n\t\t\t<\/div>\r\n\t\t\t\n\t<h3>\n\t\t\t\t\tChokes\n\t\t\t\t<\/h3>\n\t<p><img loading=\"lazy\" decoding=\"async\" src=\"http:\/\/web.skybergtech.com\/wp-content\/uploads\/2020\/03\/TR420-06-1024x563.png\" alt=\"\" width=\"640\" height=\"352\" \/>Chokes for traction purposes of the TZS type are used to additionally reduce the electromagnetic radiation emissions of the traction vehicle. These include single-phase, three-phase traction chokes, traction passive L-L filters or, for example, quality chokes with constant inductance intended for traction.<\/p>","protected":false},"excerpt":{"rendered":"<p>Tlumivky Tlumivky pro trak\u010dn\u00ed \u00fa\u010dely typu TZS se pou\u017e\u00edvaj\u00ed k dodate\u010dn\u00e9mu sn\u00ed\u017een\u00ed emis\u00ed elektromagnetick\u00e9ho vyza\u0159ov\u00e1n\u00ed trak\u010dn\u00edho vozidla. Pat\u0159\u00ed mezi n\u011b jednof\u00e1zov\u00e9, t\u0159\u00edf\u00e1zov\u00e9 trak\u010dn\u00ed tlumivky, trak\u010dn\u00ed pasivn\u00ed L-L filtry nebo t\u0159eba jakostn\u00ed tlumivky se st\u00e1lou induk\u010dnost\u00ed ur\u010den\u00e9 pro trakci.<\/p>","protected":false},"author":1,"featured_media":0,"parent":918,"menu_order":0,"comment_status":"closed","ping_status":"closed","template":"template-page-builder-no-sidebar.php","meta":{"footnotes":""},"class_list":["post-1081","page","type-page","status-publish","hentry"],"aioseo_notices":[],"_links":{"self":[{"href":"https:\/\/skybergtech.com\/en\/wp-json\/wp\/v2\/pages\/1081","targetHints":{"allow":["GET"]}}],"collection":[{"href":"https:\/\/skybergtech.com\/en\/wp-json\/wp\/v2\/pages"}],"about":[{"href":"https:\/\/skybergtech.com\/en\/wp-json\/wp\/v2\/types\/page"}],"author":[{"embeddable":true,"href":"https:\/\/skybergtech.com\/en\/wp-json\/wp\/v2\/users\/1"}],"replies":[{"embeddable":true,"href":"https:\/\/skybergtech.com\/en\/wp-json\/wp\/v2\/comments?post=1081"}],"version-history":[{"count":6,"href":"https:\/\/skybergtech.com\/en\/wp-json\/wp\/v2\/pages\/1081\/revisions"}],"predecessor-version":[{"id":1908,"href":"https:\/\/skybergtech.com\/en\/wp-json\/wp\/v2\/pages\/1081\/revisions\/1908"}],"up":[{"embeddable":true,"href":"https:\/\/skybergtech.com\/en\/wp-json\/wp\/v2\/pages\/918"}],"wp:attachment":[{"href":"https:\/\/skybergtech.com\/en\/wp-json\/wp\/v2\/media?parent=1081"}],"curies":[{"name":"wp","href":"https:\/\/api.w.org\/{rel}","templated":true}]}}