{"id":1107,"date":"2020-01-25T17:51:45","date_gmt":"2020-01-25T17:51:45","guid":{"rendered":"http:\/\/web.skybergtech.com\/?page_id=1107"},"modified":"2020-07-10T20:50:51","modified_gmt":"2020-07-10T20:50:51","slug":"1f-4-do-40a","status":"publish","type":"page","link":"https:\/\/skybergtech.com\/en\/produkty\/tlumivky\/pro-frekvencni-menice-a-softstartery\/1f-4-do-40a\/","title":{"rendered":"1F 4% do 40A"},"content":{"rendered":"<!-- Flexy Breadcrumb -->\r\n\t\t\t<div class=\"fbc fbc-page\">\r\n\r\n\t\t\t\t<!-- Breadcrumb wrapper -->\r\n\t\t\t\t<div class=\"fbc-wrap\">\r\n\r\n\t\t\t\t\t<!-- Ordered list-->\r\n\t\t\t\t\t<ol class=\"fbc-items\" itemscope itemtype=\"https:\/\/schema.org\/BreadcrumbList\">\r\n\t\t\t\t\t\t            <li itemprop=\"itemListElement\" itemscope itemtype=\"https:\/\/schema.org\/ListItem\">\r\n                <span itemprop=\"name\">\r\n                    <!-- Home Link -->\r\n                    <a itemprop=\"item\" href=\"https:\/\/skybergtech.com\/en\">\r\n                    \r\n                                                    <i class=\"fa fa-home\" aria-hidden=\"true\"><\/i>Home                    <\/a>\r\n                <\/span>\r\n                <meta itemprop=\"position\" content=\"1\" \/><!-- Meta Position-->\r\n             <\/li><li><span class=\"fbc-separator\"> \/ <\/span><\/li><li class=\"active\" itemprop=\"itemListElement\" itemscope itemtype=\"https:\/\/schema.org\/ListItem\"><span itemprop=\"name\" title=\"1F 4% do 40A\">1F 4% do 40A<\/span><meta itemprop=\"position\" content=\"2\" \/><\/li>\t\t\t\t\t<\/ol>\r\n\t\t\t\t\t<div class=\"clearfix\"><\/div>\r\n\t\t\t\t<\/div>\r\n\t\t\t<\/div>\r\n\t\t\t\n\t<h3>\n\t\t\t\t\tChokes\n\t\t\t\t<\/h3>\n\t<h3>\n\t\t\t\t\tSine filters for frequency converters\n\t\t\t\t<\/h3>\n\t<h3>\n\t\t\t\t\t1F 4% to 40A\n\t\t\t\t<\/h3>\n\t<h3>\n\t\t\t\t\tSKYTLT6-5\n\t\t\t\t<\/h3>\n\t\t\t\t<a href=\"http:\/\/skybergtech.com\/wp-content\/uploads\/2020\/06\/23_SINGLE-PHASE-4-CHOKES-FOR-CURRENTS-TO-40-A2.pdf\" target=\"_self\" itemprop=\"url\" rel=\"noopener noreferrer\">\n\t\t\t\t<img loading=\"lazy\" decoding=\"async\" src=\"http:\/\/skybergtech.com\/wp-content\/uploads\/2020\/06\/pdf-logo-2.jpeg\" alt=\"pdf-logo-2\" itemprop=\"image\" height=\"480\" width=\"480\" title=\"pdf-logo-2\" onerror=\"this.style.display='none'\"  \/>\n\t\t\t\t<\/a>\n\t\t\t\t<img decoding=\"async\" src=\"http:\/\/web.skybergtech.com\/wp-content\/uploads\/2020\/03\/SKYTLT25-145-Z_render1.png\" alt=\"SKYTLT25-1,45-Z_render(1)\" itemprop=\"image\" title=\"SKYTLT25-1,45-Z_render(1)\" onerror=\"this.style.display='none'\"  \/>\n\t<h3>\n\t\t\t\t\tSKYTLT10-4\n\t\t\t\t<\/h3>\n\t\t\t\t<a href=\"http:\/\/skybergtech.com\/wp-content\/uploads\/2020\/06\/23_SINGLE-PHASE-4-CHOKES-FOR-CURRENTS-TO-40-A2.pdf\" target=\"_self\" itemprop=\"url\" rel=\"noopener noreferrer\">\n\t\t\t\t<img loading=\"lazy\" decoding=\"async\" src=\"http:\/\/skybergtech.com\/wp-content\/uploads\/2020\/06\/pdf-logo-2.jpeg\" alt=\"pdf-logo-2\" itemprop=\"image\" height=\"480\" width=\"480\" title=\"pdf-logo-2\" onerror=\"this.style.display='none'\"  \/>\n\t\t\t\t<\/a>\n\t<h3>\n\t\t\t\t\tSKYTLT16-2\n\t\t\t\t<\/h3>\n\t\t\t\t<a href=\"http:\/\/skybergtech.com\/wp-content\/uploads\/2020\/06\/23_SINGLE-PHASE-4-CHOKES-FOR-CURRENTS-TO-40-A2.pdf\" target=\"_self\" itemprop=\"url\" rel=\"noopener noreferrer\">\n\t\t\t\t<img loading=\"lazy\" decoding=\"async\" src=\"http:\/\/skybergtech.com\/wp-content\/uploads\/2020\/06\/pdf-logo-2.jpeg\" alt=\"pdf-logo-2\" itemprop=\"image\" height=\"480\" width=\"480\" title=\"pdf-logo-2\" onerror=\"this.style.display='none'\"  \/>\n\t\t\t\t<\/a>\n\t<h3>\n\t\t\t\t\tSKYTLT25-1,45\n\t\t\t\t<\/h3>\n\t\t\t\t<a href=\"http:\/\/skybergtech.com\/wp-content\/uploads\/2020\/06\/23_SINGLE-PHASE-4-CHOKES-FOR-CURRENTS-TO-40-A2.pdf\" target=\"_self\" itemprop=\"url\" rel=\"noopener noreferrer\">\n\t\t\t\t<img loading=\"lazy\" decoding=\"async\" src=\"http:\/\/skybergtech.com\/wp-content\/uploads\/2020\/06\/pdf-logo-2.jpeg\" alt=\"pdf-logo-2\" itemprop=\"image\" height=\"480\" width=\"480\" title=\"pdf-logo-2\" onerror=\"this.style.display='none'\"  \/>\n\t\t\t\t<\/a>\n\t<h3>\n\t\t\t\t\tSKYTLT40-0,8\n\t\t\t\t<\/h3>\n\t\t\t\t<a href=\"http:\/\/skybergtech.com\/wp-content\/uploads\/2020\/06\/23_SINGLE-PHASE-4-CHOKES-FOR-CURRENTS-TO-40-A2.pdf\" target=\"_self\" itemprop=\"url\" rel=\"noopener noreferrer\">\n\t\t\t\t<img loading=\"lazy\" decoding=\"async\" src=\"http:\/\/skybergtech.com\/wp-content\/uploads\/2020\/06\/pdf-logo-2.jpeg\" alt=\"pdf-logo-2\" itemprop=\"image\" height=\"480\" width=\"480\" title=\"pdf-logo-2\" onerror=\"this.style.display='none'\"  \/>\n\t\t\t\t<\/a>","protected":false},"excerpt":{"rendered":"<p>Tlumivky Sinusov\u00e9 filtry pro m\u011bni\u010de kmito\u010dtu 1F 4% DO 40A SKYTLT6-5 SKYTLT10-4 SKYTLT16-2 SKYTLT25-1,45 SKYTLT40-0,8<\/p>","protected":false},"author":1,"featured_media":0,"parent":1077,"menu_order":0,"comment_status":"closed","ping_status":"closed","template":"template-page-builder-no-sidebar.php","meta":{"footnotes":""},"class_list":["post-1107","page","type-page","status-publish","hentry"],"aioseo_notices":[],"_links":{"self":[{"href":"https:\/\/skybergtech.com\/en\/wp-json\/wp\/v2\/pages\/1107","targetHints":{"allow":["GET"]}}],"collection":[{"href":"https:\/\/skybergtech.com\/en\/wp-json\/wp\/v2\/pages"}],"about":[{"href":"https:\/\/skybergtech.com\/en\/wp-json\/wp\/v2\/types\/page"}],"author":[{"embeddable":true,"href":"https:\/\/skybergtech.com\/en\/wp-json\/wp\/v2\/users\/1"}],"replies":[{"embeddable":true,"href":"https:\/\/skybergtech.com\/en\/wp-json\/wp\/v2\/comments?post=1107"}],"version-history":[{"count":7,"href":"https:\/\/skybergtech.com\/en\/wp-json\/wp\/v2\/pages\/1107\/revisions"}],"predecessor-version":[{"id":2489,"href":"https:\/\/skybergtech.com\/en\/wp-json\/wp\/v2\/pages\/1107\/revisions\/2489"}],"up":[{"embeddable":true,"href":"https:\/\/skybergtech.com\/en\/wp-json\/wp\/v2\/pages\/1077"}],"wp:attachment":[{"href":"https:\/\/skybergtech.com\/en\/wp-json\/wp\/v2\/media?parent=1107"}],"curies":[{"name":"wp","href":"https:\/\/api.w.org\/{rel}","templated":true}]}}