{"id":1121,"date":"2020-01-25T18:03:25","date_gmt":"2020-01-25T18:03:25","guid":{"rendered":"http:\/\/web.skybergtech.com\/?page_id=1121"},"modified":"2020-07-10T23:15:30","modified_gmt":"2020-07-10T23:15:30","slug":"rada-2tl","status":"publish","type":"page","link":"https:\/\/skybergtech.com\/en\/produkty\/tlumivky\/jednofazove-a-trifazove-typ-tzs\/rada-2tl\/","title":{"rendered":"Series 2TL"},"content":{"rendered":"<!-- Flexy Breadcrumb -->\r\n\t\t\t<div class=\"fbc fbc-page\">\r\n\r\n\t\t\t\t<!-- Breadcrumb wrapper -->\r\n\t\t\t\t<div class=\"fbc-wrap\">\r\n\r\n\t\t\t\t\t<!-- Ordered list-->\r\n\t\t\t\t\t<ol class=\"fbc-items\" itemscope itemtype=\"https:\/\/schema.org\/BreadcrumbList\">\r\n\t\t\t\t\t\t            <li itemprop=\"itemListElement\" itemscope itemtype=\"https:\/\/schema.org\/ListItem\">\r\n                <span itemprop=\"name\">\r\n                    <!-- Home Link -->\r\n                    <a itemprop=\"item\" href=\"https:\/\/skybergtech.com\/en\">\r\n                    \r\n                                                    <i class=\"fa fa-home\" aria-hidden=\"true\"><\/i>Home                    <\/a>\r\n                <\/span>\r\n                <meta itemprop=\"position\" content=\"1\" \/><!-- Meta Position-->\r\n             <\/li><li><span class=\"fbc-separator\"> \/ <\/span><\/li><li class=\"active\" itemprop=\"itemListElement\" itemscope itemtype=\"https:\/\/schema.org\/ListItem\"><span itemprop=\"name\" title=\"Series 2TL\">Series 2TL<\/span><meta itemprop=\"position\" content=\"2\" \/><\/li>\t\t\t\t\t<\/ol>\r\n\t\t\t\t\t<div class=\"clearfix\"><\/div>\r\n\t\t\t\t<\/div>\r\n\t\t\t<\/div>\r\n\t\t\t\n\t<h3>\n\t\t\t\t\tChokes\n\t\t\t\t<\/h3>\n\t<h3>\n\t\t\t\t\tJednof\u00e1zov\u00e9 a t\u0159\u00edf\u00e1zov\u00e9 &#8211; typ TZS\n\t\t\t\t<\/h3>\n\t<h3>\n\t\t\t\t\tSeries 2TL\n\t\t\t\t<\/h3>\n\t<h3>\n\t\t\t\t\tSKY2TL2-2000\n\t\t\t\t<\/h3>\n\t\t\t\t<a href=\"http:\/\/skybergtech.com\/wp-content\/uploads\/2020\/06\/24_2TL.pdf\" target=\"_self\" itemprop=\"url\" rel=\"noopener noreferrer\">\n\t\t\t\t<img loading=\"lazy\" decoding=\"async\" src=\"http:\/\/skybergtech.com\/wp-content\/uploads\/2020\/06\/pdf-logo-2.jpeg\" alt=\"pdf-logo-2\" itemprop=\"image\" height=\"480\" width=\"480\" title=\"pdf-logo-2\" onerror=\"this.style.display='none'\"  \/>\n\t\t\t\t<\/a>\n\t\t\t\t<img decoding=\"async\" src=\"http:\/\/web.skybergtech.com\/wp-content\/uploads\/2020\/03\/SKY2TL110-27_1.png\" alt=\"SKY2TL110-2,7_(1)\" itemprop=\"image\" title=\"SKY2TL110-2,7_(1)\" onerror=\"this.style.display='none'\"  \/>\n\t<h3>\n\t\t\t\t\tSKY2TL6-1\n\t\t\t\t<\/h3>\n\t\t\t\t<a href=\"http:\/\/skybergtech.com\/wp-content\/uploads\/2020\/06\/24_2TL.pdf\" target=\"_self\" itemprop=\"url\" rel=\"noopener noreferrer\">\n\t\t\t\t<img loading=\"lazy\" decoding=\"async\" src=\"http:\/\/skybergtech.com\/wp-content\/uploads\/2020\/06\/pdf-logo-2.jpeg\" alt=\"pdf-logo-2\" itemprop=\"image\" height=\"480\" width=\"480\" title=\"pdf-logo-2\" onerror=\"this.style.display='none'\"  \/>\n\t\t\t\t<\/a>\n\t<h3>\n\t\t\t\t\tSKY2TL16-2,5\n\t\t\t\t<\/h3>\n\t\t\t\t<a href=\"http:\/\/skybergtech.com\/wp-content\/uploads\/2020\/06\/24_2TL.pdf\" target=\"_self\" itemprop=\"url\" rel=\"noopener noreferrer\">\n\t\t\t\t<img loading=\"lazy\" decoding=\"async\" src=\"http:\/\/skybergtech.com\/wp-content\/uploads\/2020\/06\/pdf-logo-2.jpeg\" alt=\"pdf-logo-2\" itemprop=\"image\" height=\"480\" width=\"480\" title=\"pdf-logo-2\" onerror=\"this.style.display='none'\"  \/>\n\t\t\t\t<\/a>\n\t<h3>\n\t\t\t\t\tSKY2TL20-2\n\t\t\t\t<\/h3>\n\t\t\t\t<a href=\"http:\/\/skybergtech.com\/wp-content\/uploads\/2020\/06\/24_2TL.pdf\" target=\"_self\" itemprop=\"url\" rel=\"noopener noreferrer\">\n\t\t\t\t<img loading=\"lazy\" decoding=\"async\" src=\"http:\/\/skybergtech.com\/wp-content\/uploads\/2020\/06\/pdf-logo-2.jpeg\" alt=\"pdf-logo-2\" itemprop=\"image\" height=\"480\" width=\"480\" title=\"pdf-logo-2\" onerror=\"this.style.display='none'\"  \/>\n\t\t\t\t<\/a>\n\t<h3>\n\t\t\t\t\tSKY2TL110-2,7\n\t\t\t\t<\/h3>\n\t\t\t\t<a href=\"http:\/\/skybergtech.com\/wp-content\/uploads\/2020\/06\/24_2TL.pdf\" target=\"_self\" itemprop=\"url\" rel=\"noopener noreferrer\">\n\t\t\t\t<img loading=\"lazy\" decoding=\"async\" src=\"http:\/\/skybergtech.com\/wp-content\/uploads\/2020\/06\/pdf-logo-2.jpeg\" alt=\"pdf-logo-2\" itemprop=\"image\" height=\"480\" width=\"480\" title=\"pdf-logo-2\" onerror=\"this.style.display='none'\"  \/>\n\t\t\t\t<\/a>\n\t<h3>\n\t\t\t\t\tSKY2TL125-0,004-200kHz\n\t\t\t\t<\/h3>\n\t\t\t\t<a href=\"http:\/\/skybergtech.com\/wp-content\/uploads\/2020\/06\/24_2TL.pdf\" target=\"_self\" itemprop=\"url\" rel=\"noopener noreferrer\">\n\t\t\t\t<img loading=\"lazy\" decoding=\"async\" src=\"http:\/\/skybergtech.com\/wp-content\/uploads\/2020\/06\/pdf-logo-2.jpeg\" alt=\"pdf-logo-2\" itemprop=\"image\" height=\"480\" width=\"480\" title=\"pdf-logo-2\" onerror=\"this.style.display='none'\"  \/>\n\t\t\t\t<\/a>\n\t<h3>\n\t\t\t\t\tSKY2TL240_0,2\n\t\t\t\t<\/h3>\n\t\t\t\t<a href=\"http:\/\/skybergtech.com\/wp-content\/uploads\/2020\/06\/24_2TL.pdf\" target=\"_self\" itemprop=\"url\" rel=\"noopener noreferrer\">\n\t\t\t\t<img loading=\"lazy\" decoding=\"async\" src=\"http:\/\/skybergtech.com\/wp-content\/uploads\/2020\/06\/pdf-logo-2.jpeg\" alt=\"pdf-logo-2\" itemprop=\"image\" height=\"480\" width=\"480\" title=\"pdf-logo-2\" onerror=\"this.style.display='none'\"  \/>\n\t\t\t\t<\/a>\n\t<h3>\n\t\t\t\t\tSKY2TL450-0,015-200Hz\n\t\t\t\t<\/h3>\n\t\t\t\t<a href=\"http:\/\/skybergtech.com\/wp-content\/uploads\/2020\/06\/24_2TL.pdf\" target=\"_self\" itemprop=\"url\" rel=\"noopener noreferrer\">\n\t\t\t\t<img loading=\"lazy\" decoding=\"async\" src=\"http:\/\/skybergtech.com\/wp-content\/uploads\/2020\/06\/pdf-logo-2.jpeg\" alt=\"pdf-logo-2\" itemprop=\"image\" height=\"480\" width=\"480\" title=\"pdf-logo-2\" onerror=\"this.style.display='none'\"  \/>\n\t\t\t\t<\/a>","protected":false},"excerpt":{"rendered":"<p>Tlumivky Jednof\u00e1zov\u00e9 a t\u0159\u00edf\u00e1zov\u00e9 &#8211; typ TZS \u0158ada 2TL SKY2TL2-2000 SKY2TL6-1 SKY2TL16-2,5 SKY2TL20-2 SKY2TL110-2,7 SKY2TL125-0,004-200kHz SKY2TL240_0,2 SKY2TL450-0,015-200Hz<\/p>","protected":false},"author":1,"featured_media":0,"parent":1079,"menu_order":0,"comment_status":"closed","ping_status":"closed","template":"template-page-builder-no-sidebar.php","meta":{"footnotes":""},"class_list":["post-1121","page","type-page","status-publish","hentry"],"aioseo_notices":[],"_links":{"self":[{"href":"https:\/\/skybergtech.com\/en\/wp-json\/wp\/v2\/pages\/1121","targetHints":{"allow":["GET"]}}],"collection":[{"href":"https:\/\/skybergtech.com\/en\/wp-json\/wp\/v2\/pages"}],"about":[{"href":"https:\/\/skybergtech.com\/en\/wp-json\/wp\/v2\/types\/page"}],"author":[{"embeddable":true,"href":"https:\/\/skybergtech.com\/en\/wp-json\/wp\/v2\/users\/1"}],"replies":[{"embeddable":true,"href":"https:\/\/skybergtech.com\/en\/wp-json\/wp\/v2\/comments?post=1121"}],"version-history":[{"count":7,"href":"https:\/\/skybergtech.com\/en\/wp-json\/wp\/v2\/pages\/1121\/revisions"}],"predecessor-version":[{"id":2507,"href":"https:\/\/skybergtech.com\/en\/wp-json\/wp\/v2\/pages\/1121\/revisions\/2507"}],"up":[{"embeddable":true,"href":"https:\/\/skybergtech.com\/en\/wp-json\/wp\/v2\/pages\/1079"}],"wp:attachment":[{"href":"https:\/\/skybergtech.com\/en\/wp-json\/wp\/v2\/media?parent=1121"}],"curies":[{"name":"wp","href":"https:\/\/api.w.org\/{rel}","templated":true}]}}