{"id":1171,"date":"2020-01-26T10:15:07","date_gmt":"2020-01-26T10:15:07","guid":{"rendered":"http:\/\/web.skybergtech.com\/?page_id=1171"},"modified":"2020-07-12T02:06:01","modified_gmt":"2020-07-12T02:06:01","slug":"rada-2tdc","status":"publish","type":"page","link":"https:\/\/skybergtech.com\/en\/produkty\/tlumivky\/stejnosmerne-typ-tzs\/rada-2tdc\/","title":{"rendered":"Series 2TDC"},"content":{"rendered":"<!-- Flexy Breadcrumb -->\r\n\t\t\t<div class=\"fbc fbc-page\">\r\n\r\n\t\t\t\t<!-- Breadcrumb wrapper -->\r\n\t\t\t\t<div class=\"fbc-wrap\">\r\n\r\n\t\t\t\t\t<!-- Ordered list-->\r\n\t\t\t\t\t<ol class=\"fbc-items\" itemscope itemtype=\"https:\/\/schema.org\/BreadcrumbList\">\r\n\t\t\t\t\t\t            <li itemprop=\"itemListElement\" itemscope itemtype=\"https:\/\/schema.org\/ListItem\">\r\n                <span itemprop=\"name\">\r\n                    <!-- Home Link -->\r\n                    <a itemprop=\"item\" href=\"https:\/\/skybergtech.com\/en\">\r\n                    \r\n                                                    <i class=\"fa fa-home\" aria-hidden=\"true\"><\/i>Home                    <\/a>\r\n                <\/span>\r\n                <meta itemprop=\"position\" content=\"1\" \/><!-- Meta Position-->\r\n             <\/li><li><span class=\"fbc-separator\"> \/ <\/span><\/li><li class=\"active\" itemprop=\"itemListElement\" itemscope itemtype=\"https:\/\/schema.org\/ListItem\"><span itemprop=\"name\" title=\"Series 2TDC\">Series 2TDC<\/span><meta itemprop=\"position\" content=\"2\" \/><\/li>\t\t\t\t\t<\/ol>\r\n\t\t\t\t\t<div class=\"clearfix\"><\/div>\r\n\t\t\t\t<\/div>\r\n\t\t\t<\/div>\r\n\t\t\t\n\t<h3>\n\t\t\t\t\tChokes\n\t\t\t\t<\/h3>\n\t<h3>\n\t\t\t\t\tStejnosm\u011brn\u00e9 &#8211; Typ TZS\n\t\t\t\t<\/h3>\n\t<h3>\n\t\t\t\t\tSeries 2TDC\n\t\t\t\t<\/h3>\n\t<h3>\n\t\t\t\t\tSKY2TDC20-2\n\t\t\t\t<\/h3>\n\t\t\t\t<a href=\"http:\/\/skybergtech.com\/wp-content\/uploads\/2020\/06\/29_2TDC-SERIES.pdf\" target=\"_self\" itemprop=\"url\" rel=\"noopener noreferrer\">\n\t\t\t\t<img loading=\"lazy\" decoding=\"async\" src=\"http:\/\/skybergtech.com\/wp-content\/uploads\/2020\/06\/pdf-logo-2.jpeg\" alt=\"pdf-logo-2\" itemprop=\"image\" height=\"480\" width=\"480\" title=\"pdf-logo-2\" onerror=\"this.style.display='none'\"  \/>\n\t\t\t\t<\/a>\n\t\t\t\t<img decoding=\"async\" src=\"http:\/\/web.skybergtech.com\/wp-content\/uploads\/2020\/03\/SKY2TDC133-1_render.png\" alt=\"SKY2TDC133-1_render\" itemprop=\"image\" title=\"SKY2TDC133-1_render\" onerror=\"this.style.display='none'\"  \/>\n\t<h3>\n\t\t\t\t\tSKY2TDC20-2_rev.1\n\t\t\t\t<\/h3>\n\t\t\t\t<a href=\"http:\/\/skybergtech.com\/wp-content\/uploads\/2020\/06\/29_2TDC-SERIES.pdf\" target=\"_self\" itemprop=\"url\" rel=\"noopener noreferrer\">\n\t\t\t\t<img loading=\"lazy\" decoding=\"async\" src=\"http:\/\/skybergtech.com\/wp-content\/uploads\/2020\/06\/pdf-logo-2.jpeg\" alt=\"pdf-logo-2\" itemprop=\"image\" height=\"480\" width=\"480\" title=\"pdf-logo-2\" onerror=\"this.style.display='none'\"  \/>\n\t\t\t\t<\/a>\n\t<h3>\n\t\t\t\t\tSKY2TDC32-0,45\n\t\t\t\t<\/h3>\n\t\t\t\t<a href=\"http:\/\/skybergtech.com\/wp-content\/uploads\/2020\/06\/29_2TDC-SERIES.pdf\" target=\"_self\" itemprop=\"url\" rel=\"noopener noreferrer\">\n\t\t\t\t<img loading=\"lazy\" decoding=\"async\" src=\"http:\/\/skybergtech.com\/wp-content\/uploads\/2020\/06\/pdf-logo-2.jpeg\" alt=\"pdf-logo-2\" itemprop=\"image\" height=\"480\" width=\"480\" title=\"pdf-logo-2\" onerror=\"this.style.display='none'\"  \/>\n\t\t\t\t<\/a>\n\t<h3>\n\t\t\t\t\tSKY2TDC40-3,5\n\t\t\t\t<\/h3>\n\t\t\t\t<a href=\"http:\/\/skybergtech.com\/wp-content\/uploads\/2020\/06\/29_2TDC-SERIES.pdf\" target=\"_self\" itemprop=\"url\" rel=\"noopener noreferrer\">\n\t\t\t\t<img loading=\"lazy\" decoding=\"async\" src=\"http:\/\/skybergtech.com\/wp-content\/uploads\/2020\/06\/pdf-logo-2.jpeg\" alt=\"pdf-logo-2\" itemprop=\"image\" height=\"480\" width=\"480\" title=\"pdf-logo-2\" onerror=\"this.style.display='none'\"  \/>\n\t\t\t\t<\/a>\n\t<h3>\n\t\t\t\t\tSKY2TDC40-3,6\n\t\t\t\t<\/h3>\n\t\t\t\t<a href=\"http:\/\/skybergtech.com\/wp-content\/uploads\/2020\/06\/29_2TDC-SERIES.pdf\" target=\"_self\" itemprop=\"url\" rel=\"noopener noreferrer\">\n\t\t\t\t<img loading=\"lazy\" decoding=\"async\" src=\"http:\/\/skybergtech.com\/wp-content\/uploads\/2020\/06\/pdf-logo-2.jpeg\" alt=\"pdf-logo-2\" itemprop=\"image\" height=\"480\" width=\"480\" title=\"pdf-logo-2\" onerror=\"this.style.display='none'\"  \/>\n\t\t\t\t<\/a>\n\t<h3>\n\t\t\t\t\tSKY2TDC42-0,4-20kHz\n\t\t\t\t<\/h3>\n\t\t\t\t<a href=\"http:\/\/skybergtech.com\/wp-content\/uploads\/2020\/06\/29_2TDC-SERIES.pdf\" target=\"_self\" itemprop=\"url\" rel=\"noopener noreferrer\">\n\t\t\t\t<img loading=\"lazy\" decoding=\"async\" src=\"http:\/\/skybergtech.com\/wp-content\/uploads\/2020\/06\/pdf-logo-2.jpeg\" alt=\"pdf-logo-2\" itemprop=\"image\" height=\"480\" width=\"480\" title=\"pdf-logo-2\" onerror=\"this.style.display='none'\"  \/>\n\t\t\t\t<\/a>\n\t<h3>\n\t\t\t\t\tSKY2TDC50-0,5\n\t\t\t\t<\/h3>\n\t\t\t\t<a href=\"http:\/\/skybergtech.com\/wp-content\/uploads\/2020\/06\/29_2TDC-SERIES.pdf\" target=\"_self\" itemprop=\"url\" rel=\"noopener noreferrer\">\n\t\t\t\t<img loading=\"lazy\" decoding=\"async\" src=\"http:\/\/skybergtech.com\/wp-content\/uploads\/2020\/06\/pdf-logo-2.jpeg\" alt=\"pdf-logo-2\" itemprop=\"image\" height=\"480\" width=\"480\" title=\"pdf-logo-2\" onerror=\"this.style.display='none'\"  \/>\n\t\t\t\t<\/a>\n\t<h3>\n\t\t\t\t\tSKY2TDC50-0,5-62kHz\n\t\t\t\t<\/h3>\n\t\t\t\t<a href=\"http:\/\/skybergtech.com\/wp-content\/uploads\/2020\/06\/29_2TDC-SERIES.pdf\" target=\"_self\" itemprop=\"url\" rel=\"noopener noreferrer\">\n\t\t\t\t<img loading=\"lazy\" decoding=\"async\" src=\"http:\/\/skybergtech.com\/wp-content\/uploads\/2020\/06\/pdf-logo-2.jpeg\" alt=\"pdf-logo-2\" itemprop=\"image\" height=\"480\" width=\"480\" title=\"pdf-logo-2\" onerror=\"this.style.display='none'\"  \/>\n\t\t\t\t<\/a>\n\t\t\t\t<a href=\"http:\/\/skybergtech.com\/wp-content\/uploads\/2020\/06\/29_2TDC-SERIES.pdf\" target=\"_self\" itemprop=\"url\" rel=\"noopener noreferrer\">\n\t\t\t\t<img loading=\"lazy\" decoding=\"async\" src=\"http:\/\/skybergtech.com\/wp-content\/uploads\/2020\/06\/pdf-logo-2.jpeg\" alt=\"pdf-logo-2\" itemprop=\"image\" height=\"480\" width=\"480\" title=\"pdf-logo-2\" onerror=\"this.style.display='none'\"  \/>\n\t\t\t\t<\/a>\n\t<h3>\n\t\t\t\t\tSKY2TDC50-0,5CH\n\t\t\t\t<\/h3>\n\t\t\t\t<a href=\"http:\/\/skybergtech.com\/wp-content\/uploads\/2020\/06\/29_2TDC-SERIES.pdf\" target=\"_self\" itemprop=\"url\" rel=\"noopener noreferrer\">\n\t\t\t\t<img loading=\"lazy\" decoding=\"async\" src=\"http:\/\/skybergtech.com\/wp-content\/uploads\/2020\/06\/pdf-logo-2.jpeg\" alt=\"pdf-logo-2\" itemprop=\"image\" height=\"480\" width=\"480\" title=\"pdf-logo-2\" onerror=\"this.style.display='none'\"  \/>\n\t\t\t\t<\/a>\n\t<h3>\n\t\t\t\t\tSKY2TDC50-0,006-200kHz\n\t\t\t\t<\/h3>\n\t\t\t\t<a href=\"http:\/\/skybergtech.com\/wp-content\/uploads\/2020\/06\/29_2TDC-SERIES.pdf\" target=\"_self\" itemprop=\"url\" rel=\"noopener noreferrer\">\n\t\t\t\t<img loading=\"lazy\" decoding=\"async\" src=\"http:\/\/skybergtech.com\/wp-content\/uploads\/2020\/06\/pdf-logo-2.jpeg\" alt=\"pdf-logo-2\" itemprop=\"image\" height=\"480\" width=\"480\" title=\"pdf-logo-2\" onerror=\"this.style.display='none'\"  \/>\n\t\t\t\t<\/a>\n\t<h3>\n\t\t\t\t\tSKY2TDC65-0,005-200kHz\n\t\t\t\t<\/h3>\n\t\t\t\t<a href=\"http:\/\/skybergtech.com\/wp-content\/uploads\/2020\/06\/29_2TDC-SERIES.pdf\" target=\"_self\" itemprop=\"url\" rel=\"noopener noreferrer\">\n\t\t\t\t<img loading=\"lazy\" decoding=\"async\" src=\"http:\/\/skybergtech.com\/wp-content\/uploads\/2020\/06\/pdf-logo-2.jpeg\" alt=\"pdf-logo-2\" itemprop=\"image\" height=\"480\" width=\"480\" title=\"pdf-logo-2\" onerror=\"this.style.display='none'\"  \/>\n\t\t\t\t<\/a>\n\t<h3>\n\t\t\t\t\tSKY2TDC90-2,7\n\t\t\t\t<\/h3>\n\t\t\t\t<a href=\"http:\/\/skybergtech.com\/wp-content\/uploads\/2020\/06\/29_2TDC-SERIES.pdf\" target=\"_self\" itemprop=\"url\" rel=\"noopener noreferrer\">\n\t\t\t\t<img loading=\"lazy\" decoding=\"async\" src=\"http:\/\/skybergtech.com\/wp-content\/uploads\/2020\/06\/pdf-logo-2.jpeg\" alt=\"pdf-logo-2\" itemprop=\"image\" height=\"480\" width=\"480\" title=\"pdf-logo-2\" onerror=\"this.style.display='none'\"  \/>\n\t\t\t\t<\/a>\n\t<h3>\n\t\t\t\t\tSKY2TDC100-0,6\n\t\t\t\t<\/h3>\n\t\t\t\t<a href=\"http:\/\/skybergtech.com\/wp-content\/uploads\/2020\/06\/29_2TDC-SERIES.pdf\" target=\"_self\" itemprop=\"url\" rel=\"noopener noreferrer\">\n\t\t\t\t<img loading=\"lazy\" decoding=\"async\" src=\"http:\/\/skybergtech.com\/wp-content\/uploads\/2020\/06\/pdf-logo-2.jpeg\" alt=\"pdf-logo-2\" itemprop=\"image\" height=\"480\" width=\"480\" title=\"pdf-logo-2\" onerror=\"this.style.display='none'\"  \/>\n\t\t\t\t<\/a>\n\t<h3>\n\t\t\t\t\tSKY2TDC100-0,18-20_50kHz\n\t\t\t\t<\/h3>\n\t\t\t\t<a href=\"http:\/\/skybergtech.com\/wp-content\/uploads\/2020\/06\/29_2TDC-SERIES.pdf\" target=\"_self\" itemprop=\"url\" rel=\"noopener noreferrer\">\n\t\t\t\t<img loading=\"lazy\" decoding=\"async\" src=\"http:\/\/skybergtech.com\/wp-content\/uploads\/2020\/06\/pdf-logo-2.jpeg\" alt=\"pdf-logo-2\" itemprop=\"image\" height=\"480\" width=\"480\" title=\"pdf-logo-2\" onerror=\"this.style.display='none'\"  \/>\n\t\t\t\t<\/a>\n\t<h3>\n\t\t\t\t\tSKY2TDC100-9,5_B\n\t\t\t\t<\/h3>\n\t\t\t\t<a href=\"http:\/\/skybergtech.com\/wp-content\/uploads\/2020\/06\/29_2TDC-SERIES.pdf\" target=\"_self\" itemprop=\"url\" rel=\"noopener noreferrer\">\n\t\t\t\t<img loading=\"lazy\" decoding=\"async\" src=\"http:\/\/skybergtech.com\/wp-content\/uploads\/2020\/06\/pdf-logo-2.jpeg\" alt=\"pdf-logo-2\" itemprop=\"image\" height=\"480\" width=\"480\" title=\"pdf-logo-2\" onerror=\"this.style.display='none'\"  \/>\n\t\t\t\t<\/a>\n\t<h3>\n\t\t\t\t\tSKY2TDC120-0,4\n\t\t\t\t<\/h3>\n\t\t\t\t<a href=\"http:\/\/skybergtech.com\/wp-content\/uploads\/2020\/06\/29_2TDC-SERIES.pdf\" target=\"_self\" itemprop=\"url\" rel=\"noopener noreferrer\">\n\t\t\t\t<img loading=\"lazy\" decoding=\"async\" src=\"http:\/\/skybergtech.com\/wp-content\/uploads\/2020\/06\/pdf-logo-2.jpeg\" alt=\"pdf-logo-2\" itemprop=\"image\" height=\"480\" width=\"480\" title=\"pdf-logo-2\" onerror=\"this.style.display='none'\"  \/>\n\t\t\t\t<\/a>\n\t<h3>\n\t\t\t\t\tSKY2TDC133-1\n\t\t\t\t<\/h3>\n\t\t\t\t<a href=\"http:\/\/skybergtech.com\/wp-content\/uploads\/2020\/06\/29_2TDC-SERIES.pdf\" target=\"_self\" itemprop=\"url\" rel=\"noopener noreferrer\">\n\t\t\t\t<img loading=\"lazy\" decoding=\"async\" src=\"http:\/\/skybergtech.com\/wp-content\/uploads\/2020\/06\/pdf-logo-2.jpeg\" alt=\"pdf-logo-2\" itemprop=\"image\" height=\"480\" width=\"480\" title=\"pdf-logo-2\" onerror=\"this.style.display='none'\"  \/>\n\t\t\t\t<\/a>\n\t<h3>\n\t\t\t\t\tSKY2TDC140-2\n\t\t\t\t<\/h3>\n\t\t\t\t<a href=\"http:\/\/skybergtech.com\/wp-content\/uploads\/2020\/06\/29_2TDC-SERIES.pdf\" target=\"_self\" itemprop=\"url\" rel=\"noopener noreferrer\">\n\t\t\t\t<img loading=\"lazy\" decoding=\"async\" src=\"http:\/\/skybergtech.com\/wp-content\/uploads\/2020\/06\/pdf-logo-2.jpeg\" alt=\"pdf-logo-2\" itemprop=\"image\" height=\"480\" width=\"480\" title=\"pdf-logo-2\" onerror=\"this.style.display='none'\"  \/>\n\t\t\t\t<\/a>\n\t<h3>\n\t\t\t\t\tSKY2TDC150-0,01-60kHz\n\t\t\t\t<\/h3>\n\t\t\t\t<a href=\"http:\/\/skybergtech.com\/wp-content\/uploads\/2020\/06\/29_2TDC-SERIES.pdf\" target=\"_self\" itemprop=\"url\" rel=\"noopener noreferrer\">\n\t\t\t\t<img loading=\"lazy\" decoding=\"async\" src=\"http:\/\/skybergtech.com\/wp-content\/uploads\/2020\/06\/pdf-logo-2.jpeg\" alt=\"pdf-logo-2\" itemprop=\"image\" height=\"480\" width=\"480\" title=\"pdf-logo-2\" onerror=\"this.style.display='none'\"  \/>\n\t\t\t\t<\/a>\n\t<h3>\n\t\t\t\t\tSKY2TDC150-1,5-5kHz\n\t\t\t\t<\/h3>\n\t\t\t\t<a href=\"http:\/\/skybergtech.com\/wp-content\/uploads\/2020\/06\/29_2TDC-SERIES.pdf\" target=\"_self\" itemprop=\"url\" rel=\"noopener noreferrer\">\n\t\t\t\t<img loading=\"lazy\" decoding=\"async\" src=\"http:\/\/skybergtech.com\/wp-content\/uploads\/2020\/06\/pdf-logo-2.jpeg\" alt=\"pdf-logo-2\" itemprop=\"image\" height=\"480\" width=\"480\" title=\"pdf-logo-2\" onerror=\"this.style.display='none'\"  \/>\n\t\t\t\t<\/a>\n\t<h3>\n\t\t\t\t\tSKY2TDC180-0,2\n\t\t\t\t<\/h3>\n\t\t\t\t<a href=\"http:\/\/skybergtech.com\/wp-content\/uploads\/2020\/06\/29_2TDC-SERIES.pdf\" target=\"_self\" itemprop=\"url\" rel=\"noopener noreferrer\">\n\t\t\t\t<img loading=\"lazy\" decoding=\"async\" src=\"http:\/\/skybergtech.com\/wp-content\/uploads\/2020\/06\/pdf-logo-2.jpeg\" alt=\"pdf-logo-2\" itemprop=\"image\" height=\"480\" width=\"480\" title=\"pdf-logo-2\" onerror=\"this.style.display='none'\"  \/>\n\t\t\t\t<\/a>\n\t<h3>\n\t\t\t\t\tSKY2TDC180-0,4\n\t\t\t\t<\/h3>\n\t\t\t\t<a href=\"http:\/\/skybergtech.com\/wp-content\/uploads\/2020\/06\/29_2TDC-SERIES.pdf\" target=\"_self\" itemprop=\"url\" rel=\"noopener noreferrer\">\n\t\t\t\t<img loading=\"lazy\" decoding=\"async\" src=\"http:\/\/skybergtech.com\/wp-content\/uploads\/2020\/06\/pdf-logo-2.jpeg\" alt=\"pdf-logo-2\" itemprop=\"image\" height=\"480\" width=\"480\" title=\"pdf-logo-2\" onerror=\"this.style.display='none'\"  \/>\n\t\t\t\t<\/a>\n\t<h3>\n\t\t\t\t\tSKY2TDC180-0,76\n\t\t\t\t<\/h3>\n\t\t\t\t<a href=\"http:\/\/skybergtech.com\/wp-content\/uploads\/2020\/06\/29_2TDC-SERIES.pdf\" target=\"_self\" itemprop=\"url\" rel=\"noopener noreferrer\">\n\t\t\t\t<img loading=\"lazy\" decoding=\"async\" src=\"http:\/\/skybergtech.com\/wp-content\/uploads\/2020\/06\/pdf-logo-2.jpeg\" alt=\"pdf-logo-2\" itemprop=\"image\" height=\"480\" width=\"480\" title=\"pdf-logo-2\" onerror=\"this.style.display='none'\"  \/>\n\t\t\t\t<\/a>\n\t<h3>\n\t\t\t\t\tSKY2TDC180-1\n\t\t\t\t<\/h3>\n\t\t\t\t<a href=\"http:\/\/skybergtech.com\/wp-content\/uploads\/2020\/06\/29_2TDC-SERIES.pdf\" target=\"_self\" itemprop=\"url\" rel=\"noopener noreferrer\">\n\t\t\t\t<img loading=\"lazy\" decoding=\"async\" src=\"http:\/\/skybergtech.com\/wp-content\/uploads\/2020\/06\/pdf-logo-2.jpeg\" alt=\"pdf-logo-2\" itemprop=\"image\" height=\"480\" width=\"480\" title=\"pdf-logo-2\" onerror=\"this.style.display='none'\"  \/>\n\t\t\t\t<\/a>\n\t<h3>\n\t\t\t\t\tSKY2TDC200-0,3\n\t\t\t\t<\/h3>\n\t\t\t\t<a href=\"http:\/\/skybergtech.com\/wp-content\/uploads\/2020\/06\/29_2TDC-SERIES.pdf\" target=\"_self\" itemprop=\"url\" rel=\"noopener noreferrer\">\n\t\t\t\t<img loading=\"lazy\" decoding=\"async\" src=\"http:\/\/skybergtech.com\/wp-content\/uploads\/2020\/06\/pdf-logo-2.jpeg\" alt=\"pdf-logo-2\" itemprop=\"image\" height=\"480\" width=\"480\" title=\"pdf-logo-2\" onerror=\"this.style.display='none'\"  \/>\n\t\t\t\t<\/a>\n\t<h3>\n\t\t\t\t\tSKY2TDC250-0,1-40kHz_Rev.1\n\t\t\t\t<\/h3>\n\t\t\t\t<a href=\"http:\/\/skybergtech.com\/wp-content\/uploads\/2020\/06\/29_2TDC-SERIES.pdf\" target=\"_self\" itemprop=\"url\" rel=\"noopener noreferrer\">\n\t\t\t\t<img loading=\"lazy\" decoding=\"async\" src=\"http:\/\/skybergtech.com\/wp-content\/uploads\/2020\/06\/pdf-logo-2.jpeg\" alt=\"pdf-logo-2\" itemprop=\"image\" height=\"480\" width=\"480\" title=\"pdf-logo-2\" onerror=\"this.style.display='none'\"  \/>\n\t\t\t\t<\/a>\n\t<h3>\n\t\t\t\t\tSKY2TDC250-0,15\n\t\t\t\t<\/h3>\n\t\t\t\t<a href=\"http:\/\/skybergtech.com\/wp-content\/uploads\/2020\/06\/29_2TDC-SERIES.pdf\" target=\"_self\" itemprop=\"url\" rel=\"noopener noreferrer\">\n\t\t\t\t<img loading=\"lazy\" decoding=\"async\" src=\"http:\/\/skybergtech.com\/wp-content\/uploads\/2020\/06\/pdf-logo-2.jpeg\" alt=\"pdf-logo-2\" itemprop=\"image\" height=\"480\" width=\"480\" title=\"pdf-logo-2\" onerror=\"this.style.display='none'\"  \/>\n\t\t\t\t<\/a>\n\t<h3>\n\t\t\t\t\tSKY2TDC250-2\n\t\t\t\t<\/h3>\n\t\t\t\t<a href=\"http:\/\/skybergtech.com\/wp-content\/uploads\/2020\/06\/29_2TDC-SERIES.pdf\" target=\"_self\" itemprop=\"url\" rel=\"noopener noreferrer\">\n\t\t\t\t<img loading=\"lazy\" decoding=\"async\" src=\"http:\/\/skybergtech.com\/wp-content\/uploads\/2020\/06\/pdf-logo-2.jpeg\" alt=\"pdf-logo-2\" itemprop=\"image\" height=\"480\" width=\"480\" title=\"pdf-logo-2\" onerror=\"this.style.display='none'\"  \/>\n\t\t\t\t<\/a>\n\t<h3>\n\t\t\t\t\tSKY2TDC280-0,2\n\t\t\t\t<\/h3>\n\t\t\t\t<a href=\"http:\/\/skybergtech.com\/wp-content\/uploads\/2020\/06\/29_2TDC-SERIES.pdf\" target=\"_self\" itemprop=\"url\" rel=\"noopener noreferrer\">\n\t\t\t\t<img loading=\"lazy\" decoding=\"async\" src=\"http:\/\/skybergtech.com\/wp-content\/uploads\/2020\/06\/pdf-logo-2.jpeg\" alt=\"pdf-logo-2\" itemprop=\"image\" height=\"480\" width=\"480\" title=\"pdf-logo-2\" onerror=\"this.style.display='none'\"  \/>\n\t\t\t\t<\/a>\n\t<h3>\n\t\t\t\t\tSKY2TDC300-0,36\n\t\t\t\t<\/h3>\n\t\t\t\t<a href=\"http:\/\/skybergtech.com\/wp-content\/uploads\/2020\/06\/29_2TDC-SERIES.pdf\" target=\"_self\" itemprop=\"url\" rel=\"noopener noreferrer\">\n\t\t\t\t<img loading=\"lazy\" decoding=\"async\" src=\"http:\/\/skybergtech.com\/wp-content\/uploads\/2020\/06\/pdf-logo-2.jpeg\" alt=\"pdf-logo-2\" itemprop=\"image\" height=\"480\" width=\"480\" title=\"pdf-logo-2\" onerror=\"this.style.display='none'\"  \/>\n\t\t\t\t<\/a>\n\t<h3>\n\t\t\t\t\tSKY2TDC300-1,2A\n\t\t\t\t<\/h3>\n\t\t\t\t<a href=\"http:\/\/skybergtech.com\/wp-content\/uploads\/2020\/06\/29_2TDC-SERIES.pdf\" target=\"_self\" itemprop=\"url\" rel=\"noopener noreferrer\">\n\t\t\t\t<img loading=\"lazy\" decoding=\"async\" src=\"http:\/\/skybergtech.com\/wp-content\/uploads\/2020\/06\/pdf-logo-2.jpeg\" alt=\"pdf-logo-2\" itemprop=\"image\" height=\"480\" width=\"480\" title=\"pdf-logo-2\" onerror=\"this.style.display='none'\"  \/>\n\t\t\t\t<\/a>\n\t<h3>\n\t\t\t\t\tSKY2TDC300-1,2A_rev.1\n\t\t\t\t<\/h3>\n\t\t\t\t<a href=\"http:\/\/skybergtech.com\/wp-content\/uploads\/2020\/06\/29_2TDC-SERIES.pdf\" target=\"_self\" itemprop=\"url\" rel=\"noopener noreferrer\">\n\t\t\t\t<img loading=\"lazy\" decoding=\"async\" src=\"http:\/\/skybergtech.com\/wp-content\/uploads\/2020\/06\/pdf-logo-2.jpeg\" alt=\"pdf-logo-2\" itemprop=\"image\" height=\"480\" width=\"480\" title=\"pdf-logo-2\" onerror=\"this.style.display='none'\"  \/>\n\t\t\t\t<\/a>\n\t<h3>\n\t\t\t\t\tSKY2TDC320-1,2A\n\t\t\t\t<\/h3>\n\t\t\t\t<a href=\"http:\/\/skybergtech.com\/wp-content\/uploads\/2020\/06\/29_2TDC-SERIES.pdf\" target=\"_self\" itemprop=\"url\" rel=\"noopener noreferrer\">\n\t\t\t\t<img loading=\"lazy\" decoding=\"async\" src=\"http:\/\/skybergtech.com\/wp-content\/uploads\/2020\/06\/pdf-logo-2.jpeg\" alt=\"pdf-logo-2\" itemprop=\"image\" height=\"480\" width=\"480\" title=\"pdf-logo-2\" onerror=\"this.style.display='none'\"  \/>\n\t\t\t\t<\/a>\n\t<h3>\n\t\t\t\t\tSKY2TDC320-1,2A_rev.1\n\t\t\t\t<\/h3>\n\t\t\t\t<a href=\"http:\/\/skybergtech.com\/wp-content\/uploads\/2020\/06\/29_2TDC-SERIES.pdf\" target=\"_self\" itemprop=\"url\" rel=\"noopener noreferrer\">\n\t\t\t\t<img loading=\"lazy\" decoding=\"async\" src=\"http:\/\/skybergtech.com\/wp-content\/uploads\/2020\/06\/pdf-logo-2.jpeg\" alt=\"pdf-logo-2\" itemprop=\"image\" height=\"480\" width=\"480\" title=\"pdf-logo-2\" onerror=\"this.style.display='none'\"  \/>\n\t\t\t\t<\/a>\n\t<h3>\n\t\t\t\t\tSKY2TDC320-1,2A_rev.2\n\t\t\t\t<\/h3>\n\t\t\t\t<a href=\"http:\/\/skybergtech.com\/wp-content\/uploads\/2020\/06\/29_2TDC-SERIES.pdf\" target=\"_self\" itemprop=\"url\" rel=\"noopener noreferrer\">\n\t\t\t\t<img loading=\"lazy\" decoding=\"async\" src=\"http:\/\/skybergtech.com\/wp-content\/uploads\/2020\/06\/pdf-logo-2.jpeg\" alt=\"pdf-logo-2\" itemprop=\"image\" height=\"480\" width=\"480\" title=\"pdf-logo-2\" onerror=\"this.style.display='none'\"  \/>\n\t\t\t\t<\/a>\n\t<h3>\n\t\t\t\t\tSKY2TDC560-0,2-3kHz\n\t\t\t\t<\/h3>\n\t\t\t\t<a href=\"http:\/\/skybergtech.com\/wp-content\/uploads\/2020\/06\/29_2TDC-SERIES.pdf\" target=\"_self\" itemprop=\"url\" rel=\"noopener noreferrer\">\n\t\t\t\t<img loading=\"lazy\" decoding=\"async\" src=\"http:\/\/skybergtech.com\/wp-content\/uploads\/2020\/06\/pdf-logo-2.jpeg\" alt=\"pdf-logo-2\" itemprop=\"image\" height=\"480\" width=\"480\" title=\"pdf-logo-2\" onerror=\"this.style.display='none'\"  \/>\n\t\t\t\t<\/a>\n\t<h3>\n\t\t\t\t\tSKY2TDC600-0,1\n\t\t\t\t<\/h3>\n\t\t\t\t<a href=\"http:\/\/skybergtech.com\/wp-content\/uploads\/2020\/06\/29_2TDC-SERIES.pdf\" target=\"_self\" itemprop=\"url\" rel=\"noopener noreferrer\">\n\t\t\t\t<img loading=\"lazy\" decoding=\"async\" src=\"http:\/\/skybergtech.com\/wp-content\/uploads\/2020\/06\/pdf-logo-2.jpeg\" alt=\"pdf-logo-2\" itemprop=\"image\" height=\"480\" width=\"480\" title=\"pdf-logo-2\" onerror=\"this.style.display='none'\"  \/>\n\t\t\t\t<\/a>\n\t<h3>\n\t\t\t\t\tSKY2TDC620-1,3\n\t\t\t\t<\/h3>\n\t\t\t\t<a href=\"http:\/\/skybergtech.com\/wp-content\/uploads\/2020\/06\/29_2TDC-SERIES.pdf\" target=\"_self\" itemprop=\"url\" rel=\"noopener noreferrer\">\n\t\t\t\t<img loading=\"lazy\" decoding=\"async\" src=\"http:\/\/skybergtech.com\/wp-content\/uploads\/2020\/06\/pdf-logo-2.jpeg\" alt=\"pdf-logo-2\" itemprop=\"image\" height=\"480\" width=\"480\" title=\"pdf-logo-2\" onerror=\"this.style.display='none'\"  \/>\n\t\t\t\t<\/a>\n\t<h3>\n\t\t\t\t\tSKY2TDC900-0,9_A\n\t\t\t\t<\/h3>\n\t\t\t\t<a href=\"http:\/\/skybergtech.com\/wp-content\/uploads\/2020\/06\/29_2TDC-SERIES.pdf\" target=\"_self\" itemprop=\"url\" rel=\"noopener noreferrer\">\n\t\t\t\t<img loading=\"lazy\" decoding=\"async\" src=\"http:\/\/skybergtech.com\/wp-content\/uploads\/2020\/06\/pdf-logo-2.jpeg\" alt=\"pdf-logo-2\" itemprop=\"image\" height=\"480\" width=\"480\" title=\"pdf-logo-2\" onerror=\"this.style.display='none'\"  \/>\n\t\t\t\t<\/a>\n\t<h3>\n\t\t\t\t\tSKY2TDC1200-0,045\n\t\t\t\t<\/h3>\n\t\t\t\t<a href=\"http:\/\/skybergtech.com\/wp-content\/uploads\/2020\/06\/29_2TDC-SERIES.pdf\" target=\"_self\" itemprop=\"url\" rel=\"noopener noreferrer\">\n\t\t\t\t<img loading=\"lazy\" decoding=\"async\" src=\"http:\/\/skybergtech.com\/wp-content\/uploads\/2020\/06\/pdf-logo-2.jpeg\" alt=\"pdf-logo-2\" itemprop=\"image\" height=\"480\" width=\"480\" title=\"pdf-logo-2\" onerror=\"this.style.display='none'\"  \/>\n\t\t\t\t<\/a>\n\t<h3>\n\t\t\t\t\tSKY2TDC-PKT20-0,8+2\n\t\t\t\t<\/h3>\n\t\t\t\t<a href=\"http:\/\/skybergtech.com\/wp-content\/uploads\/2020\/06\/29_2TDC-SERIES.pdf\" target=\"_self\" itemprop=\"url\" rel=\"noopener noreferrer\">\n\t\t\t\t<img loading=\"lazy\" decoding=\"async\" src=\"http:\/\/skybergtech.com\/wp-content\/uploads\/2020\/06\/pdf-logo-2.jpeg\" alt=\"pdf-logo-2\" itemprop=\"image\" height=\"480\" width=\"480\" title=\"pdf-logo-2\" onerror=\"this.style.display='none'\"  \/>\n\t\t\t\t<\/a>\n\t<h3>\n\t\t\t\t\tSKY2TDC-PKT20-0,8+2 rev.1\n\t\t\t\t<\/h3>\n\t\t\t\t<a href=\"http:\/\/skybergtech.com\/wp-content\/uploads\/2020\/06\/29_2TDC-SERIES.pdf\" target=\"_self\" itemprop=\"url\" rel=\"noopener noreferrer\">\n\t\t\t\t<img loading=\"lazy\" decoding=\"async\" src=\"http:\/\/skybergtech.com\/wp-content\/uploads\/2020\/06\/pdf-logo-2.jpeg\" alt=\"pdf-logo-2\" itemprop=\"image\" height=\"480\" width=\"480\" title=\"pdf-logo-2\" onerror=\"this.style.display='none'\"  \/>\n\t\t\t\t<\/a>","protected":false},"excerpt":{"rendered":"<p>Tlumivky Stejnosm\u011brn\u00e9 &#8211; Typ TZS \u0158ada 2TDC SKY2TDC20-2 SKY2TDC20-2_rev.1 SKY2TDC32-0,45 SKY2TDC40-3,5 SKY2TDC40-3,6 SKY2TDC42-0,4-20kHz SKY2TDC50-0,5 SKY2TDC50-0,5-62kHz SKY2TDC50-0,5CH SKY2TDC50-0,006-200kHz SKY2TDC65-0,005-200kHz SKY2TDC90-2,7 SKY2TDC100-0,6 SKY2TDC100-0,18-20_50kHz SKY2TDC100-9,5_B SKY2TDC120-0,4 SKY2TDC133-1 SKY2TDC140-2 SKY2TDC150-0,01-60kHz SKY2TDC150-1,5-5kHz SKY2TDC180-0,2 SKY2TDC180-0,4 SKY2TDC180-0,76 SKY2TDC180-1 SKY2TDC200-0,3 SKY2TDC250-0,1-40kHz_Rev.1 SKY2TDC250-0,15 SKY2TDC250-2 SKY2TDC280-0,2 SKY2TDC300-0,36 SKY2TDC300-1,2A SKY2TDC300-1,2A_rev.1 SKY2TDC320-1,2A SKY2TDC320-1,2A_rev.1 SKY2TDC320-1,2A_rev.2 SKY2TDC560-0,2-3kHz SKY2TDC600-0,1 SKY2TDC620-1,3 SKY2TDC900-0,9_A SKY2TDC1200-0,045 SKY2TDC-PKT20-0,8+2 SKY2TDC-PKT20-0,8+2 rev.1<\/p>","protected":false},"author":1,"featured_media":0,"parent":1080,"menu_order":0,"comment_status":"closed","ping_status":"closed","template":"template-page-builder-no-sidebar.php","meta":{"footnotes":""},"class_list":["post-1171","page","type-page","status-publish","hentry"],"aioseo_notices":[],"_links":{"self":[{"href":"https:\/\/skybergtech.com\/en\/wp-json\/wp\/v2\/pages\/1171","targetHints":{"allow":["GET"]}}],"collection":[{"href":"https:\/\/skybergtech.com\/en\/wp-json\/wp\/v2\/pages"}],"about":[{"href":"https:\/\/skybergtech.com\/en\/wp-json\/wp\/v2\/types\/page"}],"author":[{"embeddable":true,"href":"https:\/\/skybergtech.com\/en\/wp-json\/wp\/v2\/users\/1"}],"replies":[{"embeddable":true,"href":"https:\/\/skybergtech.com\/en\/wp-json\/wp\/v2\/comments?post=1171"}],"version-history":[{"count":6,"href":"https:\/\/skybergtech.com\/en\/wp-json\/wp\/v2\/pages\/1171\/revisions"}],"predecessor-version":[{"id":2551,"href":"https:\/\/skybergtech.com\/en\/wp-json\/wp\/v2\/pages\/1171\/revisions\/2551"}],"up":[{"embeddable":true,"href":"https:\/\/skybergtech.com\/en\/wp-json\/wp\/v2\/pages\/1080"}],"wp:attachment":[{"href":"https:\/\/skybergtech.com\/en\/wp-json\/wp\/v2\/media?parent=1171"}],"curies":[{"name":"wp","href":"https:\/\/api.w.org\/{rel}","templated":true}]}}