{"id":1275,"date":"2020-01-31T20:55:39","date_gmt":"2020-01-31T20:55:39","guid":{"rendered":"http:\/\/web.skybergtech.com\/?page_id=1275"},"modified":"2020-04-01T04:43:09","modified_gmt":"2020-04-01T04:43:09","slug":"transformatory","status":"publish","type":"page","link":"https:\/\/skybergtech.com\/en\/produkty\/transformatory\/","title":{"rendered":"Transform\u00e1tory"},"content":{"rendered":"<!-- Flexy Breadcrumb -->\r\n\t\t\t<div class=\"fbc fbc-page\">\r\n\r\n\t\t\t\t<!-- Breadcrumb wrapper -->\r\n\t\t\t\t<div class=\"fbc-wrap\">\r\n\r\n\t\t\t\t\t<!-- Ordered list-->\r\n\t\t\t\t\t<ol class=\"fbc-items\" itemscope itemtype=\"https:\/\/schema.org\/BreadcrumbList\">\r\n\t\t\t\t\t\t            <li itemprop=\"itemListElement\" itemscope itemtype=\"https:\/\/schema.org\/ListItem\">\r\n                <span itemprop=\"name\">\r\n                    <!-- Home Link -->\r\n                    <a itemprop=\"item\" href=\"https:\/\/skybergtech.com\/en\">\r\n                    \r\n                                                    <i class=\"fa fa-home\" aria-hidden=\"true\"><\/i>Home                    <\/a>\r\n                <\/span>\r\n                <meta itemprop=\"position\" content=\"1\" \/><!-- Meta Position-->\r\n             <\/li><li><span class=\"fbc-separator\"> \/ <\/span><\/li><li class=\"active\" itemprop=\"itemListElement\" itemscope itemtype=\"https:\/\/schema.org\/ListItem\"><span itemprop=\"name\" title=\"Transform\u00e1tory\">Transform\u00e1tory<\/span><meta itemprop=\"position\" content=\"2\" \/><\/li>\t\t\t\t\t<\/ol>\r\n\t\t\t\t\t<div class=\"clearfix\"><\/div>\r\n\t\t\t\t<\/div>\r\n\t\t\t<\/div>\r\n\t\t\t\n\t<h3>\n\t\t\t\t\tHF TRANSFORMERS\n\t\t\t\t<\/h3>\n\t<p><img loading=\"lazy\" decoding=\"async\" src=\"http:\/\/web.skybergtech.com\/wp-content\/uploads\/2020\/04\/SKYVFTR200-1500-1500-6kHz-1024x563.png\" alt=\"\" width=\"640\" height=\"352\" \/>Our single-phase high-frequency transformers have an operating frequency between 1 kHz and 200 kHz, very high efficiency - low power dissipation and compact dimensions. They are used as part of power pulse sources. Mostly it is a tightening construction, or the transformer is stored in a box encapsulated in a special material.<\/p>","protected":false},"excerpt":{"rendered":"<p>Vysokofrekven\u010dn\u00ed Transform\u00e1tory Na\u0161e jednof\u00e1zov\u00e9 vysokofrekven\u010dn\u00ed transform\u00e1tory disponuj\u00ed pracovn\u00edm kmito\u010dtem mezi 1 kHz a 200 kHz, velmi vysokou \u00fa\u010dinnost\u00ed \u2013 n\u00edzk\u00fdm ztr\u00e1tov\u00fdm v\u00fdkonem a kompaktn\u00edmi rozm\u011bry. Pou\u017e\u00edvaj\u00ed se jako sou\u010d\u00e1st v\u00fdkonov\u00fdch pulzn\u00edch zdroj\u016f. V\u011bt\u0161inou se jedn\u00e1 o stahovac\u00ed konstrukci, nebo je transform\u00e1tor ulo\u017een do krabice zalit\u00e9 speci\u00e1ln\u00ed hmotou.<\/p>","protected":false},"author":1,"featured_media":0,"parent":270,"menu_order":0,"comment_status":"closed","ping_status":"closed","template":"template-page-builder-no-sidebar.php","meta":{"footnotes":""},"class_list":["post-1275","page","type-page","status-publish","hentry"],"aioseo_notices":[],"_links":{"self":[{"href":"https:\/\/skybergtech.com\/en\/wp-json\/wp\/v2\/pages\/1275","targetHints":{"allow":["GET"]}}],"collection":[{"href":"https:\/\/skybergtech.com\/en\/wp-json\/wp\/v2\/pages"}],"about":[{"href":"https:\/\/skybergtech.com\/en\/wp-json\/wp\/v2\/types\/page"}],"author":[{"embeddable":true,"href":"https:\/\/skybergtech.com\/en\/wp-json\/wp\/v2\/users\/1"}],"replies":[{"embeddable":true,"href":"https:\/\/skybergtech.com\/en\/wp-json\/wp\/v2\/comments?post=1275"}],"version-history":[{"count":8,"href":"https:\/\/skybergtech.com\/en\/wp-json\/wp\/v2\/pages\/1275\/revisions"}],"predecessor-version":[{"id":1958,"href":"https:\/\/skybergtech.com\/en\/wp-json\/wp\/v2\/pages\/1275\/revisions\/1958"}],"up":[{"embeddable":true,"href":"https:\/\/skybergtech.com\/en\/wp-json\/wp\/v2\/pages\/270"}],"wp:attachment":[{"href":"https:\/\/skybergtech.com\/en\/wp-json\/wp\/v2\/media?parent=1275"}],"curies":[{"name":"wp","href":"https:\/\/api.w.org\/{rel}","templated":true}]}}