{"id":1318,"date":"2020-01-31T22:22:57","date_gmt":"2020-01-31T22:22:57","guid":{"rendered":"http:\/\/web.skybergtech.com\/?page_id=1318"},"modified":"2020-04-01T04:48:44","modified_gmt":"2020-04-01T04:48:44","slug":"filtry-du-dt","status":"publish","type":"page","link":"https:\/\/skybergtech.com\/en\/produkty\/filtry-du-dt\/","title":{"rendered":"Filters DU\/DT"},"content":{"rendered":"<!-- Flexy Breadcrumb -->\r\n\t\t\t<div class=\"fbc fbc-page\">\r\n\r\n\t\t\t\t<!-- Breadcrumb wrapper -->\r\n\t\t\t\t<div class=\"fbc-wrap\">\r\n\r\n\t\t\t\t\t<!-- Ordered list-->\r\n\t\t\t\t\t<ol class=\"fbc-items\" itemscope itemtype=\"https:\/\/schema.org\/BreadcrumbList\">\r\n\t\t\t\t\t\t            <li itemprop=\"itemListElement\" itemscope itemtype=\"https:\/\/schema.org\/ListItem\">\r\n                <span itemprop=\"name\">\r\n                    <!-- Home Link -->\r\n                    <a itemprop=\"item\" href=\"https:\/\/skybergtech.com\/en\">\r\n                    \r\n                                                    <i class=\"fa fa-home\" aria-hidden=\"true\"><\/i>Home                    <\/a>\r\n                <\/span>\r\n                <meta itemprop=\"position\" content=\"1\" \/><!-- Meta Position-->\r\n             <\/li><li><span class=\"fbc-separator\"> \/ <\/span><\/li><li class=\"active\" itemprop=\"itemListElement\" itemscope itemtype=\"https:\/\/schema.org\/ListItem\"><span itemprop=\"name\" title=\"Filters DU\/DT\">Filters DU\/DT<\/span><meta itemprop=\"position\" content=\"2\" \/><\/li>\t\t\t\t\t<\/ol>\r\n\t\t\t\t\t<div class=\"clearfix\"><\/div>\r\n\t\t\t\t<\/div>\r\n\t\t\t<\/div>\r\n\t\t\t\n\t<h3>\n\t\t\t\t\tFilters DU\/DT\n\t\t\t\t<\/h3>\n\t<p><img loading=\"lazy\" decoding=\"async\" src=\"http:\/\/web.skybergtech.com\/wp-content\/uploads\/2020\/04\/SKY3TLDUDT1000-1024x563.png\" alt=\"\" width=\"640\" height=\"352\" \/>DU - DT filters are used to limit the steepness of the voltage rise at the terminals of the appliance (motor) and reduces the magnitude of electromagnetic radiation. They are used in places where there is a large distance between the inverter and the motor.<\/p>","protected":false},"excerpt":{"rendered":"<p>Filtry DU \/ DT Filtry DU \u2013 DT slou\u017e\u00ed k omezen\u00ed strmosti n\u00e1r\u016fstu nap\u011bt\u00ed na svork\u00e1ch spot\u0159ebi\u010de (motoru) a zmen\u0161uje velikost elektromagnetick\u00e9ho vyza\u0159ov\u00e1n\u00ed. Pou\u017e\u00edvaj\u00ed se v m\u00edstech, kde je velk\u00e1 vzd\u00e1lenost mezi m\u011bni\u010dem a motorem.<\/p>","protected":false},"author":1,"featured_media":0,"parent":270,"menu_order":0,"comment_status":"closed","ping_status":"closed","template":"template-page-builder-no-sidebar.php","meta":{"footnotes":""},"class_list":["post-1318","page","type-page","status-publish","hentry"],"aioseo_notices":[],"_links":{"self":[{"href":"https:\/\/skybergtech.com\/en\/wp-json\/wp\/v2\/pages\/1318","targetHints":{"allow":["GET"]}}],"collection":[{"href":"https:\/\/skybergtech.com\/en\/wp-json\/wp\/v2\/pages"}],"about":[{"href":"https:\/\/skybergtech.com\/en\/wp-json\/wp\/v2\/types\/page"}],"author":[{"embeddable":true,"href":"https:\/\/skybergtech.com\/en\/wp-json\/wp\/v2\/users\/1"}],"replies":[{"embeddable":true,"href":"https:\/\/skybergtech.com\/en\/wp-json\/wp\/v2\/comments?post=1318"}],"version-history":[{"count":5,"href":"https:\/\/skybergtech.com\/en\/wp-json\/wp\/v2\/pages\/1318\/revisions"}],"predecessor-version":[{"id":1969,"href":"https:\/\/skybergtech.com\/en\/wp-json\/wp\/v2\/pages\/1318\/revisions\/1969"}],"up":[{"embeddable":true,"href":"https:\/\/skybergtech.com\/en\/wp-json\/wp\/v2\/pages\/270"}],"wp:attachment":[{"href":"https:\/\/skybergtech.com\/en\/wp-json\/wp\/v2\/media?parent=1318"}],"curies":[{"name":"wp","href":"https:\/\/api.w.org\/{rel}","templated":true}]}}