{"id":1330,"date":"2020-01-31T22:46:51","date_gmt":"2020-01-31T22:46:51","guid":{"rendered":"http:\/\/web.skybergtech.com\/?page_id=1330"},"modified":"2020-04-01T04:50:39","modified_gmt":"2020-04-01T04:50:39","slug":"svodice-prepeti","status":"publish","type":"page","link":"https:\/\/skybergtech.com\/en\/produkty\/svodice-prepeti\/","title":{"rendered":"Surge voltage protectors"},"content":{"rendered":"<!-- Flexy Breadcrumb -->\r\n\t\t\t<div class=\"fbc fbc-page\">\r\n\r\n\t\t\t\t<!-- Breadcrumb wrapper -->\r\n\t\t\t\t<div class=\"fbc-wrap\">\r\n\r\n\t\t\t\t\t<!-- Ordered list-->\r\n\t\t\t\t\t<ol class=\"fbc-items\" itemscope itemtype=\"https:\/\/schema.org\/BreadcrumbList\">\r\n\t\t\t\t\t\t            <li itemprop=\"itemListElement\" itemscope itemtype=\"https:\/\/schema.org\/ListItem\">\r\n                <span itemprop=\"name\">\r\n                    <!-- Home Link -->\r\n                    <a itemprop=\"item\" href=\"https:\/\/skybergtech.com\/en\">\r\n                    \r\n                                                    <i class=\"fa fa-home\" aria-hidden=\"true\"><\/i>Home                    <\/a>\r\n                <\/span>\r\n                <meta itemprop=\"position\" content=\"1\" \/><!-- Meta Position-->\r\n             <\/li><li><span class=\"fbc-separator\"> \/ <\/span><\/li><li class=\"active\" itemprop=\"itemListElement\" itemscope itemtype=\"https:\/\/schema.org\/ListItem\"><span itemprop=\"name\" title=\"Surge voltage protectors\">Surge voltage protectors<\/span><meta itemprop=\"position\" content=\"2\" \/><\/li>\t\t\t\t\t<\/ol>\r\n\t\t\t\t\t<div class=\"clearfix\"><\/div>\r\n\t\t\t\t<\/div>\r\n\t\t\t<\/div>\r\n\t\t\t\n\t<h3>\n\t\t\t\t\tSurge voltage protectors\n\t\t\t\t<\/h3>\n\t<p><img loading=\"lazy\" decoding=\"async\" src=\"http:\/\/web.skybergtech.com\/wp-content\/uploads\/2020\/04\/SKYSFS10-1024x563.png\" alt=\"\" width=\"640\" height=\"352\" \/>Single-phase Surge voltage protectors are designed to protect the equipment from the effects of impulse overvoltage and high-frequency interference coming over the LV network. They function as type D surge protection.<\/p>","protected":false},"excerpt":{"rendered":"<p>Svodi\u010de p\u0159ep\u011bt\u00ed Jednof\u00e1zov\u00e9 svodi\u010de p\u0159ep\u011bt\u00ed jsou ur\u010deny k ochran\u011b za\u0159\u00edzen\u00ed p\u0159ed \u00fa\u010dinky impulsn\u00edho p\u0159ep\u011bt\u00ed a vysokofrekven\u010dn\u00edho ru\u0161en\u00ed p\u0159ich\u00e1zej\u00edc\u00edho po s\u00edti NN. Funguj\u00ed, jako p\u0159ep\u011b\u0165ov\u00e1 ochrana typu D.<\/p>","protected":false},"author":1,"featured_media":0,"parent":270,"menu_order":0,"comment_status":"closed","ping_status":"closed","template":"template-page-builder-no-sidebar.php","meta":{"footnotes":""},"class_list":["post-1330","page","type-page","status-publish","hentry"],"aioseo_notices":[],"_links":{"self":[{"href":"https:\/\/skybergtech.com\/en\/wp-json\/wp\/v2\/pages\/1330","targetHints":{"allow":["GET"]}}],"collection":[{"href":"https:\/\/skybergtech.com\/en\/wp-json\/wp\/v2\/pages"}],"about":[{"href":"https:\/\/skybergtech.com\/en\/wp-json\/wp\/v2\/types\/page"}],"author":[{"embeddable":true,"href":"https:\/\/skybergtech.com\/en\/wp-json\/wp\/v2\/users\/1"}],"replies":[{"embeddable":true,"href":"https:\/\/skybergtech.com\/en\/wp-json\/wp\/v2\/comments?post=1330"}],"version-history":[{"count":5,"href":"https:\/\/skybergtech.com\/en\/wp-json\/wp\/v2\/pages\/1330\/revisions"}],"predecessor-version":[{"id":1973,"href":"https:\/\/skybergtech.com\/en\/wp-json\/wp\/v2\/pages\/1330\/revisions\/1973"}],"up":[{"embeddable":true,"href":"https:\/\/skybergtech.com\/en\/wp-json\/wp\/v2\/pages\/270"}],"wp:attachment":[{"href":"https:\/\/skybergtech.com\/en\/wp-json\/wp\/v2\/media?parent=1330"}],"curies":[{"name":"wp","href":"https:\/\/api.w.org\/{rel}","templated":true}]}}