{"id":1350,"date":"2020-02-01T10:07:50","date_gmt":"2020-02-01T10:07:50","guid":{"rendered":"http:\/\/web.skybergtech.com\/?page_id=1350"},"modified":"2020-07-22T17:32:45","modified_gmt":"2020-07-22T17:32:45","slug":"set-pro-solarni-elektrarny","status":"publish","type":"page","link":"https:\/\/skybergtech.com\/en\/produkty\/set-pro-solarni-elektrarny\/","title":{"rendered":"SET for photovoltaic power Power stations."},"content":{"rendered":"<!-- Flexy Breadcrumb -->\r\n\t\t\t<div class=\"fbc fbc-page\">\r\n\r\n\t\t\t\t<!-- Breadcrumb wrapper -->\r\n\t\t\t\t<div class=\"fbc-wrap\">\r\n\r\n\t\t\t\t\t<!-- Ordered list-->\r\n\t\t\t\t\t<ol class=\"fbc-items\" itemscope itemtype=\"https:\/\/schema.org\/BreadcrumbList\">\r\n\t\t\t\t\t\t            <li itemprop=\"itemListElement\" itemscope itemtype=\"https:\/\/schema.org\/ListItem\">\r\n                <span itemprop=\"name\">\r\n                    <!-- Home Link -->\r\n                    <a itemprop=\"item\" href=\"https:\/\/skybergtech.com\/en\">\r\n                    \r\n                                                    <i class=\"fa fa-home\" aria-hidden=\"true\"><\/i>Home                    <\/a>\r\n                <\/span>\r\n                <meta itemprop=\"position\" content=\"1\" \/><!-- Meta Position-->\r\n             <\/li><li><span class=\"fbc-separator\"> \/ <\/span><\/li><li class=\"active\" itemprop=\"itemListElement\" itemscope itemtype=\"https:\/\/schema.org\/ListItem\"><span itemprop=\"name\" title=\"SET for photovoltaic power Power stations.\">SET for photovoltaic power Power stations.<\/span><meta itemprop=\"position\" content=\"2\" \/><\/li>\t\t\t\t\t<\/ol>\r\n\t\t\t\t\t<div class=\"clearfix\"><\/div>\r\n\t\t\t\t<\/div>\r\n\t\t\t<\/div>\r\n\t\t\t\n\t<h3>\n\t\t\t\t\tSET for photovoltaic power Power stations.\n\t\t\t\t<\/h3>\n\t<p><img loading=\"lazy\" decoding=\"async\" src=\"http:\/\/web.skybergtech.com\/wp-content\/uploads\/2020\/04\/SKY840FOGSIT-1024x563.png\" alt=\"\" width=\"640\" height=\"352\" \/><\/p>\n<p>SET for photovoltaic power Power stations with input to direct current, high-frequency interference filter, sinusoidal filter, choke and mains high-frequency interference filter. In the case of synchronous operation of the inverters, it is possible to supply a three-phase sine filter consisting of three single-phase chokes. Sinusoidal filter resistant to PWM sinus voltage converter. Choke has the task of reducing the hardness and maintaining stability between the LV networks and the solar power plant. The high-frequency interference filter limits the amount of high-frequency interference to the grid supply system from the inverter.<\/p>","protected":false},"excerpt":{"rendered":"<p>SET pro fotovoltaick\u00e9 elektr\u00e1rny Set pro fotovoltaick\u00e9 elektr\u00e1rny se skl\u00e1d\u00e1 z vstupn\u00edho stejnosm\u011brn\u00e9ho vysokofrekven\u010dn\u00edho odru\u0161ovac\u00edho filtru, sinusov\u00e9ho filtru, tlumivky a s\u00ed\u0165ov\u00e9ho vysokofrekven\u010dn\u00edho odru\u0161ovac\u00edho filtru. V p\u0159\u00edpad\u011b synchronn\u00edho chodu m\u011bni\u010d\u016f je mo\u017eno dodat t\u0159\u00edf\u00e1zov\u00fd sinusov\u00fd filtr slo\u017een\u00fd ze t\u0159\u00ed jednof\u00e1zov\u00fdch tlumivek. Sinusov\u00fd filtr vytv\u00e1\u0159\u00ed z PWM m\u011bni\u010de sinusov\u00e9 nap\u011bt\u00ed. Tlumivka m\u00e1 za \u00fakol omezovat proudov\u00e9 n\u00e1razy [&hellip;]<\/p>","protected":false},"author":1,"featured_media":0,"parent":270,"menu_order":0,"comment_status":"closed","ping_status":"closed","template":"template-page-builder-no-sidebar.php","meta":{"footnotes":""},"class_list":["post-1350","page","type-page","status-publish","hentry"],"aioseo_notices":[],"_links":{"self":[{"href":"https:\/\/skybergtech.com\/en\/wp-json\/wp\/v2\/pages\/1350","targetHints":{"allow":["GET"]}}],"collection":[{"href":"https:\/\/skybergtech.com\/en\/wp-json\/wp\/v2\/pages"}],"about":[{"href":"https:\/\/skybergtech.com\/en\/wp-json\/wp\/v2\/types\/page"}],"author":[{"embeddable":true,"href":"https:\/\/skybergtech.com\/en\/wp-json\/wp\/v2\/users\/1"}],"replies":[{"embeddable":true,"href":"https:\/\/skybergtech.com\/en\/wp-json\/wp\/v2\/comments?post=1350"}],"version-history":[{"count":8,"href":"https:\/\/skybergtech.com\/en\/wp-json\/wp\/v2\/pages\/1350\/revisions"}],"predecessor-version":[{"id":2849,"href":"https:\/\/skybergtech.com\/en\/wp-json\/wp\/v2\/pages\/1350\/revisions\/2849"}],"up":[{"embeddable":true,"href":"https:\/\/skybergtech.com\/en\/wp-json\/wp\/v2\/pages\/270"}],"wp:attachment":[{"href":"https:\/\/skybergtech.com\/en\/wp-json\/wp\/v2\/media?parent=1350"}],"curies":[{"name":"wp","href":"https:\/\/api.w.org\/{rel}","templated":true}]}}