{"id":1360,"date":"2020-02-01T10:37:33","date_gmt":"2020-02-01T10:37:33","guid":{"rendered":"http:\/\/web.skybergtech.com\/?page_id=1360"},"modified":"2020-04-01T05:08:32","modified_gmt":"2020-04-01T05:08:32","slug":"s-odrusovacim-filtrem","status":"publish","type":"page","link":"https:\/\/skybergtech.com\/en\/produkty\/prodluzovaci-privody\/s-odrusovacim-filtrem\/","title":{"rendered":"With an interference suppression filter"},"content":{"rendered":"<!-- Flexy Breadcrumb -->\r\n\t\t\t<div class=\"fbc fbc-page\">\r\n\r\n\t\t\t\t<!-- Breadcrumb wrapper -->\r\n\t\t\t\t<div class=\"fbc-wrap\">\r\n\r\n\t\t\t\t\t<!-- Ordered list-->\r\n\t\t\t\t\t<ol class=\"fbc-items\" itemscope itemtype=\"https:\/\/schema.org\/BreadcrumbList\">\r\n\t\t\t\t\t\t            <li itemprop=\"itemListElement\" itemscope itemtype=\"https:\/\/schema.org\/ListItem\">\r\n                <span itemprop=\"name\">\r\n                    <!-- Home Link -->\r\n                    <a itemprop=\"item\" href=\"https:\/\/skybergtech.com\/en\">\r\n                    \r\n                                                    <i class=\"fa fa-home\" aria-hidden=\"true\"><\/i>Home                    <\/a>\r\n                <\/span>\r\n                <meta itemprop=\"position\" content=\"1\" \/><!-- Meta Position-->\r\n             <\/li><li><span class=\"fbc-separator\"> \/ <\/span><\/li><li class=\"active\" itemprop=\"itemListElement\" itemscope itemtype=\"https:\/\/schema.org\/ListItem\"><span itemprop=\"name\" title=\"With an interference suppression filter\">With an interference suppression filter<\/span><meta itemprop=\"position\" content=\"2\" \/><\/li>\t\t\t\t\t<\/ol>\r\n\t\t\t\t\t<div class=\"clearfix\"><\/div>\r\n\t\t\t\t<\/div>\r\n\t\t\t<\/div>\r\n\t\t\t\n\t<h3>\n\t\t\t\t\tCord extension set\n\t\t\t\t<\/h3>\n\t<p><img loading=\"lazy\" decoding=\"async\" src=\"http:\/\/web.skybergtech.com\/wp-content\/uploads\/2020\/04\/SKYFP10-SDF_render-1024x561.png\" alt=\"\" width=\"640\" height=\"351\" \/>Chr\u00e1n\u011bn\u00e9 p\u0159\u00edvody s odru\u0161ovac\u00edm filtrem jsou ur\u010deny pro p\u0159iveden\u00ed s\u00ed\u0165ov\u00e9ho nap\u011bt\u00ed k citliv\u00fdm a n\u00e1kladn\u00fdm elektronick\u00fdm za\u0159\u00edzen\u00edm, v\u00fdpo\u010detn\u00ed technice a audio technice. P\u0159\u00edvody umo\u017e\u0148uj\u00ed p\u0159ipojit a\u017e 5 nebo 6 elektrick\u00fdch spot\u0159ebi\u010d\u016f, p\u0159i\u010dem\u017e takto p\u0159ipojen\u00e1 za\u0159\u00edzen\u00ed jsou chr\u00e1n\u011bna p\u0159ed ru\u0161en\u00edm p\u0159ich\u00e1zej\u00edc\u00edm z nap\u00e1jec\u00ed s\u00edt\u011b.<\/p>","protected":false},"excerpt":{"rendered":"<p>Prodlu\u017eovac\u00ed p\u0159\u00edvody Chr\u00e1n\u011bn\u00e9 p\u0159\u00edvody s odru\u0161ovac\u00edm filtrem jsou ur\u010deny pro p\u0159iveden\u00ed s\u00ed\u0165ov\u00e9ho nap\u011bt\u00ed k citliv\u00fdm a n\u00e1kladn\u00fdm elektronick\u00fdm za\u0159\u00edzen\u00edm, v\u00fdpo\u010detn\u00ed technice a audio technice. P\u0159\u00edvody umo\u017e\u0148uj\u00ed p\u0159ipojit a\u017e 5 nebo 6 elektrick\u00fdch spot\u0159ebi\u010d\u016f, p\u0159i\u010dem\u017e takto p\u0159ipojen\u00e1 za\u0159\u00edzen\u00ed jsou chr\u00e1n\u011bna p\u0159ed ru\u0161en\u00edm p\u0159ich\u00e1zej\u00edc\u00edm z nap\u00e1jec\u00ed s\u00edt\u011b.<\/p>","protected":false},"author":1,"featured_media":0,"parent":305,"menu_order":0,"comment_status":"closed","ping_status":"closed","template":"template-page-builder-no-sidebar.php","meta":{"footnotes":""},"class_list":["post-1360","page","type-page","status-publish","hentry"],"aioseo_notices":[],"_links":{"self":[{"href":"https:\/\/skybergtech.com\/en\/wp-json\/wp\/v2\/pages\/1360","targetHints":{"allow":["GET"]}}],"collection":[{"href":"https:\/\/skybergtech.com\/en\/wp-json\/wp\/v2\/pages"}],"about":[{"href":"https:\/\/skybergtech.com\/en\/wp-json\/wp\/v2\/types\/page"}],"author":[{"embeddable":true,"href":"https:\/\/skybergtech.com\/en\/wp-json\/wp\/v2\/users\/1"}],"replies":[{"embeddable":true,"href":"https:\/\/skybergtech.com\/en\/wp-json\/wp\/v2\/comments?post=1360"}],"version-history":[{"count":8,"href":"https:\/\/skybergtech.com\/en\/wp-json\/wp\/v2\/pages\/1360\/revisions"}],"predecessor-version":[{"id":1998,"href":"https:\/\/skybergtech.com\/en\/wp-json\/wp\/v2\/pages\/1360\/revisions\/1998"}],"up":[{"embeddable":true,"href":"https:\/\/skybergtech.com\/en\/wp-json\/wp\/v2\/pages\/305"}],"wp:attachment":[{"href":"https:\/\/skybergtech.com\/en\/wp-json\/wp\/v2\/media?parent=1360"}],"curies":[{"name":"wp","href":"https:\/\/api.w.org\/{rel}","templated":true}]}}