{"id":1374,"date":"2020-02-01T10:52:50","date_gmt":"2020-02-01T10:52:50","guid":{"rendered":"http:\/\/web.skybergtech.com\/?page_id=1374"},"modified":"2020-04-01T05:00:23","modified_gmt":"2020-04-01T05:00:23","slug":"rada-tempest-jednofazove","status":"publish","type":"page","link":"https:\/\/skybergtech.com\/en\/produkty\/tempest\/rada-tempest-jednofazove\/","title":{"rendered":"Series tempest single-phase"},"content":{"rendered":"<!-- Flexy Breadcrumb -->\r\n\t\t\t<div class=\"fbc fbc-page\">\r\n\r\n\t\t\t\t<!-- Breadcrumb wrapper -->\r\n\t\t\t\t<div class=\"fbc-wrap\">\r\n\r\n\t\t\t\t\t<!-- Ordered list-->\r\n\t\t\t\t\t<ol class=\"fbc-items\" itemscope itemtype=\"https:\/\/schema.org\/BreadcrumbList\">\r\n\t\t\t\t\t\t            <li itemprop=\"itemListElement\" itemscope itemtype=\"https:\/\/schema.org\/ListItem\">\r\n                <span itemprop=\"name\">\r\n                    <!-- Home Link -->\r\n                    <a itemprop=\"item\" href=\"https:\/\/skybergtech.com\/en\">\r\n                    \r\n                                                    <i class=\"fa fa-home\" aria-hidden=\"true\"><\/i>Home                    <\/a>\r\n                <\/span>\r\n                <meta itemprop=\"position\" content=\"1\" \/><!-- Meta Position-->\r\n             <\/li><li><span class=\"fbc-separator\"> \/ <\/span><\/li><li class=\"active\" itemprop=\"itemListElement\" itemscope itemtype=\"https:\/\/schema.org\/ListItem\"><span itemprop=\"name\" title=\"Series tempest single-phase\">Series tempest single-phase<\/span><meta itemprop=\"position\" content=\"2\" \/><\/li>\t\t\t\t\t<\/ol>\r\n\t\t\t\t\t<div class=\"clearfix\"><\/div>\r\n\t\t\t\t<\/div>\r\n\t\t\t<\/div>\r\n\t\t\t\n\t<h3>\n\t\t\t\t\tSinusoidal filters\n\t\t\t\t<\/h3>\n\t<h3>\n\t\t\t\t\tTempest\n\t\t\t\t<\/h3>\n\t<h3>\n\t\t\t\t\tSeries tempest single-phase\n\t\t\t\t<\/h3>\n\t<h3>\n\t\t\t\t\tSKY3FL16TF4NAT20NSA\n\t\t\t\t<\/h3>\n\t\t\t\t<img loading=\"lazy\" decoding=\"async\" src=\"http:\/\/web.skybergtech.com\/wp-content\/uploads\/2020\/04\/SKY4FL63D_1.png\" alt=\"SKY4FL63D_(1)\" itemprop=\"image\" height=\"916\" width=\"1689\" title=\"SKY4FL63D_(1)\" onerror=\"this.style.display='none'\"  \/>\n\t<h3>\n\t\t\t\t\tSKY3FL25TF4NAT20NSA\n\t\t\t\t<\/h3>\n\t<h3>\n\t\t\t\t\tSKY3FL32TF4NAT20NSA\n\t\t\t\t<\/h3>\n\t<h3>\n\t\t\t\t\tSKY3FL40TF4NAT20NSA\n\t\t\t\t<\/h3>\n\t<h3>\n\t\t\t\t\tSKY3FL50TF4NAT20NSA\n\t\t\t\t<\/h3>\n\t<h3>\n\t\t\t\t\tSKY3FL63TF4NAT20NSA\n\t\t\t\t<\/h3>\n\t<h3>\n\t\t\t\t\tSKY3FL80TF4NAT20NSA\n\t\t\t\t<\/h3>\n\t<h3>\n\t\t\t\t\tSKY3FL1000TF4NAT20NSA\n\t\t\t\t<\/h3>","protected":false},"excerpt":{"rendered":"<p>Sinusov\u00e9 filtry Tempest \u0158ada tempest jednof\u00e1zov\u00e9 SKY3FL16TF4NAT20NSA SKY3FL25TF4NAT20NSA SKY3FL32TF4NAT20NSA SKY3FL40TF4NAT20NSA SKY3FL50TF4NAT20NSA SKY3FL63TF4NAT20NSA SKY3FL80TF4NAT20NSA SKY3FL1000TF4NAT20NSA<\/p>","protected":false},"author":1,"featured_media":0,"parent":307,"menu_order":0,"comment_status":"closed","ping_status":"closed","template":"template-page-builder-no-sidebar.php","meta":{"footnotes":""},"class_list":["post-1374","page","type-page","status-publish","hentry"],"aioseo_notices":[],"_links":{"self":[{"href":"https:\/\/skybergtech.com\/en\/wp-json\/wp\/v2\/pages\/1374","targetHints":{"allow":["GET"]}}],"collection":[{"href":"https:\/\/skybergtech.com\/en\/wp-json\/wp\/v2\/pages"}],"about":[{"href":"https:\/\/skybergtech.com\/en\/wp-json\/wp\/v2\/types\/page"}],"author":[{"embeddable":true,"href":"https:\/\/skybergtech.com\/en\/wp-json\/wp\/v2\/users\/1"}],"replies":[{"embeddable":true,"href":"https:\/\/skybergtech.com\/en\/wp-json\/wp\/v2\/comments?post=1374"}],"version-history":[{"count":5,"href":"https:\/\/skybergtech.com\/en\/wp-json\/wp\/v2\/pages\/1374\/revisions"}],"predecessor-version":[{"id":1992,"href":"https:\/\/skybergtech.com\/en\/wp-json\/wp\/v2\/pages\/1374\/revisions\/1992"}],"up":[{"embeddable":true,"href":"https:\/\/skybergtech.com\/en\/wp-json\/wp\/v2\/pages\/307"}],"wp:attachment":[{"href":"https:\/\/skybergtech.com\/en\/wp-json\/wp\/v2\/media?parent=1374"}],"curies":[{"name":"wp","href":"https:\/\/api.w.org\/{rel}","templated":true}]}}