{"id":1382,"date":"2020-02-01T11:06:15","date_gmt":"2020-02-01T11:06:15","guid":{"rendered":"http:\/\/web.skybergtech.com\/?page_id=1382"},"modified":"2020-04-01T05:09:21","modified_gmt":"2020-04-01T05:09:21","slug":"s-odrusovacim-filtrem-army","status":"publish","type":"page","link":"https:\/\/skybergtech.com\/en\/produkty\/prodluzovaci-privody\/s-odrusovacim-filtrem-army\/","title":{"rendered":"with interference suppression filter ARMY"},"content":{"rendered":"<!-- Flexy Breadcrumb -->\r\n\t\t\t<div class=\"fbc fbc-page\">\r\n\r\n\t\t\t\t<!-- Breadcrumb wrapper -->\r\n\t\t\t\t<div class=\"fbc-wrap\">\r\n\r\n\t\t\t\t\t<!-- Ordered list-->\r\n\t\t\t\t\t<ol class=\"fbc-items\" itemscope itemtype=\"https:\/\/schema.org\/BreadcrumbList\">\r\n\t\t\t\t\t\t            <li itemprop=\"itemListElement\" itemscope itemtype=\"https:\/\/schema.org\/ListItem\">\r\n                <span itemprop=\"name\">\r\n                    <!-- Home Link -->\r\n                    <a itemprop=\"item\" href=\"https:\/\/skybergtech.com\/en\">\r\n                    \r\n                                                    <i class=\"fa fa-home\" aria-hidden=\"true\"><\/i>Home                    <\/a>\r\n                <\/span>\r\n                <meta itemprop=\"position\" content=\"1\" \/><!-- Meta Position-->\r\n             <\/li><li><span class=\"fbc-separator\"> \/ <\/span><\/li><li class=\"active\" itemprop=\"itemListElement\" itemscope itemtype=\"https:\/\/schema.org\/ListItem\"><span itemprop=\"name\" title=\"with interference suppression filter ARMY\">with interference suppression filter ARMY<\/span><meta itemprop=\"position\" content=\"2\" \/><\/li>\t\t\t\t\t<\/ol>\r\n\t\t\t\t\t<div class=\"clearfix\"><\/div>\r\n\t\t\t\t<\/div>\r\n\t\t\t<\/div>\r\n\t\t\t\n\t<h3>\n\t\t\t\t\tCord extension set\n\t\t\t\t<\/h3>\n\t<p><img loading=\"lazy\" decoding=\"async\" src=\"http:\/\/web.skybergtech.com\/wp-content\/uploads\/2020\/04\/SKY1FL16DAFP10SDFMA_42-1024x563.png\" alt=\"\" width=\"640\" height=\"352\" \/>Prodlu\u017eovac\u00ed p\u0159\u00edvody s odru\u0161ovac\u00edm filtrem ARMY disponuj\u00ed p\u0159ep\u011b\u0165ovou ochranou a odru\u0161ovac\u00edm filtrem pro ka\u017edou z\u00e1suvku, dopln\u011bn\u00fdm vysoko\u00fatlumov\u00fdm odru\u0161ovac\u00edm filtrem. Toto spojen\u00ed dvou za\u0159\u00edzen\u00ed je p\u0159ipevn\u011bno na hlin\u00edkovou desku a tvo\u0159\u00ed jeden celek. P\u0159\u00edvody jsou ur\u010deny jako ochrana p\u0159ed poruchami s\u00ed\u0165ov\u00e9ho nap\u011bt\u00ed. Pou\u017e\u00edvaj\u00ed se k rozbo\u010den\u00ed nap\u011bt\u00ed pro velmi citliv\u00e1 a n\u00e1kladn\u00e1 elektronick\u00e1 za\u0159\u00edzen\u00ed, v\u00fdpo\u010detn\u00ed a audio techniku a zvl\u00e1\u0161tn\u00ed vojensk\u00e9 \u00fa\u010dely. Cel\u00e1 sestava filtr\u016f je konstruov\u00e1na a kontrolov\u00e1na tak, aby spl\u0148ovala technick\u00e9 po\u017eadavky arm\u00e1dy a NB\u00da.<\/p>","protected":false},"excerpt":{"rendered":"<p>Prodlu\u017eovac\u00ed p\u0159\u00edvody Prodlu\u017eovac\u00ed p\u0159\u00edvody s odru\u0161ovac\u00edm filtrem ARMY disponuj\u00ed p\u0159ep\u011b\u0165ovou ochranou a odru\u0161ovac\u00edm filtrem pro ka\u017edou z\u00e1suvku, dopln\u011bn\u00fdm vysoko\u00fatlumov\u00fdm odru\u0161ovac\u00edm filtrem. Toto spojen\u00ed dvou za\u0159\u00edzen\u00ed je p\u0159ipevn\u011bno na hlin\u00edkovou desku a tvo\u0159\u00ed jeden celek. P\u0159\u00edvody jsou ur\u010deny jako ochrana p\u0159ed poruchami s\u00ed\u0165ov\u00e9ho nap\u011bt\u00ed. Pou\u017e\u00edvaj\u00ed se k rozbo\u010den\u00ed nap\u011bt\u00ed pro velmi citliv\u00e1 a n\u00e1kladn\u00e1 elektronick\u00e1 za\u0159\u00edzen\u00ed, [&hellip;]<\/p>","protected":false},"author":1,"featured_media":0,"parent":305,"menu_order":0,"comment_status":"closed","ping_status":"closed","template":"template-page-builder-no-sidebar.php","meta":{"footnotes":""},"class_list":["post-1382","page","type-page","status-publish","hentry"],"aioseo_notices":[],"_links":{"self":[{"href":"https:\/\/skybergtech.com\/en\/wp-json\/wp\/v2\/pages\/1382","targetHints":{"allow":["GET"]}}],"collection":[{"href":"https:\/\/skybergtech.com\/en\/wp-json\/wp\/v2\/pages"}],"about":[{"href":"https:\/\/skybergtech.com\/en\/wp-json\/wp\/v2\/types\/page"}],"author":[{"embeddable":true,"href":"https:\/\/skybergtech.com\/en\/wp-json\/wp\/v2\/users\/1"}],"replies":[{"embeddable":true,"href":"https:\/\/skybergtech.com\/en\/wp-json\/wp\/v2\/comments?post=1382"}],"version-history":[{"count":5,"href":"https:\/\/skybergtech.com\/en\/wp-json\/wp\/v2\/pages\/1382\/revisions"}],"predecessor-version":[{"id":2000,"href":"https:\/\/skybergtech.com\/en\/wp-json\/wp\/v2\/pages\/1382\/revisions\/2000"}],"up":[{"embeddable":true,"href":"https:\/\/skybergtech.com\/en\/wp-json\/wp\/v2\/pages\/305"}],"wp:attachment":[{"href":"https:\/\/skybergtech.com\/en\/wp-json\/wp\/v2\/media?parent=1382"}],"curies":[{"name":"wp","href":"https:\/\/api.w.org\/{rel}","templated":true}]}}