{"id":1394,"date":"2020-02-01T11:55:44","date_gmt":"2020-02-01T11:55:44","guid":{"rendered":"http:\/\/web.skybergtech.com\/?page_id=1394"},"modified":"2020-06-28T12:49:39","modified_gmt":"2020-06-28T12:49:39","slug":"prislusenstvi-pro-menice","status":"publish","type":"page","link":"https:\/\/skybergtech.com\/en\/produkty\/prislusenstvi-pro-menice\/","title":{"rendered":"Accessories for inverters"},"content":{"rendered":"<!-- Flexy Breadcrumb -->\r\n\t\t\t<div class=\"fbc fbc-page\">\r\n\r\n\t\t\t\t<!-- Breadcrumb wrapper -->\r\n\t\t\t\t<div class=\"fbc-wrap\">\r\n\r\n\t\t\t\t\t<!-- Ordered list-->\r\n\t\t\t\t\t<ol class=\"fbc-items\" itemscope itemtype=\"https:\/\/schema.org\/BreadcrumbList\">\r\n\t\t\t\t\t\t            <li itemprop=\"itemListElement\" itemscope itemtype=\"https:\/\/schema.org\/ListItem\">\r\n                <span itemprop=\"name\">\r\n                    <!-- Home Link -->\r\n                    <a itemprop=\"item\" href=\"https:\/\/skybergtech.com\/en\">\r\n                    \r\n                                                    <i class=\"fa fa-home\" aria-hidden=\"true\"><\/i>Home                    <\/a>\r\n                <\/span>\r\n                <meta itemprop=\"position\" content=\"1\" \/><!-- Meta Position-->\r\n             <\/li><li><span class=\"fbc-separator\"> \/ <\/span><\/li><li class=\"active\" itemprop=\"itemListElement\" itemscope itemtype=\"https:\/\/schema.org\/ListItem\"><span itemprop=\"name\" title=\"Accessories for inverters\">Accessories for inverters<\/span><meta itemprop=\"position\" content=\"2\" \/><\/li>\t\t\t\t\t<\/ol>\r\n\t\t\t\t\t<div class=\"clearfix\"><\/div>\r\n\t\t\t\t<\/div>\r\n\t\t\t<\/div>\r\n\t\t\t\n\t<h3>\n\t\t\t\t\tAccessories for inverters\n\t\t\t\t<\/h3>\n\t<p><img loading=\"lazy\" decoding=\"async\" src=\"http:\/\/web.skybergtech.com\/wp-content\/uploads\/2020\/04\/SKYSET42kW-20kHz_Rev0.1-1024x563.png\" alt=\"\" width=\"640\" height=\"352\" \/><\/p>\n<p>Accessories for inverters are sets containing a high-frequency transformer and a pair of output chokes. They are used as a functional part of DC-DC converters.<\/p>","protected":false},"excerpt":{"rendered":"<p>P\u0159\u00edslu\u0161entv\u00ed pro m\u011bni\u010de P\u0159\u00edslu\u0161enstv\u00ed pro m\u011bni\u010de jsou sety obsahuj\u00edc\u00ed vysokofrekven\u010dn\u00ed transform\u00e1tor a dvojici v\u00fdstupn\u00edch tlumivek. Pou\u017e\u00edvaj\u00ed se jako funk\u010dn\u00ed sou\u010d\u00e1st DC-DC m\u011bni\u010d\u016f.<\/p>","protected":false},"author":1,"featured_media":0,"parent":270,"menu_order":0,"comment_status":"closed","ping_status":"closed","template":"template-page-builder-no-sidebar.php","meta":{"footnotes":""},"class_list":["post-1394","page","type-page","status-publish","hentry"],"aioseo_notices":[],"_links":{"self":[{"href":"https:\/\/skybergtech.com\/en\/wp-json\/wp\/v2\/pages\/1394","targetHints":{"allow":["GET"]}}],"collection":[{"href":"https:\/\/skybergtech.com\/en\/wp-json\/wp\/v2\/pages"}],"about":[{"href":"https:\/\/skybergtech.com\/en\/wp-json\/wp\/v2\/types\/page"}],"author":[{"embeddable":true,"href":"https:\/\/skybergtech.com\/en\/wp-json\/wp\/v2\/users\/1"}],"replies":[{"embeddable":true,"href":"https:\/\/skybergtech.com\/en\/wp-json\/wp\/v2\/comments?post=1394"}],"version-history":[{"count":5,"href":"https:\/\/skybergtech.com\/en\/wp-json\/wp\/v2\/pages\/1394\/revisions"}],"predecessor-version":[{"id":2131,"href":"https:\/\/skybergtech.com\/en\/wp-json\/wp\/v2\/pages\/1394\/revisions\/2131"}],"up":[{"embeddable":true,"href":"https:\/\/skybergtech.com\/en\/wp-json\/wp\/v2\/pages\/270"}],"wp:attachment":[{"href":"https:\/\/skybergtech.com\/en\/wp-json\/wp\/v2\/media?parent=1394"}],"curies":[{"name":"wp","href":"https:\/\/api.w.org\/{rel}","templated":true}]}}