{"id":1399,"date":"2020-02-01T12:20:18","date_gmt":"2020-02-01T12:20:18","guid":{"rendered":"http:\/\/web.skybergtech.com\/?page_id=1399"},"modified":"2020-02-01T19:36:06","modified_gmt":"2020-02-01T19:36:06","slug":"vysokofrekvencni-transformatory","status":"publish","type":"page","link":"https:\/\/skybergtech.com\/en\/produkty\/vysokofrekvencni-transformatory\/","title":{"rendered":"Vysokofrekven\u010dn\u00ed transform\u00e1tory"},"content":{"rendered":"<!-- Flexy Breadcrumb -->\r\n\t\t\t<div class=\"fbc fbc-page\">\r\n\r\n\t\t\t\t<!-- Breadcrumb wrapper -->\r\n\t\t\t\t<div class=\"fbc-wrap\">\r\n\r\n\t\t\t\t\t<!-- Ordered list-->\r\n\t\t\t\t\t<ol class=\"fbc-items\" itemscope itemtype=\"https:\/\/schema.org\/BreadcrumbList\">\r\n\t\t\t\t\t\t            <li itemprop=\"itemListElement\" itemscope itemtype=\"https:\/\/schema.org\/ListItem\">\r\n                <span itemprop=\"name\">\r\n                    <!-- Home Link -->\r\n                    <a itemprop=\"item\" href=\"https:\/\/skybergtech.com\/en\">\r\n                    \r\n                                                    <i class=\"fa fa-home\" aria-hidden=\"true\"><\/i>Home                    <\/a>\r\n                <\/span>\r\n                <meta itemprop=\"position\" content=\"1\" \/><!-- Meta Position-->\r\n             <\/li><li><span class=\"fbc-separator\"> \/ <\/span><\/li><li class=\"active\" itemprop=\"itemListElement\" itemscope itemtype=\"https:\/\/schema.org\/ListItem\"><span itemprop=\"name\" title=\"Vysokofrekven\u010dn\u00ed transform\u00e1tory\">Vysokofrekven\u010dn\u00ed transform\u00e1tory<\/span><meta itemprop=\"position\" content=\"2\" \/><\/li>\t\t\t\t\t<\/ol>\r\n\t\t\t\t\t<div class=\"clearfix\"><\/div>\r\n\t\t\t\t<\/div>\r\n\t\t\t<\/div>\r\n\t\t\t\n\t<h3>\n\t\t\t\t\tVysokofrekven\u010dn\u00ed transform\u00e1tory\n\t\t\t\t<\/h3>\n\t<p><img loading=\"lazy\" decoding=\"async\" src=\"http:\/\/web.skybergtech.com\/wp-content\/uploads\/2020\/01\/Screenshot_2020-01-14-01_PRO-PROUDY-1-16-A-pdf.png\" alt=\"\" width=\"400\" height=\"395\" \/><\/p>\n<p>It is a simple LC cell consisting of chokes and capacitors. For three-phase filters of the SKY3FLxxB series, the compensated choke consists of 3 windings. The type X safety capacitors used are connected between the phases for filtering the symmetrical component and the type Y capacitors to ground for filtering the asymmetrical component. They are supplied with terminals in a metal housing<\/p>","protected":false},"excerpt":{"rendered":"<p>Vysokofrekven\u010dn\u00ed transform\u00e1tory Jedn\u00e1 se o jednoduch\u00fd LC \u010dl\u00e1nek skl\u00e1daj\u00edc\u00ed se z tlumivek a kondenz\u00e1tor\u016f. U t\u0159\u00edf\u00e1zov\u00fdch filtr\u016f \u0159ady SKY3FLxxB je kompenzovan\u00e1 tlumivka tvo\u0159ena 3 vinut\u00edmi. Pou\u017eit\u00e9 bezpe\u010dnostn\u00ed kondenz\u00e1tory typu X jsou zapojeny mezi f\u00e1zemi pro filtraci symetrick\u00e9 slo\u017eky a kondenz\u00e1tory typu Y proti zemi pro filtraci asymetrick\u00e9 slo\u017eky. Jsou dod\u00e1v\u00e1ny se svorkami v kovov\u00e9m pouzd\u0159e<\/p>","protected":false},"author":1,"featured_media":0,"parent":270,"menu_order":0,"comment_status":"closed","ping_status":"closed","template":"template-page-builder-no-sidebar.php","meta":{"footnotes":""},"class_list":["post-1399","page","type-page","status-publish","hentry"],"aioseo_notices":[],"_links":{"self":[{"href":"https:\/\/skybergtech.com\/en\/wp-json\/wp\/v2\/pages\/1399","targetHints":{"allow":["GET"]}}],"collection":[{"href":"https:\/\/skybergtech.com\/en\/wp-json\/wp\/v2\/pages"}],"about":[{"href":"https:\/\/skybergtech.com\/en\/wp-json\/wp\/v2\/types\/page"}],"author":[{"embeddable":true,"href":"https:\/\/skybergtech.com\/en\/wp-json\/wp\/v2\/users\/1"}],"replies":[{"embeddable":true,"href":"https:\/\/skybergtech.com\/en\/wp-json\/wp\/v2\/comments?post=1399"}],"version-history":[{"count":3,"href":"https:\/\/skybergtech.com\/en\/wp-json\/wp\/v2\/pages\/1399\/revisions"}],"predecessor-version":[{"id":1484,"href":"https:\/\/skybergtech.com\/en\/wp-json\/wp\/v2\/pages\/1399\/revisions\/1484"}],"up":[{"embeddable":true,"href":"https:\/\/skybergtech.com\/en\/wp-json\/wp\/v2\/pages\/270"}],"wp:attachment":[{"href":"https:\/\/skybergtech.com\/en\/wp-json\/wp\/v2\/media?parent=1399"}],"curies":[{"name":"wp","href":"https:\/\/api.w.org\/{rel}","templated":true}]}}