{"id":1459,"date":"2020-02-01T12:51:03","date_gmt":"2020-02-01T12:51:03","guid":{"rendered":"http:\/\/web.skybergtech.com\/?page_id=1459"},"modified":"2020-06-12T21:19:59","modified_gmt":"2020-06-12T21:19:59","slug":"nabijeci-stanice","status":"publish","type":"page","link":"https:\/\/skybergtech.com\/en\/produkty\/nabijeci-stanice\/","title":{"rendered":"Fast charging station"},"content":{"rendered":"<!-- Flexy Breadcrumb -->\r\n\t\t\t<div class=\"fbc fbc-page\">\r\n\r\n\t\t\t\t<!-- Breadcrumb wrapper -->\r\n\t\t\t\t<div class=\"fbc-wrap\">\r\n\r\n\t\t\t\t\t<!-- Ordered list-->\r\n\t\t\t\t\t<ol class=\"fbc-items\" itemscope itemtype=\"https:\/\/schema.org\/BreadcrumbList\">\r\n\t\t\t\t\t\t            <li itemprop=\"itemListElement\" itemscope itemtype=\"https:\/\/schema.org\/ListItem\">\r\n                <span itemprop=\"name\">\r\n                    <!-- Home Link -->\r\n                    <a itemprop=\"item\" href=\"https:\/\/skybergtech.com\/en\">\r\n                    \r\n                                                    <i class=\"fa fa-home\" aria-hidden=\"true\"><\/i>Home                    <\/a>\r\n                <\/span>\r\n                <meta itemprop=\"position\" content=\"1\" \/><!-- Meta Position-->\r\n             <\/li><li><span class=\"fbc-separator\"> \/ <\/span><\/li><li class=\"active\" itemprop=\"itemListElement\" itemscope itemtype=\"https:\/\/schema.org\/ListItem\"><span itemprop=\"name\" title=\"Fast charging station\">Fast charging station<\/span><meta itemprop=\"position\" content=\"2\" \/><\/li>\t\t\t\t\t<\/ol>\r\n\t\t\t\t\t<div class=\"clearfix\"><\/div>\r\n\t\t\t\t<\/div>\r\n\t\t\t<\/div>\r\n\t\t\t\n\t<h3>\n\t\t\t\t\tFast charging station\n\t\t\t\t<\/h3>\n\t<p><img loading=\"lazy\" decoding=\"async\" src=\"http:\/\/web.skybergtech.com\/wp-content\/uploads\/2020\/04\/A_056_02_NABIJECI_STANICE_100kW-1024x563.png\" alt=\"\" width=\"640\" height=\"352\" \/><\/p>\n\t<p>AC \/ DC modules are galvanically separated charging modules connected as an AC \/ DC converter. The modules enable continuous regulation of output voltage and current and regulation of output power and current limitation via communication interface. They are equipped with a mains interference filter to suppress interfering terminal voltage and a choke enabling suppression of harmonic frequencies. They meet the requirements of the relevant EMC standards. The modules are primarily intended for installation in fast charging stations for electric vehicles, but they can also be used as a general galvanically isolated source of direct voltage and \/ or current.<\/p>","protected":false},"excerpt":{"rendered":"<p>Nab\u00edjec\u00ed stanice AC\/DC moduly jsou galvanicky odd\u011blen\u00e9 nab\u00edjec\u00ed moduly zapojen\u00e9 jako AC\/DC m\u011bni\u010d. Moduly umo\u017e\u0148uj\u00ed plynulou regulaci v\u00fdstupn\u00edho nap\u011bt\u00ed a proudu a regulaci omezen\u00ed v\u00fdstupn\u00edho v\u00fdkonu a proudu p\u0159es komunika\u010dn\u00ed rozhran\u00ed. Jsou osazeny s\u00ed\u0165ov\u00fdm odru\u0161ovac\u00edm filtrem pro potla\u010den\u00ed ru\u0161iv\u00e9ho svorkov\u00e9ho nap\u011bt\u00ed a tlumivkou umo\u017e\u0148uj\u00edc\u00ed potla\u010den\u00ed harmonick\u00fdch frekvenc\u00ed. Spl\u0148uj\u00ed po\u017eadavky p\u0159\u00edslu\u0161n\u00fdch EMC norem. Moduly jsou prim\u00e1rn\u011b [&hellip;]<\/p>","protected":false},"author":1,"featured_media":0,"parent":270,"menu_order":0,"comment_status":"closed","ping_status":"closed","template":"template-page-builder-no-sidebar.php","meta":{"footnotes":""},"class_list":["post-1459","page","type-page","status-publish","hentry"],"aioseo_notices":[],"_links":{"self":[{"href":"https:\/\/skybergtech.com\/en\/wp-json\/wp\/v2\/pages\/1459","targetHints":{"allow":["GET"]}}],"collection":[{"href":"https:\/\/skybergtech.com\/en\/wp-json\/wp\/v2\/pages"}],"about":[{"href":"https:\/\/skybergtech.com\/en\/wp-json\/wp\/v2\/types\/page"}],"author":[{"embeddable":true,"href":"https:\/\/skybergtech.com\/en\/wp-json\/wp\/v2\/users\/1"}],"replies":[{"embeddable":true,"href":"https:\/\/skybergtech.com\/en\/wp-json\/wp\/v2\/comments?post=1459"}],"version-history":[{"count":7,"href":"https:\/\/skybergtech.com\/en\/wp-json\/wp\/v2\/pages\/1459\/revisions"}],"predecessor-version":[{"id":2060,"href":"https:\/\/skybergtech.com\/en\/wp-json\/wp\/v2\/pages\/1459\/revisions\/2060"}],"up":[{"embeddable":true,"href":"https:\/\/skybergtech.com\/en\/wp-json\/wp\/v2\/pages\/270"}],"wp:attachment":[{"href":"https:\/\/skybergtech.com\/en\/wp-json\/wp\/v2\/media?parent=1459"}],"curies":[{"name":"wp","href":"https:\/\/api.w.org\/{rel}","templated":true}]}}