{"id":1490,"date":"2020-02-02T18:27:27","date_gmt":"2020-02-02T18:27:27","guid":{"rendered":"http:\/\/web.skybergtech.com\/?page_id=1490"},"modified":"2020-02-02T18:39:34","modified_gmt":"2020-02-02T18:39:34","slug":"trifazovy-sinusovy-filtr-sky3fsm25-400ch","status":"publish","type":"page","link":"https:\/\/skybergtech.com\/en\/trifazovy-sinusovy-filtr-sky3fsm25-400ch\/","title":{"rendered":"T\u0159\u00edf\u00e1zov\u00fd sinusov\u00fd filtr SKY3FSM2,5-400CH"},"content":{"rendered":"<h3>\n\t\t\t\t\tT\u0159\u00edf\u00e1zov\u00fd sinusov\u00fd filtr SKY3FSM2,5-400CH\n\t\t\t\t<\/h3>\n\t<p><strong>Popis<\/strong><\/p>\n<p>SKY3FSM2,5-400CH je sinusov\u00fd pasivn\u00ed LC filtr vyroben\u00fd firmou SKYBERGTECH s.r.o., ur\u010den\u00fd pro nap\u00e1jen\u00ed asynchronn\u00edch, synchronn\u00edch motor\u016f a servomotor\u016f ze st\u0159\u00edda\u010de s modula\u010dn\u00edm kmito\u010dtem od 5kHz do 16kHz. Pou\u017e\u00edv\u00e1 se i pro vytvo\u0159en\u00ed nap\u00e1jec\u00edho zdroje pomoc\u00ed st\u0159\u00edda\u010de. Kombinac\u00ed induk\u010dnost\u00ed L a kondenz\u00e1toru C je vytvo\u0159ena doln\u00ed propust, kter\u00e1 filtruje sp\u00ednac\u00ed kmito\u010det frekven\u010dn\u00edho m\u011bni\u010de. V\u00fdsledkem je sinusov\u00e9 sdru\u017een\u00e9 nap\u011bt\u00ed na v\u00fdstupu z filtru<\/p>\n<p><strong>Technick\u00e9 parametry<\/strong><\/p>\n<p>&nbsp;<\/p>\n<table>\n<tbody>\n<tr>\n<td>Jmenovit\u00e9 nap\u011bt\u00ed<\/td>\n<td>3&#215;230\/400Vac<\/td>\n<\/tr>\n<tr>\n<td>Jmenovit\u00fd proud In<\/td>\n<td>2,5A<\/td>\n<\/tr>\n<tr>\n<td>Pracovn\u00ed kmito\u010det<\/td>\n<td>0-50Hz<\/td>\n<\/tr>\n<tr>\n<td>Sp\u00ednac\u00ed kmito\u010det st\u0159\u00edda\u010de SFr<\/td>\n<td>5-16kHz<\/td>\n<\/tr>\n<tr>\n<td>Ztr\u00e1tov\u00fd v\u00fdkon<\/td>\n<td>22W<\/td>\n<\/tr>\n<tr>\n<td>Oteplen\u00ed p\u0159i In,SFr 5kHz<\/td>\n<td>40\u00b0C<\/td>\n<\/tr>\n<tr>\n<td>Provozn\u00ed teplota okol\u00ed<\/td>\n<td>od \u201340 \u00b0C do +60\u00b0C<\/td>\n<\/tr>\n<tr>\n<td>Kryt\u00ed<\/td>\n<td>IP20<\/td>\n<\/tr>\n<tr>\n<td>Zku\u0161ebn\u00ed nap\u011bt\u00ed (L1+L2+L3)\u2013PE<\/td>\n<td>2500Vdc -2s<\/td>\n<\/tr>\n<tr>\n<td>Hmotnost<\/td>\n<td>2,2Kg<\/td>\n<\/tr>\n<\/tbody>\n<\/table>\n<p><strong>Dimenzov\u00e1n\u00ed, zapojen\u00ed\u00a0<\/strong><\/p>\n<p>Dimenzuje se podle ud\u00e1van\u00fdch \u0161t\u00edtkov\u00fdch hodnot. P\u0159i instalaci do rozvad\u011b\u010d\u016f je pot\u0159eba po\u010d\u00edtat se ztr\u00e1tov\u00fdm v\u00fdkonem filtru a zabezpe\u010dit odveden\u00ed ztr\u00e1tov\u00e9ho tepla pomoc\u00ed vhodn\u011b um\u00edst\u011bn\u00e9ho ventil\u00e1toru. Je t\u0159eba d\u00e1t pozor na nastaven\u00ed sp\u00ednac\u00edho kmito\u010dtu m\u011bni\u010de. Obecn\u011b plat\u00ed, \u017ee \u010d\u00edm je sp\u00ednac\u00ed kmito\u010det vy\u0161\u0161\u00ed, t\u00edm jsou men\u0161\u00ed vysokofrekven\u010dn\u00ed ztr\u00e1ty. Proto je d\u016fle\u017eit\u00e9 dodr\u017eet minim\u00e1ln\u00ed velikost sp\u00ednac\u00ed frekvence udanou na \u0161t\u00edtku sinusov\u00e9ho filtru.<\/p>\n<p><strong>Pou\u017eit\u00ed<\/strong><\/p>\n<p>Pou\u017e\u00edvaj\u00ed se tam, kde m\u00e1me velkou vzd\u00e1lenost mezi m\u011bni\u010dem a motorem. Tam, kdepot\u0159ebujeme sn\u00ed\u017eit velikost elektromagnetick\u00e9ho vyza\u0159ov\u00e1n\u00ed. A tam, kde mus\u00ed b\u00fdt dodr\u017eena n\u00edzk\u00e1 strmost nap\u011bt\u00ed du\/dt na motoru. Pou\u017eit\u00edm sinusov\u00e9ho filtru se zabra\u0148uje p\u0159ed\u010dasn\u00e9mu st\u00e1rnut\u00ed izolace vinut\u00ed motoru.<\/p>","protected":false},"excerpt":{"rendered":"<p>T\u0159\u00edf\u00e1zov\u00fd sinusov\u00fd filtr SKY3FSM2,5-400CH Popis SKY3FSM2,5-400CH je sinusov\u00fd pasivn\u00ed LC filtr vyroben\u00fd firmou SKYBERGTECH s.r.o., ur\u010den\u00fd pro nap\u00e1jen\u00ed asynchronn\u00edch, synchronn\u00edch motor\u016f a servomotor\u016f ze st\u0159\u00edda\u010de s modula\u010dn\u00edm kmito\u010dtem od 5kHz do 16kHz. Pou\u017e\u00edv\u00e1 se i pro vytvo\u0159en\u00ed nap\u00e1jec\u00edho zdroje pomoc\u00ed st\u0159\u00edda\u010de. Kombinac\u00ed induk\u010dnost\u00ed L a kondenz\u00e1toru C je vytvo\u0159ena doln\u00ed propust, kter\u00e1 filtruje sp\u00ednac\u00ed kmito\u010det [&hellip;]<\/p>","protected":false},"author":1,"featured_media":0,"parent":0,"menu_order":0,"comment_status":"closed","ping_status":"closed","template":"template-page-builder-no-sidebar.php","meta":{"footnotes":""},"class_list":["post-1490","page","type-page","status-publish","hentry"],"aioseo_notices":[],"_links":{"self":[{"href":"https:\/\/skybergtech.com\/en\/wp-json\/wp\/v2\/pages\/1490","targetHints":{"allow":["GET"]}}],"collection":[{"href":"https:\/\/skybergtech.com\/en\/wp-json\/wp\/v2\/pages"}],"about":[{"href":"https:\/\/skybergtech.com\/en\/wp-json\/wp\/v2\/types\/page"}],"author":[{"embeddable":true,"href":"https:\/\/skybergtech.com\/en\/wp-json\/wp\/v2\/users\/1"}],"replies":[{"embeddable":true,"href":"https:\/\/skybergtech.com\/en\/wp-json\/wp\/v2\/comments?post=1490"}],"version-history":[{"count":2,"href":"https:\/\/skybergtech.com\/en\/wp-json\/wp\/v2\/pages\/1490\/revisions"}],"predecessor-version":[{"id":1492,"href":"https:\/\/skybergtech.com\/en\/wp-json\/wp\/v2\/pages\/1490\/revisions\/1492"}],"wp:attachment":[{"href":"https:\/\/skybergtech.com\/en\/wp-json\/wp\/v2\/media?parent=1490"}],"curies":[{"name":"wp","href":"https:\/\/api.w.org\/{rel}","templated":true}]}}