{"id":1705,"date":"2020-02-18T04:01:40","date_gmt":"2020-02-18T04:01:40","guid":{"rendered":"http:\/\/web.skybergtech.com\/?page_id=1705"},"modified":"2020-07-10T22:48:15","modified_gmt":"2020-07-10T22:48:15","slug":"3f-motorove-2","status":"publish","type":"page","link":"https:\/\/skybergtech.com\/en\/produkty\/tlumivky\/pro-frekvencni-menice-a-softstartery\/3f-motorove-2\/","title":{"rendered":"Three-phase motor 2%"},"content":{"rendered":"<!-- Flexy Breadcrumb -->\r\n\t\t\t<div class=\"fbc fbc-page\">\r\n\r\n\t\t\t\t<!-- Breadcrumb wrapper -->\r\n\t\t\t\t<div class=\"fbc-wrap\">\r\n\r\n\t\t\t\t\t<!-- Ordered list-->\r\n\t\t\t\t\t<ol class=\"fbc-items\" itemscope itemtype=\"https:\/\/schema.org\/BreadcrumbList\">\r\n\t\t\t\t\t\t            <li itemprop=\"itemListElement\" itemscope itemtype=\"https:\/\/schema.org\/ListItem\">\r\n                <span itemprop=\"name\">\r\n                    <!-- Home Link -->\r\n                    <a itemprop=\"item\" href=\"https:\/\/skybergtech.com\/en\">\r\n                    \r\n                                                    <i class=\"fa fa-home\" aria-hidden=\"true\"><\/i>Home                    <\/a>\r\n                <\/span>\r\n                <meta itemprop=\"position\" content=\"1\" \/><!-- Meta Position-->\r\n             <\/li><li><span class=\"fbc-separator\"> \/ <\/span><\/li><li class=\"active\" itemprop=\"itemListElement\" itemscope itemtype=\"https:\/\/schema.org\/ListItem\"><span itemprop=\"name\" title=\"Three-phase motor 2%\">Three-phase motor 2%<\/span><meta itemprop=\"position\" content=\"2\" \/><\/li>\t\t\t\t\t<\/ol>\r\n\t\t\t\t\t<div class=\"clearfix\"><\/div>\r\n\t\t\t\t<\/div>\r\n\t\t\t<\/div>\r\n\t\t\t\n\t<h3>\n\t\t\t\t\tChokes\n\t\t\t\t<\/h3>\n\t<h3>\n\t\t\t\t\tFor frequency converters and soft starters\n\t\t\t\t<\/h3>\n\t<h3>\n\t\t\t\t\tThree-phase motor 2%\n\t\t\t\t<\/h3>\n\t<h3>\n\t\t\t\t\tSKY3TLT3-5\n\t\t\t\t<\/h3>\n\t\t\t\t<a href=\"http:\/\/skybergtech.com\/wp-content\/uploads\/2020\/06\/23_THREE-PHASE-MOTOR-2-CHOKES-FOR-CURRENTS-TO-800-A.pdf\" target=\"_self\" itemprop=\"url\" rel=\"noopener noreferrer\">\n\t\t\t\t<img loading=\"lazy\" decoding=\"async\" src=\"http:\/\/skybergtech.com\/wp-content\/uploads\/2020\/06\/pdf-logo-2.jpeg\" alt=\"pdf-logo-2\" itemprop=\"image\" height=\"480\" width=\"480\" title=\"pdf-logo-2\" onerror=\"this.style.display='none'\"  \/>\n\t\t\t\t<\/a>\n\t\t\t\t<img decoding=\"async\" src=\"http:\/\/web.skybergtech.com\/wp-content\/uploads\/2020\/03\/SKY3TLT150-01_690Vac_render.png\" alt=\"SKY3TLT150-0,1_690Vac_render\" itemprop=\"image\" title=\"SKY3TLT150-0,1_690Vac_render\" onerror=\"this.style.display='none'\"  \/>\n\t<h3>\n\t\t\t\t\tSKY3TLT6-2.5\n\t\t\t\t<\/h3>\n\t\t\t\t<a href=\"http:\/\/skybergtech.com\/wp-content\/uploads\/2020\/06\/23_THREE-PHASE-MOTOR-2-CHOKES-FOR-CURRENTS-TO-800-A.pdf\" target=\"_self\" itemprop=\"url\" rel=\"noopener noreferrer\">\n\t\t\t\t<img loading=\"lazy\" decoding=\"async\" src=\"http:\/\/skybergtech.com\/wp-content\/uploads\/2020\/06\/pdf-logo-2.jpeg\" alt=\"pdf-logo-2\" itemprop=\"image\" height=\"480\" width=\"480\" title=\"pdf-logo-2\" onerror=\"this.style.display='none'\"  \/>\n\t\t\t\t<\/a>\n\t<h3>\n\t\t\t\t\tSKY3TLT10-1.5\n\t\t\t\t<\/h3>\n\t\t\t\t<a href=\"http:\/\/skybergtech.com\/wp-content\/uploads\/2020\/06\/23_THREE-PHASE-MOTOR-2-CHOKES-FOR-CURRENTS-TO-800-A.pdf\" target=\"_self\" itemprop=\"url\" rel=\"noopener noreferrer\">\n\t\t\t\t<img loading=\"lazy\" decoding=\"async\" src=\"http:\/\/skybergtech.com\/wp-content\/uploads\/2020\/06\/pdf-logo-2.jpeg\" alt=\"pdf-logo-2\" itemprop=\"image\" height=\"480\" width=\"480\" title=\"pdf-logo-2\" onerror=\"this.style.display='none'\"  \/>\n\t\t\t\t<\/a>\n\t<h3>\n\t\t\t\t\tSKY3TLT16-0.9\n\t\t\t\t<\/h3>\n\t\t\t\t<a href=\"http:\/\/skybergtech.com\/wp-content\/uploads\/2020\/06\/23_THREE-PHASE-MOTOR-2-CHOKES-FOR-CURRENTS-TO-800-A.pdf\" target=\"_self\" itemprop=\"url\" rel=\"noopener noreferrer\">\n\t\t\t\t<img loading=\"lazy\" decoding=\"async\" src=\"http:\/\/skybergtech.com\/wp-content\/uploads\/2020\/06\/pdf-logo-2.jpeg\" alt=\"pdf-logo-2\" itemprop=\"image\" height=\"480\" width=\"480\" title=\"pdf-logo-2\" onerror=\"this.style.display='none'\"  \/>\n\t\t\t\t<\/a>\n\t<h3>\n\t\t\t\t\tSKY3TLT25-0.6\n\t\t\t\t<\/h3>\n\t\t\t\t<a href=\"http:\/\/skybergtech.com\/wp-content\/uploads\/2020\/06\/23_THREE-PHASE-MOTOR-2-CHOKES-FOR-CURRENTS-TO-800-A.pdf\" target=\"_self\" itemprop=\"url\" rel=\"noopener noreferrer\">\n\t\t\t\t<img loading=\"lazy\" decoding=\"async\" src=\"http:\/\/skybergtech.com\/wp-content\/uploads\/2020\/06\/pdf-logo-2.jpeg\" alt=\"pdf-logo-2\" itemprop=\"image\" height=\"480\" width=\"480\" title=\"pdf-logo-2\" onerror=\"this.style.display='none'\"  \/>\n\t\t\t\t<\/a>\n\t<h3>\n\t\t\t\t\tSKY3TLT32-0.5\n\t\t\t\t<\/h3>\n\t\t\t\t<a href=\"http:\/\/skybergtech.com\/wp-content\/uploads\/2020\/06\/23_THREE-PHASE-MOTOR-2-CHOKES-FOR-CURRENTS-TO-800-A.pdf\" target=\"_self\" itemprop=\"url\" rel=\"noopener noreferrer\">\n\t\t\t\t<img loading=\"lazy\" decoding=\"async\" src=\"http:\/\/skybergtech.com\/wp-content\/uploads\/2020\/06\/pdf-logo-2.jpeg\" alt=\"pdf-logo-2\" itemprop=\"image\" height=\"480\" width=\"480\" title=\"pdf-logo-2\" onerror=\"this.style.display='none'\"  \/>\n\t\t\t\t<\/a>\n\t<h3>\n\t\t\t\t\tSKY3TLT40-0.4\n\t\t\t\t<\/h3>\n\t\t\t\t<a href=\"http:\/\/skybergtech.com\/wp-content\/uploads\/2020\/06\/23_THREE-PHASE-MOTOR-2-CHOKES-FOR-CURRENTS-TO-800-A.pdf\" target=\"_self\" itemprop=\"url\" rel=\"noopener noreferrer\">\n\t\t\t\t<img loading=\"lazy\" decoding=\"async\" src=\"http:\/\/skybergtech.com\/wp-content\/uploads\/2020\/06\/pdf-logo-2.jpeg\" alt=\"pdf-logo-2\" itemprop=\"image\" height=\"480\" width=\"480\" title=\"pdf-logo-2\" onerror=\"this.style.display='none'\"  \/>\n\t\t\t\t<\/a>\n\t<h3>\n\t\t\t\t\tSKY3TLT60-0.25\n\t\t\t\t<\/h3>\n\t\t\t\t<a href=\"http:\/\/skybergtech.com\/wp-content\/uploads\/2020\/06\/23_THREE-PHASE-MOTOR-2-CHOKES-FOR-CURRENTS-TO-800-A.pdf\" target=\"_self\" itemprop=\"url\" rel=\"noopener noreferrer\">\n\t\t\t\t<img loading=\"lazy\" decoding=\"async\" src=\"http:\/\/skybergtech.com\/wp-content\/uploads\/2020\/06\/pdf-logo-2.jpeg\" alt=\"pdf-logo-2\" itemprop=\"image\" height=\"480\" width=\"480\" title=\"pdf-logo-2\" onerror=\"this.style.display='none'\"  \/>\n\t\t\t\t<\/a>\n\t<h3>\n\t\t\t\t\tSKY3TLT100-0.15\n\t\t\t\t<\/h3>\n\t\t\t\t<a href=\"http:\/\/skybergtech.com\/wp-content\/uploads\/2020\/06\/23_THREE-PHASE-MOTOR-2-CHOKES-FOR-CURRENTS-TO-800-A.pdf\" target=\"_self\" itemprop=\"url\" rel=\"noopener noreferrer\">\n\t\t\t\t<img loading=\"lazy\" decoding=\"async\" src=\"http:\/\/skybergtech.com\/wp-content\/uploads\/2020\/06\/pdf-logo-2.jpeg\" alt=\"pdf-logo-2\" itemprop=\"image\" height=\"480\" width=\"480\" title=\"pdf-logo-2\" onerror=\"this.style.display='none'\"  \/>\n\t\t\t\t<\/a>\n\t<h3>\n\t\t\t\t\tSKY3TLT150-0.1\n\t\t\t\t<\/h3>\n\t\t\t\t<a href=\"http:\/\/skybergtech.com\/wp-content\/uploads\/2020\/06\/23_THREE-PHASE-MOTOR-2-CHOKES-FOR-CURRENTS-TO-800-A.pdf\" target=\"_self\" itemprop=\"url\" rel=\"noopener noreferrer\">\n\t\t\t\t<img loading=\"lazy\" decoding=\"async\" src=\"http:\/\/skybergtech.com\/wp-content\/uploads\/2020\/06\/pdf-logo-2.jpeg\" alt=\"pdf-logo-2\" itemprop=\"image\" height=\"480\" width=\"480\" title=\"pdf-logo-2\" onerror=\"this.style.display='none'\"  \/>\n\t\t\t\t<\/a>\n\t<h3>\n\t\t\t\t\tSKY3TLT200-0,08s\n\t\t\t\t<\/h3>\n\t\t\t\t<a href=\"http:\/\/skybergtech.com\/wp-content\/uploads\/2020\/06\/23_THREE-PHASE-MOTOR-2-CHOKES-FOR-CURRENTS-TO-800-A.pdf\" target=\"_self\" itemprop=\"url\" rel=\"noopener noreferrer\">\n\t\t\t\t<img loading=\"lazy\" decoding=\"async\" src=\"http:\/\/skybergtech.com\/wp-content\/uploads\/2020\/06\/pdf-logo-2.jpeg\" alt=\"pdf-logo-2\" itemprop=\"image\" height=\"480\" width=\"480\" title=\"pdf-logo-2\" onerror=\"this.style.display='none'\"  \/>\n\t\t\t\t<\/a>\n\t<h3>\n\t\t\t\t\tSKY3TLT150-0.1\n\t\t\t\t<\/h3>\n\t\t\t\t<a href=\"http:\/\/skybergtech.com\/wp-content\/uploads\/2020\/06\/23_THREE-PHASE-MOTOR-2-CHOKES-FOR-CURRENTS-TO-800-A.pdf\" target=\"_self\" itemprop=\"url\" rel=\"noopener noreferrer\">\n\t\t\t\t<img loading=\"lazy\" decoding=\"async\" src=\"http:\/\/skybergtech.com\/wp-content\/uploads\/2020\/06\/pdf-logo-2.jpeg\" alt=\"pdf-logo-2\" itemprop=\"image\" height=\"480\" width=\"480\" title=\"pdf-logo-2\" onerror=\"this.style.display='none'\"  \/>\n\t\t\t\t<\/a>\n\t<h3>\n\t\t\t\t\tSKY3TLT200-0.08\n\t\t\t\t<\/h3>\n\t\t\t\t<a href=\"http:\/\/skybergtech.com\/wp-content\/uploads\/2020\/06\/23_THREE-PHASE-MOTOR-2-CHOKES-FOR-CURRENTS-TO-800-A.pdf\" target=\"_self\" itemprop=\"url\" rel=\"noopener noreferrer\">\n\t\t\t\t<img loading=\"lazy\" decoding=\"async\" src=\"http:\/\/skybergtech.com\/wp-content\/uploads\/2020\/06\/pdf-logo-2.jpeg\" alt=\"pdf-logo-2\" itemprop=\"image\" height=\"480\" width=\"480\" title=\"pdf-logo-2\" onerror=\"this.style.display='none'\"  \/>\n\t\t\t\t<\/a>\n\t<h3>\n\t\t\t\t\tSKY3TLT300-0,05\n\t\t\t\t<\/h3>\n\t\t\t\t<a href=\"http:\/\/skybergtech.com\/wp-content\/uploads\/2020\/06\/23_THREE-PHASE-MOTOR-2-CHOKES-FOR-CURRENTS-TO-800-A.pdf\" target=\"_self\" itemprop=\"url\" rel=\"noopener noreferrer\">\n\t\t\t\t<img loading=\"lazy\" decoding=\"async\" src=\"http:\/\/skybergtech.com\/wp-content\/uploads\/2020\/06\/pdf-logo-2.jpeg\" alt=\"pdf-logo-2\" itemprop=\"image\" height=\"480\" width=\"480\" title=\"pdf-logo-2\" onerror=\"this.style.display='none'\"  \/>\n\t\t\t\t<\/a>\n\t<h3>\n\t\t\t\t\tSKY3TLT400E-0,04\n\t\t\t\t<\/h3>\n\t\t\t\t<a href=\"http:\/\/skybergtech.com\/wp-content\/uploads\/2020\/06\/23_THREE-PHASE-MOTOR-2-CHOKES-FOR-CURRENTS-TO-800-A.pdf\" target=\"_self\" itemprop=\"url\" rel=\"noopener noreferrer\">\n\t\t\t\t<img loading=\"lazy\" decoding=\"async\" src=\"http:\/\/skybergtech.com\/wp-content\/uploads\/2020\/06\/pdf-logo-2.jpeg\" alt=\"pdf-logo-2\" itemprop=\"image\" height=\"480\" width=\"480\" title=\"pdf-logo-2\" onerror=\"this.style.display='none'\"  \/>\n\t\t\t\t<\/a>\n\t<h3>\n\t\t\t\t\tSKY3TLT600-0,025\n\t\t\t\t<\/h3>\n\t\t\t\t<a href=\"http:\/\/skybergtech.com\/wp-content\/uploads\/2020\/06\/23_THREE-PHASE-MOTOR-2-CHOKES-FOR-CURRENTS-TO-800-A.pdf\" target=\"_self\" itemprop=\"url\" rel=\"noopener noreferrer\">\n\t\t\t\t<img loading=\"lazy\" decoding=\"async\" src=\"http:\/\/skybergtech.com\/wp-content\/uploads\/2020\/06\/pdf-logo-2.jpeg\" alt=\"pdf-logo-2\" itemprop=\"image\" height=\"480\" width=\"480\" title=\"pdf-logo-2\" onerror=\"this.style.display='none'\"  \/>\n\t\t\t\t<\/a>\n\t<h3>\n\t\t\t\t\tSKY3TLT800-0,014\n\t\t\t\t<\/h3>\n\t\t\t\t<a href=\"http:\/\/skybergtech.com\/wp-content\/uploads\/2020\/06\/23_THREE-PHASE-MOTOR-2-CHOKES-FOR-CURRENTS-TO-800-A.pdf\" target=\"_self\" itemprop=\"url\" rel=\"noopener noreferrer\">\n\t\t\t\t<img loading=\"lazy\" decoding=\"async\" src=\"http:\/\/skybergtech.com\/wp-content\/uploads\/2020\/06\/pdf-logo-2.jpeg\" alt=\"pdf-logo-2\" itemprop=\"image\" height=\"480\" width=\"480\" title=\"pdf-logo-2\" onerror=\"this.style.display='none'\"  \/>\n\t\t\t\t<\/a>","protected":false},"excerpt":{"rendered":"<p>Tlumivky Pro frekven\u010dn\u00ed m\u011bni\u010de a softstart\u00e9ry 3F motorov\u00e9 2% SKY3TLT3-5 SKY3TLT6-2.5 SKY3TLT10-1.5 SKY3TLT16-0.9 SKY3TLT25-0.6 SKY3TLT32-0.5 SKY3TLT40-0.4 SKY3TLT60-0.25 SKY3TLT100-0.15 SKY3TLT150-0.1 SKY3TLT200-0,08s SKY3TLT150-0.1 SKY3TLT200-0.08 SKY3TLT300-0,05 SKY3TLT400E-0,04 SKY3TLT600-0,025 SKY3TLT800-0,014<\/p>","protected":false},"author":1,"featured_media":0,"parent":1077,"menu_order":0,"comment_status":"closed","ping_status":"closed","template":"template-page-builder-no-sidebar.php","meta":{"footnotes":""},"class_list":["post-1705","page","type-page","status-publish","hentry"],"aioseo_notices":[],"_links":{"self":[{"href":"https:\/\/skybergtech.com\/en\/wp-json\/wp\/v2\/pages\/1705","targetHints":{"allow":["GET"]}}],"collection":[{"href":"https:\/\/skybergtech.com\/en\/wp-json\/wp\/v2\/pages"}],"about":[{"href":"https:\/\/skybergtech.com\/en\/wp-json\/wp\/v2\/types\/page"}],"author":[{"embeddable":true,"href":"https:\/\/skybergtech.com\/en\/wp-json\/wp\/v2\/users\/1"}],"replies":[{"embeddable":true,"href":"https:\/\/skybergtech.com\/en\/wp-json\/wp\/v2\/comments?post=1705"}],"version-history":[{"count":4,"href":"https:\/\/skybergtech.com\/en\/wp-json\/wp\/v2\/pages\/1705\/revisions"}],"predecessor-version":[{"id":2498,"href":"https:\/\/skybergtech.com\/en\/wp-json\/wp\/v2\/pages\/1705\/revisions\/2498"}],"up":[{"embeddable":true,"href":"https:\/\/skybergtech.com\/en\/wp-json\/wp\/v2\/pages\/1077"}],"wp:attachment":[{"href":"https:\/\/skybergtech.com\/en\/wp-json\/wp\/v2\/media?parent=1705"}],"curies":[{"name":"wp","href":"https:\/\/api.w.org\/{rel}","templated":true}]}}