{"id":186,"date":"2019-12-24T13:36:26","date_gmt":"2019-12-24T13:36:26","guid":{"rendered":"http:\/\/web.skybergtech.com\/?page_id=186"},"modified":"2020-07-12T04:49:53","modified_gmt":"2020-07-12T04:49:53","slug":"mereni-emc","status":"publish","type":"page","link":"https:\/\/skybergtech.com\/en\/mereni-emc\/","title":{"rendered":"EMC measurement"},"content":{"rendered":"<h3>\n\t\t\t\t\tEMC measurement\n\t\t\t\t<\/h3>\n\t<h3>\n\t\t\t\t\tEMC measurement, EMF, consulting, interference suppression\n\t\t\t\t<\/h3>\n\t<p>We perform measurements and interference suppression in the field of electromagnetic compatibility (EMC), including the design of comprehensive solutions and services<\/p>\n&#8211; Poradenstv\u00ed v oblasti elektromagnetick\u00e9 kompatibility (EMC)<br \/>\n&#8211; Nab\u00eddka m\u011b\u0159en\u00ed a ostatn\u00ed slu\u017eby :\n<ul>\n<li>Monitoring of supply voltage in LV \/ HV networks<\/li>\n<li>Determination of long-term voltage stability, short-term outages and voltage fluctuations, impulse interference, levels of radio interference, distortion by harmonic and interharmonic frequencies.<\/li>\n<li>Measurement of interfering terminal voltage in the band 9kHz to 30MHz<\/li>\n<li>Determination of the level of interference, which occurs at the terminals of the measured device during operation, or which spreads in a given place on the power supply network from other sources.<\/li>\n<li>Possibility to assess the level of interference in terms of the requirements of the relevant standard.<\/li>\n<li>Measurement of electromagnetic waves in the band 9kHz to 6 GHz<\/li>\n<li>EMF electromagnetic field measurement<\/li>\n<li>Measurement of thermal imaging<\/li>\n<li>Measurement of electromagnetic field intensity in the band 9kHz to 6 GHz<\/li>\n<li>Measuring the resistance of systems to various types of interference<\/li>\n<li>Determination of the intensity of the interfering field emitted by the measured device or object, the intensity of useful signals of radio, television and other transmitters.<\/li>\n<li>Setting up, installation, reception and measurement of a signal from space, build and construction of the entire system<\/li>\n<\/ul>\n\t\t\t\t<img decoding=\"async\" src=\"http:\/\/web.skybergtech.com\/wp-content\/uploads\/2020\/07\/m\u011b\u0159ak-1.jpg\" alt=\"m\u011b\u0159ak 1\" itemprop=\"image\" title=\"m\u011b\u0159ak 1\" onerror=\"this.style.display='none'\"  \/>\n\t\t\t\t<img decoding=\"async\" src=\"https:\/\/web.skybergtech.com\/wp-content\/uploads\/2019\/12\/Screenshot_2019-12-24-R-S\u00aeZNB-Vector-Network-Analyzer-ZNB-pdf-300x152.png\" alt=\"Screenshot_2019-12-24 R S\u00aeZNB Vector Network Analyzer - ZNB pdf\" itemprop=\"image\" title=\"Screenshot_2019-12-24 R S\u00aeZNB Vector Network Analyzer - ZNB pdf\" onerror=\"this.style.display='none'\"  \/>\n\t\t\t\t<img loading=\"lazy\" decoding=\"async\" src=\"http:\/\/skybergtech.com\/wp-content\/uploads\/2020\/07\/IMG_20200701_100931-2-scaled.jpg\" alt=\"IMG_20200701_100931\" itemprop=\"image\" height=\"1920\" width=\"2560\" title=\"IMG_20200701_100931\" onerror=\"this.style.display='none'\"  \/>","protected":false},"excerpt":{"rendered":"<p>M\u011b\u0159en\u00ed EMC M\u011b\u0159en\u00ed EMC, EMF, poradenstv\u00ed, odru\u0161en\u00ed Prov\u00e1d\u00edme m\u011b\u0159en\u00ed a odru\u0161ov\u00e1n\u00ed v oblasti elektromagnetick\u00e9 kompatibility (EMC) v\u010detn\u011b n\u00e1vrhu komplexn\u00edho \u0159e\u0161en\u00ed a slu\u017eeb &#8211; Poradenstv\u00ed v oblasti elektromagnetick\u00e9 kompatibility (EMC) &#8211; Nab\u00eddka m\u011b\u0159en\u00ed a ostatn\u00ed slu\u017eby : Monitorov\u00e1n\u00ed nap\u00e1jec\u00edho nap\u011bt\u00ed v s\u00edt\u00edch NN \/ VN Zji\u0161t\u011bn\u00ed dlouhodob\u00e9 stability nap\u011bt\u00ed, kr\u00e1tkodob\u00fdch v\u00fdpadk\u016f a kol\u00eds\u00e1n\u00ed nap\u011bt\u00ed, impulsn\u00edho ru\u0161en\u00ed, [&hellip;]<\/p>","protected":false},"author":1,"featured_media":0,"parent":0,"menu_order":0,"comment_status":"closed","ping_status":"closed","template":"template-page-builder-no-sidebar.php","meta":{"footnotes":""},"class_list":["post-186","page","type-page","status-publish","hentry"],"aioseo_notices":[],"_links":{"self":[{"href":"https:\/\/skybergtech.com\/en\/wp-json\/wp\/v2\/pages\/186","targetHints":{"allow":["GET"]}}],"collection":[{"href":"https:\/\/skybergtech.com\/en\/wp-json\/wp\/v2\/pages"}],"about":[{"href":"https:\/\/skybergtech.com\/en\/wp-json\/wp\/v2\/types\/page"}],"author":[{"embeddable":true,"href":"https:\/\/skybergtech.com\/en\/wp-json\/wp\/v2\/users\/1"}],"replies":[{"embeddable":true,"href":"https:\/\/skybergtech.com\/en\/wp-json\/wp\/v2\/comments?post=186"}],"version-history":[{"count":10,"href":"https:\/\/skybergtech.com\/en\/wp-json\/wp\/v2\/pages\/186\/revisions"}],"predecessor-version":[{"id":2670,"href":"https:\/\/skybergtech.com\/en\/wp-json\/wp\/v2\/pages\/186\/revisions\/2670"}],"wp:attachment":[{"href":"https:\/\/skybergtech.com\/en\/wp-json\/wp\/v2\/media?parent=186"}],"curies":[{"name":"wp","href":"https:\/\/api.w.org\/{rel}","templated":true}]}}