{"id":193,"date":"2019-12-24T13:53:06","date_gmt":"2019-12-24T13:53:06","guid":{"rendered":"http:\/\/web.skybergtech.com\/?page_id=193"},"modified":"2020-07-27T19:55:51","modified_gmt":"2020-07-27T19:55:51","slug":"vyzkum-a-vyvoj","status":"publish","type":"page","link":"https:\/\/skybergtech.com\/en\/vyzkum-a-vyvoj\/","title":{"rendered":"Research and development"},"content":{"rendered":"<h3>\n\t\t\t\t\tResearch and development\n\t\t\t\t<\/h3>\n\t<p><strong>Research and development<\/strong><\/p>\n<p>In the field of electromagnetic compatibility and electromagnetic field \/ EMC and EMF \/, we perform research and development, testing and observation of the radiating field, including practical tests of measurement and interference suppression.<\/p>\n<p>&nbsp;<\/p>","protected":false},"excerpt":{"rendered":"<p>V\u00fdzkum a v\u00fdvoj V\u00fdzkum a v\u00fdvoj V oblasti elektromagnetick\u00e9 kompatibility a elektromagnetick\u00e9ho pole \/ EMC a EMF \/ prov\u00e1d\u00edme v\u00fdzkum a v\u00fdvoj, testov\u00e1n\u00ed a pozorov\u00e1n\u00ed vyza\u0159uj\u00edc\u00edho pole, v\u010detn\u011b praktick\u00fdch zkou\u0161ek m\u011b\u0159en\u00ed a odru\u0161en\u00ed. &nbsp;<\/p>","protected":false},"author":1,"featured_media":0,"parent":0,"menu_order":0,"comment_status":"closed","ping_status":"closed","template":"template-page-builder-no-sidebar.php","meta":{"footnotes":""},"class_list":["post-193","page","type-page","status-publish","hentry"],"aioseo_notices":[],"_links":{"self":[{"href":"https:\/\/skybergtech.com\/en\/wp-json\/wp\/v2\/pages\/193","targetHints":{"allow":["GET"]}}],"collection":[{"href":"https:\/\/skybergtech.com\/en\/wp-json\/wp\/v2\/pages"}],"about":[{"href":"https:\/\/skybergtech.com\/en\/wp-json\/wp\/v2\/types\/page"}],"author":[{"embeddable":true,"href":"https:\/\/skybergtech.com\/en\/wp-json\/wp\/v2\/users\/1"}],"replies":[{"embeddable":true,"href":"https:\/\/skybergtech.com\/en\/wp-json\/wp\/v2\/comments?post=193"}],"version-history":[{"count":7,"href":"https:\/\/skybergtech.com\/en\/wp-json\/wp\/v2\/pages\/193\/revisions"}],"predecessor-version":[{"id":2878,"href":"https:\/\/skybergtech.com\/en\/wp-json\/wp\/v2\/pages\/193\/revisions\/2878"}],"wp:attachment":[{"href":"https:\/\/skybergtech.com\/en\/wp-json\/wp\/v2\/media?parent=193"}],"curies":[{"name":"wp","href":"https:\/\/api.w.org\/{rel}","templated":true}]}}