{"id":205,"date":"2020-01-01T22:12:44","date_gmt":"2020-01-01T22:12:44","guid":{"rendered":"http:\/\/web.skybergtech.com\/?page_id=205"},"modified":"2024-07-09T15:59:38","modified_gmt":"2024-07-09T15:59:38","slug":"zastoupeni","status":"publish","type":"page","link":"https:\/\/skybergtech.com\/en\/zastoupeni\/","title":{"rendered":"Representation"},"content":{"rendered":"<h3>\n\t\t\t\t\tCompany representation\n\t\t\t\t<\/h3>\n\t<strong>We sell all over the world<br \/>\n<\/strong>","protected":false},"excerpt":{"rendered":"<p>Zastoupen\u00ed firmy Prod\u00e1v\u00e1me do cel\u00e9ho sv\u011bta<\/p>","protected":false},"author":1,"featured_media":0,"parent":0,"menu_order":0,"comment_status":"closed","ping_status":"closed","template":"template-page-builder.php","meta":{"footnotes":""},"class_list":["post-205","page","type-page","status-publish","hentry"],"aioseo_notices":[],"_links":{"self":[{"href":"https:\/\/skybergtech.com\/en\/wp-json\/wp\/v2\/pages\/205","targetHints":{"allow":["GET"]}}],"collection":[{"href":"https:\/\/skybergtech.com\/en\/wp-json\/wp\/v2\/pages"}],"about":[{"href":"https:\/\/skybergtech.com\/en\/wp-json\/wp\/v2\/types\/page"}],"author":[{"embeddable":true,"href":"https:\/\/skybergtech.com\/en\/wp-json\/wp\/v2\/users\/1"}],"replies":[{"embeddable":true,"href":"https:\/\/skybergtech.com\/en\/wp-json\/wp\/v2\/comments?post=205"}],"version-history":[{"count":6,"href":"https:\/\/skybergtech.com\/en\/wp-json\/wp\/v2\/pages\/205\/revisions"}],"predecessor-version":[{"id":3671,"href":"https:\/\/skybergtech.com\/en\/wp-json\/wp\/v2\/pages\/205\/revisions\/3671"}],"wp:attachment":[{"href":"https:\/\/skybergtech.com\/en\/wp-json\/wp\/v2\/media?parent=205"}],"curies":[{"name":"wp","href":"https:\/\/api.w.org\/{rel}","templated":true}]}}