{"id":2108,"date":"2020-06-26T21:31:55","date_gmt":"2020-06-26T21:31:55","guid":{"rendered":"http:\/\/web.skybergtech.com\/?page_id=2108"},"modified":"2020-06-26T21:36:03","modified_gmt":"2020-06-26T21:36:03","slug":"domu-2","status":"publish","type":"page","link":"https:\/\/skybergtech.com\/en\/domu-2\/","title":{"rendered":"Home"},"content":{"rendered":"<p><img loading=\"lazy\" decoding=\"async\" src=\"http:\/\/web.skybergtech.com\/wp-content\/uploads\/2019\/12\/157700390159146317-298x300.png\" alt=\"\" width=\"298\" height=\"300\"><\/p>\n\t<h1>\n\t\t\t\t\tWelcome to website of company SKYBERGTECH s.r.o.\n\t\t\t\t<\/h1>\n\t<h1>\n\t\t\t\t\tIn the field of EMC and EMF electromagnetic compatibility, SKYBERGTECH offers highly specialized services research, development, measurement and interference suppression services, including the design of winding parts and in-house production.\n\t\t\t\t<\/h1>\n\t<h3>\n\t\t\t\t\t<a href=\"http:\/\/skybergtech.com\/en\/produkty\/\" title=\"Products\" target=\"_self\" rel=\"noopener noreferrer\">\n\t\t\t\t\t\tProducts\n\t\t\t\t\t\t<\/a>\n\t\t\t<\/h3>\n\t<h3>\n\t\t\t\t\t<a href=\"http:\/\/web.skybergtech.com\/vyzkum-a-vyvoj\/\" title=\"Research and development\" target=\"_blank\" rel=\"noopener noreferrer\">\n\t\t\t\t\t\tResearch and development\n\t\t\t\t\t\t<\/a>\n\t\t\t<\/h3>\n\t<h6>\n\t\t\t\t\t<a href=\"#\" title=\"Electromobility\" target=\"_blank\" rel=\"noopener noreferrer\">\n\t\t\t\t\t\tElectromobility\n\t\t\t\t\t\t<\/a>\n\t\t\t<\/h6>\n\t<h3>\n\t\t\t\t\t<a href=\"#\" title=\"Advice\" target=\"_blank\" rel=\"noopener noreferrer\">\n\t\t\t\t\t\tAdvice\n\t\t\t\t\t\t<\/a>\n\t\t\t<\/h3>\n\t<h3>\n\t\t\t\t\t<a href=\"http:\/\/web.skybergtech.com\/mereni-emc\/\" title=\"EMC measurement\" target=\"_blank\" rel=\"noopener noreferrer\">\n\t\t\t\t\t\tEMC measurement\n\t\t\t\t\t\t<\/a>\n\t\t\t<\/h3>\n\t<h3>\n\t\t\t\t\t<a href=\"#\" title=\"Customer support\" target=\"_blank\" rel=\"noopener noreferrer\">\n\t\t\t\t\t\tCustomer support\n\t\t\t\t\t\t<\/a>\n\t\t\t<\/h3>\n\t<h3>\n\t\t\t\t\t<a href=\"https:\/\/web.skybergtech.com\/reference\/\" title=\"Reference\" target=\"_self\" rel=\"noopener noreferrer\">\n\t\t\t\t\t\tReference\n\t\t\t\t\t\t<\/a>\n\t\t\t<\/h3>\n\t<h3>\n\t\t\t\t\tTerms and Conditions\n\t\t\t\t<\/h3>\n\t<h3>\n\t\t\t\t\tCareer\n\t\t\t\t<\/h3>\n\t<h3>\n\t\t\t\t\tNews\n\t\t\t\t<\/h3>\n\t<h3>\n\t\t\t\t\tAbout company\n\t\t\t\t<\/h3>\n\t\t\t<p>SKYBERGTECH s.r.o.<\/p>\t\t\n\t<p>SKYBERGTECH offers and designs highly specialized products, including unique solutions based on customer requirements and wishes.<\/p>\n<p>The company's services include the production and distribution of sine filters, chokes, high-frequency transformers, interference filters, surge protectors, components for photovoltaic power plants, special tempest filters for the military, production of artificial networks, charging stations for electric vehicles and winding parts.<\/p>\n<p>SKYBERGTECH focuses on a specific area of EMC and EMF measurement, consulting services, research and development, product and coiled parts design.<\/p>\n<p>Our products are used in many areas of industry, energy, the military and other sectors, which are supplied throughout the Czech Republic, the EU and worldwide.<\/p>\n\t\t\t\t<img decoding=\"async\" src=\"http:\/\/web.skybergtech.com\/wp-content\/uploads\/2019\/12\/World_blank_map_grey__white.png\" alt=\"World_blank_map_(grey_&amp;_white)\" itemprop=\"image\" title=\"World_blank_map_(grey_&amp;_white)\" onerror=\"this.style.display='none'\">","protected":false},"excerpt":{"rendered":"<p>V\u00edtejte na str\u00e1nk\u00e1ch SKYBERGTECH s.r.o. Oblast elektromagnetick\u00e9 kompatibility EMC a EMF, SKYBERGTECH nab\u00edz\u00ed vysoce specializovan\u00e9 komplexn\u00ed slu\u017eby v\u00fdzkumu, v\u00fdvoje, m\u011b\u0159en\u00ed a odru\u0161en\u00ed, v\u010detn\u011b n\u00e1vrhu vinut\u00fdch d\u00edl\u016f a vlastn\u00ed v\u00fdroby. produkty V\u00fdzkum a v\u00fdvoj Elektromobilita Poradenstv\u00ed M\u011b\u0159en\u00ed EMC Z\u00e1kaznick\u00e1 podpora Reference Obchodn\u00ed podm\u00ednky Kari\u00e9ra Novinky O spole\u010dnosti SKYBERGTECH s.r.o. SKYBERGTECH nab\u00edz\u00ed a navrhuje vysoce specializovan\u00e9 v\u00fdrobky, [&hellip;]<\/p>","protected":false},"author":1,"featured_media":0,"parent":0,"menu_order":0,"comment_status":"closed","ping_status":"closed","template":"template-page-builder-no-sidebar.php","meta":{"footnotes":""},"class_list":["post-2108","page","type-page","status-publish","hentry"],"aioseo_notices":[],"_links":{"self":[{"href":"https:\/\/skybergtech.com\/en\/wp-json\/wp\/v2\/pages\/2108","targetHints":{"allow":["GET"]}}],"collection":[{"href":"https:\/\/skybergtech.com\/en\/wp-json\/wp\/v2\/pages"}],"about":[{"href":"https:\/\/skybergtech.com\/en\/wp-json\/wp\/v2\/types\/page"}],"author":[{"embeddable":true,"href":"https:\/\/skybergtech.com\/en\/wp-json\/wp\/v2\/users\/1"}],"replies":[{"embeddable":true,"href":"https:\/\/skybergtech.com\/en\/wp-json\/wp\/v2\/comments?post=2108"}],"version-history":[{"count":1,"href":"https:\/\/skybergtech.com\/en\/wp-json\/wp\/v2\/pages\/2108\/revisions"}],"predecessor-version":[{"id":2110,"href":"https:\/\/skybergtech.com\/en\/wp-json\/wp\/v2\/pages\/2108\/revisions\/2110"}],"wp:attachment":[{"href":"https:\/\/skybergtech.com\/en\/wp-json\/wp\/v2\/media?parent=2108"}],"curies":[{"name":"wp","href":"https:\/\/api.w.org\/{rel}","templated":true}]}}