{"id":2229,"date":"2020-07-01T13:48:50","date_gmt":"2020-07-01T13:48:50","guid":{"rendered":"http:\/\/web.skybergtech.com\/?page_id=2229"},"modified":"2020-07-16T14:02:31","modified_gmt":"2020-07-16T14:02:31","slug":"zakaznicka-podpora","status":"publish","type":"page","link":"https:\/\/skybergtech.com\/en\/zakaznicka-podpora\/","title":{"rendered":"Customer support"},"content":{"rendered":"<h3>\n\t\t\t\t\tCustomer support\n\t\t\t\t<\/h3>\n\t<p><strong>Business information<\/strong><\/p>\nTel: +420 323 660 013<br \/>\nMob: +420 777 750 123<br \/>\n<a href=\"mailto:obchod@skybergtech.com\">obchod@skybergtech.com<\/a>\n\t\t\t<a href=\"http:\/\/skybergtech.com\/en\/obchodni-informace\/\" target=\"_self\" role=\"button\" rel=\"noopener noreferrer\">\n\t\t\t\t\t\tContact form\n\t\t<\/a>\n<p><strong>Technical department<\/strong><\/p>\nTel: +420 323 603 543<br \/>\nMob: +420 603 433 583<br \/>\n<a href=\"mailto:technology@skybergtech.com\">technology@skybergtech.com<\/a>\n\t\t\t<a href=\"http:\/\/skybergtech.com\/en\/technicke-informace\/\" target=\"_self\" role=\"button\" rel=\"noopener noreferrer\">\n\t\t\t\t\t\tContact form\n\t\t<\/a>\n\t<p><strong><strong>Construction and technical department<\/strong><\/strong><\/p>\nTel: +420 323 601 773<br \/>\nMob: +420 734 579 392<br \/>\n<a href=\"mailto:design@skybergtech.com\">design@skybergtech.com<\/a>\n\t\t\t<a href=\"http:\/\/skybergtech.com\/en\/konstrukce\/\" target=\"_self\" role=\"button\" rel=\"noopener noreferrer\">\n\t\t\t\t\t\tContact form\n\t\t<\/a>","protected":false},"excerpt":{"rendered":"<p>Z\u00e1kaznick\u00e1 podpora Obchodn\u00ed informace Tel: +420 323 660 013 Mob: +420 777 750 123 obchod@skybergtech.com Kontaktn\u00ed formul\u00e1\u0159 Technick\u00e9 informace Tel: +420 323 603 543 Mob: +420 603 433 583 technology@skybergtech.com Kontaktn\u00ed formul\u00e1\u0159 Konstrukce a technick\u00e9 odd\u011blen\u00ed Tel: +420 323 601 773 Mob: +420 734 579 392 design@skybergtech.com Kontaktn\u00ed formul\u00e1\u0159<\/p>","protected":false},"author":1,"featured_media":0,"parent":0,"menu_order":0,"comment_status":"closed","ping_status":"closed","template":"template-page-builder-no-sidebar.php","meta":{"footnotes":""},"class_list":["post-2229","page","type-page","status-publish","hentry"],"aioseo_notices":[],"_links":{"self":[{"href":"https:\/\/skybergtech.com\/en\/wp-json\/wp\/v2\/pages\/2229","targetHints":{"allow":["GET"]}}],"collection":[{"href":"https:\/\/skybergtech.com\/en\/wp-json\/wp\/v2\/pages"}],"about":[{"href":"https:\/\/skybergtech.com\/en\/wp-json\/wp\/v2\/types\/page"}],"author":[{"embeddable":true,"href":"https:\/\/skybergtech.com\/en\/wp-json\/wp\/v2\/users\/1"}],"replies":[{"embeddable":true,"href":"https:\/\/skybergtech.com\/en\/wp-json\/wp\/v2\/comments?post=2229"}],"version-history":[{"count":12,"href":"https:\/\/skybergtech.com\/en\/wp-json\/wp\/v2\/pages\/2229\/revisions"}],"predecessor-version":[{"id":2790,"href":"https:\/\/skybergtech.com\/en\/wp-json\/wp\/v2\/pages\/2229\/revisions\/2790"}],"wp:attachment":[{"href":"https:\/\/skybergtech.com\/en\/wp-json\/wp\/v2\/media?parent=2229"}],"curies":[{"name":"wp","href":"https:\/\/api.w.org\/{rel}","templated":true}]}}