{"id":2246,"date":"2020-07-02T20:12:00","date_gmt":"2020-07-02T20:12:00","guid":{"rendered":"http:\/\/web.skybergtech.com\/?page_id=2246"},"modified":"2020-07-08T16:39:44","modified_gmt":"2020-07-08T16:39:44","slug":"poradenstvi","status":"publish","type":"page","link":"https:\/\/skybergtech.com\/en\/poradenstvi\/","title":{"rendered":"Advice"},"content":{"rendered":"<h3>\n\t\t\t\t\tAdvice\n\t\t\t\t<\/h3>\n\t<h3>\n\t\t\t\t\tPoradenstv\u00ed &#8211; M\u011b\u0159en\u00ed &#8211; Odru\u0161en\u00ed v oblasti EMC a EMF\n\t\t\t\t<\/h3>\n\t<p><strong>We perform measurements and interference suppression in the field of electromagnetic compatibility (EMC), including the design of comprehensive solutions and services with 25 years of experience.<\/strong><\/p>\n<p>As part of electromagnetic compatibility (EMC), we offer and perform a number of special measurements in the field of electromagnetic interference with maximum measurement reliability. Measurements are performed to ensure the functionality of electrical equipment, which aims to determine, for example, the cause of incorrect behavior of electronic systems, their accidental or repeated damage, power supply quality and level of electromagnetic interference at the site before system installation, pre-certification interference measurement, measuring the shielding efficiency electromagnetic environment), attenuation of the filters or determination of the resistance of the equipment to various types of interference. Furthermore, the company offers technical assistance, consultation of the structural arrangement from the point of view of EMC and proposals for measures to reduce the amount of interfering voltage. We determine the relationships between individual systems or system elements so that during their operation there is no mutual negative influence by electromagnetic interference. Our measurements also make it possible to find, for example, the cause of monitor image oscillations, damage to computer network equipment or their unreliable function, problems with the operation of uninterruptible power supplies (UPS), etc. We use the top performance of spectrum analyzers and sensors. We also offer measurement of interference voltage conducted over the network in the frequency band 9kHz to 30MHz and based on the measurement results, we will prepare a protocol, a technical report in which we assess the levels of interference according to relevant standards. In case of an unsatisfactory result, we will find out the cause of this condition and propose measures to eliminate the problem. By prior arrangement, the measurement may include the installation of an interference filter (sine filter) and subsequent re-measurement until the desired result is found.<\/p>\n<p><strong>What is electromagnetic compatibility and what does it deal with?<\/strong><\/p>\n<p>Zvy\u0161uj\u00edc\u00ed se po\u010det slo\u017eit\u011bj\u0161\u00edch elektrick\u00fdch za\u0159\u00edzen\u00ed spolu s roz\u0161i\u0159ov\u00e1n\u00edm v\u0161ech typ\u016f telekomunika\u010dn\u00edch a radiokomunika\u010dn\u00edch slu\u017eeb m\u00e1 za n\u00e1sledek vznik a ne\u017e\u00e1douc\u00ed p\u016fsoben\u00ed r\u016fzn\u00fdch druh\u016f ru\u0161iv\u00fdch elektromagnetick\u00fdch sign\u00e1l\u016f. Tyto sign\u00e1ly zt\u011b\u017euj\u00ed \u010di dokonce znemo\u017e\u0148uj\u00ed nejen funkci okoln\u00edch citliv\u00fdch p\u0159ij\u00edma\u010d\u016f, ale mohou podstatnou m\u00edrou ovlivnit jak\u00e9koliv elektrick\u00e9 za\u0159\u00edzen\u00ed v\u010detn\u011b techniky, v\u00fdpo\u010detn\u00ed techniky a p\u0159enos dat. Vz\u00e1jemn\u00e1 funk\u010dn\u00ed koexistence elektrick\u00fdch za\u0159\u00edzen\u00ed nejr\u016fzn\u011bj\u0161\u00edho druhu je proto z\u00e1kladn\u00edm d\u016fvodem zvy\u0161uj\u00edc\u00edho se z\u00e1jmu odborn\u00e9 i laick\u00e9 ve\u0159ejnosti o problematiku elektromagnetick\u00e9 kompatibility (EMC). Elektromagnetick\u00e1 kompatibilita (EMC) je definov\u00e1na jako schopnost za\u0159\u00edzen\u00ed, syst\u00e9mu \u010di p\u0159\u00edstroje vykazovat spr\u00e1vnou \u010dinnost i v prost\u0159ed\u00ed, v n\u011bm\u017e p\u016fsob\u00ed jin\u00e1 za\u0159\u00edzen\u00ed a naopak, neovliv\u0148ovat svou vlastn\u00ed \u010dinnost\u00ed sv\u00e9 okoln\u00ed prost\u0159ed\u00ed a tedy i za\u0159\u00edzen\u00ed v n\u011bm um\u00edst\u011bn\u00e1. Nesm\u00edme v\u0161ak zapom\u00ednat na \u010dasto neuv\u00e1d\u011bn\u00fd, av\u0161ak logick\u00fd dov\u011btek definice EMC &#8211; za\u0159\u00edzen\u00ed nesm\u00ed ru\u0161it (ovliv\u0148ovat) samo sebe. Elektromagnetick\u00e1 kompatibilita, jako\u017eto samostatn\u00fd v\u011bdeck\u00fd obor, vznikla v 60-tich letech v USA a pom\u011brn\u011b dlouhou dobu (8 a\u017e 15 let) byla p\u0159edm\u011btem z\u00e1jmu jen \u00fazk\u00e9ho okruhu odborn\u00edk\u016f v elektrotechnice, pracuj\u00edc\u00edch v \u00fazk\u00e9m oboru vojensk\u00e9ho a kosmick\u00e9ho pr\u016fmyslu. S prudk\u00fdm rozvojem elektrotechniky, zejm\u00e9na mikroprocesorov\u00fdch-kybernetick\u00fdch syst\u00e9m\u016f, zvy\u0161ov\u00e1n\u00edm v\u00fdkon\u016f a roz\u0161i\u0159ov\u00e1n\u00edm kmito\u010dtov\u00fdch p\u00e1sem, nahrazov\u00e1n\u00edm kov\u016f plasty, zvy\u0161ov\u00e1n\u00edm p\u0159enosov\u00fdch rychlost\u00ed t.j. digitalizac\u00ed a jin\u00fdch technologi\u00ed. V posledn\u00edch desetilet\u00edch a p\u0159echodu do 21 stolet\u00ed EMC pronik\u00e1 prakticky do v\u0161ech oblast\u00ed ka\u017edodenn\u00edho \u017eivota a st\u00e1le v\u00edce se dot\u00fdk\u00e1 cel\u00e9 civilizace.<\/p>\n<p><strong>Measurement offer and other services:<\/strong><\/p>\n<ul>\n<li>\u00a0Monitoring of supply voltage in LV \/ HV networks<\/li>\n<li>Determination of long-term voltage stability, short-term outages and voltage fluctuations, impulse interference, levels of radio interference, distortion by harmonic and interharmonic frequencies.<\/li>\n<li>Measurement of interfering terminal voltage in the band 9kHz to 30MHz<\/li>\n<li>Determination of the level of interference, which occurs at the terminals of the measured device during operation, or which spreads in a given place on the power supply network from other sources.<\/li>\n<li>Possibility to assess the level of interference in terms of the requirements of the relevant standard.<\/li>\n<li>Measurement of electromagnetic waves in the band 9kHz to 6 GHz<\/li>\n<li>EMF electromagnetic field measurement<\/li>\n<li>Measurement of thermal imaging<\/li>\n<li>Measurement of electromagnetic field intensity in the band 9kHz to 6GHz<\/li>\n<li>Measuring the resistance of systems to various types of interference<\/li>\n<li>Determination of the intensity of the interfering field emitted by the measured device or object, the intensity of useful signals of radio, television and other transmitters.<\/li>\n<li>Setting up, installation, reception and measurement of a signal from space, build and construction of the entire system<\/li>\n<li>Winding coils<\/li>\n<li>Interruption of the security system<\/li>\n<li>Security system installation<\/li>\n<li>Designs of chokes, filters, transformers, converters, sine filters and specialsDesigns of chokes, filters, transformers, converters, sine filters and specials<\/li>\n<li>Development of measuring software<\/li>\n<li>Consulting and audit reports<\/li>\n<\/ul>\n\t\t\t\t<img decoding=\"async\" src=\"http:\/\/web.skybergtech.com\/wp-content\/uploads\/2020\/07\/M_ddd.jpg\" alt=\"M_ddd\" itemprop=\"image\" title=\"M_ddd\" onerror=\"this.style.display='none'\"  \/>\n\t\t\t\t<img decoding=\"async\" src=\"http:\/\/web.skybergtech.com\/wp-content\/uploads\/2020\/07\/Vlak3.jpg\" alt=\"Vlak3\" itemprop=\"image\" title=\"Vlak3\" onerror=\"this.style.display='none'\"  \/>\n\t\t\t\t<img decoding=\"async\" src=\"http:\/\/web.skybergtech.com\/wp-content\/uploads\/2020\/07\/M_109a.jpg\" alt=\"M_109a\" itemprop=\"image\" title=\"M_109a\" onerror=\"this.style.display='none'\"  \/>\n\t\t\t\t<img decoding=\"async\" src=\"http:\/\/web.skybergtech.com\/wp-content\/uploads\/2020\/07\/Vlak-6.jpg\" alt=\"Vlak 6\" itemprop=\"image\" title=\"Vlak 6\" onerror=\"this.style.display='none'\"  \/>\n\t\t\t\t<img decoding=\"async\" src=\"http:\/\/web.skybergtech.com\/wp-content\/uploads\/2020\/07\/Vlak-2.jpg\" alt=\"Vlak 2\" itemprop=\"image\" title=\"Vlak 2\" onerror=\"this.style.display='none'\"  \/>\n\t\t\t\t<img decoding=\"async\" src=\"http:\/\/web.skybergtech.com\/wp-content\/uploads\/2020\/07\/M_2013-03-08-618.jpg\" alt=\"M_2013-03-08-618\" itemprop=\"image\" title=\"M_2013-03-08-618\" onerror=\"this.style.display='none'\"  \/>\n\t\t\t\t<img decoding=\"async\" src=\"http:\/\/web.skybergtech.com\/wp-content\/uploads\/2020\/07\/55b-scaled.jpg\" alt=\"55b\" itemprop=\"image\" title=\"55b\" onerror=\"this.style.display='none'\"  \/>","protected":false},"excerpt":{"rendered":"<p>Poradenstv\u00ed Poradenstv\u00ed &#8211; M\u011b\u0159en\u00ed &#8211; Odru\u0161en\u00ed v oblasti EMC a EMF Prov\u00e1d\u00edme m\u011b\u0159en\u00ed a odru\u0161ov\u00e1n\u00ed v oblasti elektromagnetick\u00e9 kompatibility (EMC) v\u010detn\u011b n\u00e1vrhu komplexn\u00edho \u0159e\u0161en\u00ed a slu\u017eeb s 25 letou zku\u0161enost\u00ed. V r\u00e1mci elektromagnetick\u00e9 kompatibility (EMC) nab\u00edz\u00edme a prov\u00e1d\u00edme \u0159adu speci\u00e1ln\u00edch m\u011b\u0159en\u00ed v oblasti elektromagnetick\u00e9ho ru\u0161en\u00ed s maxim\u00e1ln\u00ed spolehlivost\u00ed m\u011b\u0159en\u00ed. M\u011b\u0159en\u00ed se prov\u00e1d\u00ed pro zaji\u0161t\u011bn\u00ed funkceschopnosti [&hellip;]<\/p>","protected":false},"author":1,"featured_media":0,"parent":0,"menu_order":0,"comment_status":"closed","ping_status":"closed","template":"template-page-builder-no-sidebar.php","meta":{"footnotes":""},"class_list":["post-2246","page","type-page","status-publish","hentry"],"aioseo_notices":[],"_links":{"self":[{"href":"https:\/\/skybergtech.com\/en\/wp-json\/wp\/v2\/pages\/2246","targetHints":{"allow":["GET"]}}],"collection":[{"href":"https:\/\/skybergtech.com\/en\/wp-json\/wp\/v2\/pages"}],"about":[{"href":"https:\/\/skybergtech.com\/en\/wp-json\/wp\/v2\/types\/page"}],"author":[{"embeddable":true,"href":"https:\/\/skybergtech.com\/en\/wp-json\/wp\/v2\/users\/1"}],"replies":[{"embeddable":true,"href":"https:\/\/skybergtech.com\/en\/wp-json\/wp\/v2\/comments?post=2246"}],"version-history":[{"count":5,"href":"https:\/\/skybergtech.com\/en\/wp-json\/wp\/v2\/pages\/2246\/revisions"}],"predecessor-version":[{"id":2335,"href":"https:\/\/skybergtech.com\/en\/wp-json\/wp\/v2\/pages\/2246\/revisions\/2335"}],"wp:attachment":[{"href":"https:\/\/skybergtech.com\/en\/wp-json\/wp\/v2\/media?parent=2246"}],"curies":[{"name":"wp","href":"https:\/\/api.w.org\/{rel}","templated":true}]}}