{"id":2251,"date":"2020-07-02T20:15:11","date_gmt":"2020-07-02T20:15:11","guid":{"rendered":"http:\/\/web.skybergtech.com\/?page_id=2251"},"modified":"2020-07-17T10:02:12","modified_gmt":"2020-07-17T10:02:12","slug":"elektromobilita","status":"publish","type":"page","link":"https:\/\/skybergtech.com\/en\/elektromobilita\/","title":{"rendered":"Electromobility"},"content":{"rendered":"<h3>\n\t\t\t\t\tFast charging station and AC\/AC modules\n\t\t\t\t<\/h3>\n\t<ul>\n<li>5th generation of galvanically separated charging stations and charging modules for fast charging of electric cars and electric buses<\/li>\n<li>rychlonab\u00edjec\u00ed stanice &#8211; moduly od 50 kW do 1 MW<\/li>\n<\/ul>\n<p>&nbsp;<\/p>\n<ul>\n<li>SPEEDY-CHARGER-SKY-50-R55_V9 \u00a0 \u00a0 \u00a0\u00a0 <a href=\"http:\/\/skybergtech.com\/wp-content\/uploads\/2020\/06\/SPEEDY-CHARGER-SKY-50-R55_V9_CZ.pdf\"><img loading=\"lazy\" decoding=\"async\" src=\"http:\/\/web.skybergtech.com\/wp-content\/uploads\/2020\/06\/pdf-logo-2-300x300.jpeg\" alt=\"\" width=\"50\" height=\"50\" \/><\/a><\/li>\n<\/ul>\n<p>&nbsp;<\/p>\n<ul>\n<li>SPEEDY-CHARGER-SKY-100-R55_V9 \u00a0\u00a0 \u00a0\u00a0<a href=\"http:\/\/skybergtech.com\/wp-content\/uploads\/2020\/06\/SPEEDY-CHARGER-SKY-100-R55_V9_CZ.pdf\"><img loading=\"lazy\" decoding=\"async\" src=\"http:\/\/web.skybergtech.com\/wp-content\/uploads\/2020\/06\/pdf-logo-2-300x300.jpeg\" alt=\"\" width=\"50\" height=\"50\" \/><\/a><\/li>\n<\/ul>\n<p>&nbsp;<\/p>\n<ul>\n<li>SPEEDY-CHARGER-SKY-200-R55_V9 \u00a0 \u00a0 \u00a0<a href=\"http:\/\/skybergtech.com\/wp-content\/uploads\/2020\/07\/SPEEDY-CHARGER-SKY-200-R55_V9_CZ.pdf\"><img loading=\"lazy\" decoding=\"async\" src=\"http:\/\/web.skybergtech.com\/wp-content\/uploads\/2020\/06\/pdf-logo-2-300x300.jpeg\" alt=\"\" width=\"50\" height=\"50\" \/><\/a><\/li>\n<\/ul>\n\t\t\t\t<img decoding=\"async\" src=\"http:\/\/web.skybergtech.com\/wp-content\/uploads\/2020\/07\/13.jpg\" alt=\"13\" itemprop=\"image\" title=\"13\" onerror=\"this.style.display='none'\"  \/>","protected":false},"excerpt":{"rendered":"<p>Nab\u00edjec\u00ed stanice a AC\/DC moduly 5. generace galvanicky odd\u011blen\u00fdch nab\u00edjec\u00edch stanic a nab\u00edjec\u00edch modul\u016f pro rychl\u00e9 nab\u00edjen\u00ed elektromobil\u016f a elektrobus\u016f rychlonab\u00edjec\u00ed stanice &#8211; moduly od 50 kW do 1 MW &nbsp; SPEEDY-CHARGER-SKY-50-R55_V9 \u00a0 \u00a0 \u00a0\u00a0 &nbsp; SPEEDY-CHARGER-SKY-100-R55_V9 \u00a0\u00a0 \u00a0\u00a0 &nbsp; SPEEDY-CHARGER-SKY-200-R55_V9 \u00a0 \u00a0 \u00a0<\/p>","protected":false},"author":1,"featured_media":0,"parent":0,"menu_order":0,"comment_status":"closed","ping_status":"closed","template":"template-page-builder-no-sidebar.php","meta":{"footnotes":""},"class_list":["post-2251","page","type-page","status-publish","hentry"],"aioseo_notices":[],"_links":{"self":[{"href":"https:\/\/skybergtech.com\/en\/wp-json\/wp\/v2\/pages\/2251","targetHints":{"allow":["GET"]}}],"collection":[{"href":"https:\/\/skybergtech.com\/en\/wp-json\/wp\/v2\/pages"}],"about":[{"href":"https:\/\/skybergtech.com\/en\/wp-json\/wp\/v2\/types\/page"}],"author":[{"embeddable":true,"href":"https:\/\/skybergtech.com\/en\/wp-json\/wp\/v2\/users\/1"}],"replies":[{"embeddable":true,"href":"https:\/\/skybergtech.com\/en\/wp-json\/wp\/v2\/comments?post=2251"}],"version-history":[{"count":15,"href":"https:\/\/skybergtech.com\/en\/wp-json\/wp\/v2\/pages\/2251\/revisions"}],"predecessor-version":[{"id":2801,"href":"https:\/\/skybergtech.com\/en\/wp-json\/wp\/v2\/pages\/2251\/revisions\/2801"}],"wp:attachment":[{"href":"https:\/\/skybergtech.com\/en\/wp-json\/wp\/v2\/media?parent=2251"}],"curies":[{"name":"wp","href":"https:\/\/api.w.org\/{rel}","templated":true}]}}