{"id":270,"date":"2020-01-09T21:08:00","date_gmt":"2020-01-09T21:08:00","guid":{"rendered":"http:\/\/web.skybergtech.com\/?page_id=270"},"modified":"2020-07-22T17:19:17","modified_gmt":"2020-07-22T17:19:17","slug":"produkty","status":"publish","type":"page","link":"https:\/\/skybergtech.com\/en\/produkty\/","title":{"rendered":"Products"},"content":{"rendered":"<h1>\n\t\t\t\t\tProducts\n\t\t\t\t<\/h1>\n\t<h3>\n\t\t\t\t\t<a href=\"http:\/\/skybergtech.com\/en\/produkty\/sinusove-filtry\/\" title=\"Sinusoidal filters\" target=\"_self\" rel=\"noopener noreferrer\">\n\t\t\t\t\t\tSinusoidal filters\n\t\t\t\t\t\t<\/a>\n\t\t\t<\/h3>\n\t<h3>\n\t\t\t\t\t<a href=\"http:\/\/skybergtech.com\/en\/produkty\/odrusovaci-filtry\/\" title=\"Interference suppression filters\" target=\"_self\" rel=\"noopener noreferrer\">\n\t\t\t\t\t\tInterference suppression filters\n\t\t\t\t\t\t<\/a>\n\t\t\t<\/h3>\n\t<h3>\n\t\t\t\t\t<a href=\"http:\/\/skybergtech.com\/en\/tlumivky\/\" title=\"Chokes\" target=\"_self\" rel=\"noopener noreferrer\">\n\t\t\t\t\t\tChokes\n\t\t\t\t\t\t<\/a>\n\t\t\t<\/h3>\n\t<h3>\n\t\t\t\t\t<a href=\"http:\/\/skybergtech.com\/en\/produkty\/transformatory\/\" title=\"HF TRANSFORMERS\" target=\"_self\" rel=\"noopener noreferrer\">\n\t\t\t\t\t\tHF TRANSFORMERS\n\t\t\t\t\t\t<\/a>\n\t\t\t<\/h3>\n\t<h3>\n\t\t\t\t\t<a href=\"http:\/\/skybergtech.com\/en\/produkty\/kondenzatory-pro-sinusove-filtry\/\" title=\"Condenser for sinusoidal filters\" target=\"_self\" rel=\"noopener noreferrer\">\n\t\t\t\t\t\tCondenser for sinusoidal filters\n\t\t\t\t\t\t<\/a>\n\t\t\t<\/h3>\n\t<h3>\n\t\t\t\t\t<a href=\"http:\/\/skybergtech.com\/en\/produkty\/filtry-du-dt\/\" title=\"Filters DU\/DT\" target=\"_self\" rel=\"noopener noreferrer\">\n\t\t\t\t\t\tFilters DU\/DT\n\t\t\t\t\t\t<\/a>\n\t\t\t<\/h3>\n\t<h3>\n\t\t\t\t\t<a href=\"http:\/\/skybergtech.com\/en\/produkty\/svodice-prepeti\/\" title=\"Surge voltage protectors\" target=\"_self\" rel=\"noopener noreferrer\">\n\t\t\t\t\t\tSurge voltage protectors\n\t\t\t\t\t\t<\/a>\n\t\t\t<\/h3>\n\t<h3>\n\t\t\t\t\t<a href=\"http:\/\/skybergtech.com\/en\/produkty\/set-pro-solarni-elektrarny\/\" title=\"SET for photovoltaic power Power stations.\" target=\"_self\" rel=\"noopener noreferrer\">\n\t\t\t\t\t\tSET for photovoltaic power Power stations.\n\t\t\t\t\t\t<\/a>\n\t\t\t<\/h3>\n\t<h3>\n\t\t\t\t\t<a href=\"http:\/\/skybergtech.com\/en\/tempest\/\" title=\"TEMPEST filters\" target=\"_self\" rel=\"noopener noreferrer\">\n\t\t\t\t\t\tTEMPEST filters\n\t\t\t\t\t\t<\/a>\n\t\t\t<\/h3>\n\t<h3>\n\t\t\t\t\t<a href=\"http:\/\/skybergtech.com\/en\/produkty\/prodluzovaci-privody\/\" title=\"Cord extension set\" target=\"_self\" rel=\"noopener noreferrer\">\n\t\t\t\t\t\tCord extension set\n\t\t\t\t\t\t<\/a>\n\t\t\t<\/h3>\n\t<h3>\n\t\t\t\t\t<a href=\"http:\/\/skybergtech.com\/en\/produkty\/prislusenstvi-pro-menice\/\" title=\"Accessories for inverters\" target=\"_self\" rel=\"noopener noreferrer\">\n\t\t\t\t\t\tAccessories for inverters\n\t\t\t\t\t\t<\/a>\n\t\t\t<\/h3>\n\t<h3>\n\t\t\t\t\t<a href=\"http:\/\/skybergtech.com\/en\/pristroje\/\" title=\"LISN - Artificial networks\" target=\"_self\" rel=\"noopener noreferrer\">\n\t\t\t\t\t\tLISN - Artificial networks\n\t\t\t\t\t\t<\/a>\n\t\t\t<\/h3>\n\t<h3>\n\t\t\t\t\t<a href=\"http:\/\/skybergtech.com\/en\/produkty\/nabijeci-stanice\/\" title=\"Fast charging station\" target=\"_self\" rel=\"noopener noreferrer\">\n\t\t\t\t\t\tFast charging station\n\t\t\t\t\t\t<\/a>\n\t\t\t<\/h3>","protected":false},"excerpt":{"rendered":"<p>Produkty Sinusov\u00e9 filtry Odru\u0161ovac\u00ed filtry Tlumivky Vysokofrekven\u010dn\u00ed Transform\u00e1tory Kondenz\u00e1tory pro sinusov\u00e9 filtry Filtry DU \/ DT Svodi\u010de p\u0159ep\u011bt\u00ed SET pro fotovoltaick\u00e9 elektr\u00e1rny TEMPEST filtry Prodlu\u017eovac\u00ed p\u0159\u00edvody P\u0159\u00edslu\u0161entv\u00ed pro m\u011bni\u010de Um\u011bl\u00e9 s\u00edt\u011b Nab\u00edjec\u00ed stanice<\/p>","protected":false},"author":1,"featured_media":0,"parent":0,"menu_order":0,"comment_status":"closed","ping_status":"closed","template":"template-page-builder-no-sidebar.php","meta":{"footnotes":""},"class_list":["post-270","page","type-page","status-publish","hentry"],"aioseo_notices":[],"_links":{"self":[{"href":"https:\/\/skybergtech.com\/en\/wp-json\/wp\/v2\/pages\/270","targetHints":{"allow":["GET"]}}],"collection":[{"href":"https:\/\/skybergtech.com\/en\/wp-json\/wp\/v2\/pages"}],"about":[{"href":"https:\/\/skybergtech.com\/en\/wp-json\/wp\/v2\/types\/page"}],"author":[{"embeddable":true,"href":"https:\/\/skybergtech.com\/en\/wp-json\/wp\/v2\/users\/1"}],"replies":[{"embeddable":true,"href":"https:\/\/skybergtech.com\/en\/wp-json\/wp\/v2\/comments?post=270"}],"version-history":[{"count":46,"href":"https:\/\/skybergtech.com\/en\/wp-json\/wp\/v2\/pages\/270\/revisions"}],"predecessor-version":[{"id":2843,"href":"https:\/\/skybergtech.com\/en\/wp-json\/wp\/v2\/pages\/270\/revisions\/2843"}],"wp:attachment":[{"href":"https:\/\/skybergtech.com\/en\/wp-json\/wp\/v2\/media?parent=270"}],"curies":[{"name":"wp","href":"https:\/\/api.w.org\/{rel}","templated":true}]}}