{"id":273,"date":"2020-01-09T21:31:52","date_gmt":"2020-01-09T21:31:52","guid":{"rendered":"http:\/\/web.skybergtech.com\/?page_id=273"},"modified":"2020-03-20T19:58:08","modified_gmt":"2020-03-20T19:58:08","slug":"odrusovaci-filtry-rada-b","status":"publish","type":"page","link":"https:\/\/skybergtech.com\/en\/produkty\/odrusovaci-filtry-rada-b\/","title":{"rendered":"Interference suppression filters series B"},"content":{"rendered":"<!-- Flexy Breadcrumb -->\r\n\t\t\t<div class=\"fbc fbc-page\">\r\n\r\n\t\t\t\t<!-- Breadcrumb wrapper -->\r\n\t\t\t\t<div class=\"fbc-wrap\">\r\n\r\n\t\t\t\t\t<!-- Ordered list-->\r\n\t\t\t\t\t<ol class=\"fbc-items\" itemscope itemtype=\"https:\/\/schema.org\/BreadcrumbList\">\r\n\t\t\t\t\t\t            <li itemprop=\"itemListElement\" itemscope itemtype=\"https:\/\/schema.org\/ListItem\">\r\n                <span itemprop=\"name\">\r\n                    <!-- Home Link -->\r\n                    <a itemprop=\"item\" href=\"https:\/\/skybergtech.com\/en\">\r\n                    \r\n                                                    <i class=\"fa fa-home\" aria-hidden=\"true\"><\/i>Home                    <\/a>\r\n                <\/span>\r\n                <meta itemprop=\"position\" content=\"1\" \/><!-- Meta Position-->\r\n             <\/li><li><span class=\"fbc-separator\"> \/ <\/span><\/li><li class=\"active\" itemprop=\"itemListElement\" itemscope itemtype=\"https:\/\/schema.org\/ListItem\"><span itemprop=\"name\" title=\"Interference suppression filters series B\">Interference suppression filters series B<\/span><meta itemprop=\"position\" content=\"2\" \/><\/li>\t\t\t\t\t<\/ol>\r\n\t\t\t\t\t<div class=\"clearfix\"><\/div>\r\n\t\t\t\t<\/div>\r\n\t\t\t<\/div>\r\n\t\t\t\n\t<h3>\n\t\t\t\t\tOdru\u0161ovac\u00ed filtry &#8211; \u0159ada B\n\t\t\t\t<\/h3>\n\t<p><img loading=\"lazy\" decoding=\"async\" src=\"http:\/\/web.skybergtech.com\/wp-content\/uploads\/2020\/03\/SKY1FL1600B-1024x549.png\" alt=\"\" width=\"640\" height=\"343\" \/>Odru\u0161ovac\u00ed filtry \u0159ady B vyu\u017e\u00edvaj\u00ed kombinace induk\u010dnosti L a kondenz\u00e1toru C pro vytvo\u0159en\u00ed doln\u00ed propusti, kter\u00e1 potla\u010duje ne\u017e\u00e1douc\u00ed frekvence v obvodu. Vyzna\u010duj\u00ed se jednoduch\u00fdm L \u010dl\u00e1nkem. Filtry vyr\u00e1b\u00edme s proudov\u00fdm zat\u00ed\u017een\u00edm od 1 A do 2500 A. Jsou ulo\u017een\u00e9 v plastov\u00e9 nebo kovov\u00e9 krabici s p\u0159ipojen\u00edm do svorek nebo na m\u011bd\u011bn\u00e9 pasy pomoc\u00ed kabelov\u00fdch ok. Pou\u017e\u00edvaj\u00ed se k frekven\u010dn\u00edm m\u011bni\u010d\u016fm a ke spot\u0159ebi\u010d\u016fm, kter\u00e9 pot\u0159ebuj\u00ed dodate\u010dn\u00e9 odru\u0161en\u00ed.<\/p>","protected":false},"excerpt":{"rendered":"<p>Odru\u0161ovac\u00ed filtry &#8211; \u0159ada B Odru\u0161ovac\u00ed filtry \u0159ady B vyu\u017e\u00edvaj\u00ed kombinace induk\u010dnosti L a kondenz\u00e1toru C pro vytvo\u0159en\u00ed doln\u00ed propusti, kter\u00e1 potla\u010duje ne\u017e\u00e1douc\u00ed frekvence v obvodu. Vyzna\u010duj\u00ed se jednoduch\u00fdm L \u010dl\u00e1nkem. Filtry vyr\u00e1b\u00edme s proudov\u00fdm zat\u00ed\u017een\u00edm od 1 A do 2500 A. Jsou ulo\u017een\u00e9 v plastov\u00e9 nebo kovov\u00e9 krabici s p\u0159ipojen\u00edm do svorek nebo na [&hellip;]<\/p>","protected":false},"author":1,"featured_media":0,"parent":270,"menu_order":0,"comment_status":"closed","ping_status":"closed","template":"template-page-builder-no-sidebar.php","meta":{"footnotes":""},"class_list":["post-273","page","type-page","status-publish","hentry"],"aioseo_notices":[],"_links":{"self":[{"href":"https:\/\/skybergtech.com\/en\/wp-json\/wp\/v2\/pages\/273","targetHints":{"allow":["GET"]}}],"collection":[{"href":"https:\/\/skybergtech.com\/en\/wp-json\/wp\/v2\/pages"}],"about":[{"href":"https:\/\/skybergtech.com\/en\/wp-json\/wp\/v2\/types\/page"}],"author":[{"embeddable":true,"href":"https:\/\/skybergtech.com\/en\/wp-json\/wp\/v2\/users\/1"}],"replies":[{"embeddable":true,"href":"https:\/\/skybergtech.com\/en\/wp-json\/wp\/v2\/comments?post=273"}],"version-history":[{"count":27,"href":"https:\/\/skybergtech.com\/en\/wp-json\/wp\/v2\/pages\/273\/revisions"}],"predecessor-version":[{"id":1841,"href":"https:\/\/skybergtech.com\/en\/wp-json\/wp\/v2\/pages\/273\/revisions\/1841"}],"up":[{"embeddable":true,"href":"https:\/\/skybergtech.com\/en\/wp-json\/wp\/v2\/pages\/270"}],"wp:attachment":[{"href":"https:\/\/skybergtech.com\/en\/wp-json\/wp\/v2\/media?parent=273"}],"curies":[{"name":"wp","href":"https:\/\/api.w.org\/{rel}","templated":true}]}}