{"id":292,"date":"2020-01-12T21:07:26","date_gmt":"2020-01-12T21:07:26","guid":{"rendered":"http:\/\/web.skybergtech.com\/?page_id=292"},"modified":"2020-07-27T19:25:00","modified_gmt":"2020-07-27T19:25:00","slug":"odrusovaci-filtry-rada-c","status":"publish","type":"page","link":"https:\/\/skybergtech.com\/en\/produkty\/odrusovaci-filtry\/odrusovaci-filtry-rada-c\/","title":{"rendered":"Odru\u0161ovac\u00ed filtry &#8211; \u0159ada C"},"content":{"rendered":"<!-- Flexy Breadcrumb -->\r\n\t\t\t<div class=\"fbc fbc-page\">\r\n\r\n\t\t\t\t<!-- Breadcrumb wrapper -->\r\n\t\t\t\t<div class=\"fbc-wrap\">\r\n\r\n\t\t\t\t\t<!-- Ordered list-->\r\n\t\t\t\t\t<ol class=\"fbc-items\" itemscope itemtype=\"https:\/\/schema.org\/BreadcrumbList\">\r\n\t\t\t\t\t\t            <li itemprop=\"itemListElement\" itemscope itemtype=\"https:\/\/schema.org\/ListItem\">\r\n                <span itemprop=\"name\">\r\n                    <!-- Home Link -->\r\n                    <a itemprop=\"item\" href=\"https:\/\/skybergtech.com\/en\">\r\n                    \r\n                                                    <i class=\"fa fa-home\" aria-hidden=\"true\"><\/i>Home                    <\/a>\r\n                <\/span>\r\n                <meta itemprop=\"position\" content=\"1\" \/><!-- Meta Position-->\r\n             <\/li><li><span class=\"fbc-separator\"> \/ <\/span><\/li><li class=\"active\" itemprop=\"itemListElement\" itemscope itemtype=\"https:\/\/schema.org\/ListItem\"><span itemprop=\"name\" title=\"interference suppression filters - series C\">Odru\u0161ovac\u00ed filtry &#8211; \u0159ada C<\/span><meta itemprop=\"position\" content=\"2\" \/><\/li>\t\t\t\t\t<\/ol>\r\n\t\t\t\t\t<div class=\"clearfix\"><\/div>\r\n\t\t\t\t<\/div>\r\n\t\t\t<\/div>\r\n\t\t\t\n\t<h3>\n\t\t\t\t\tOdru\u0161ovac\u00ed filtry &#8211; \u0159ada C\n\t\t\t\t<\/h3>\n\t<p><img loading=\"lazy\" decoding=\"async\" src=\"https:\/\/skybergtech.com\/wp-content\/uploads\/2020\/01\/SKY3FL400BP-1024x549.png\" alt=\"\" width=\"640\" height=\"343\" \/><\/p>\n<p>It is a simple LC cell consisting of chokes and capacitors. For three-phase filters of the SKY3FLxxB series, the compensated choke consists of 3 windings. The type X safety capacitors used are connected between the phases for filtering the symmetrical component and the type Y capacitors to ground for filtering the asymmetrical component. They are supplied with terminals in a metal housing<\/p>","protected":false},"excerpt":{"rendered":"<p>Odru\u0161ovac\u00ed filtry &#8211; \u0159ada C Jedn\u00e1 se o jednoduch\u00fd LC \u010dl\u00e1nek skl\u00e1daj\u00edc\u00ed se z tlumivek a kondenz\u00e1tor\u016f. U t\u0159\u00edf\u00e1zov\u00fdch filtr\u016f \u0159ady SKY3FLxxB je kompenzovan\u00e1 tlumivka tvo\u0159ena 3 vinut\u00edmi. Pou\u017eit\u00e9 bezpe\u010dnostn\u00ed kondenz\u00e1tory typu X jsou zapojeny mezi f\u00e1zemi pro filtraci symetrick\u00e9 slo\u017eky a kondenz\u00e1tory typu Y proti zemi pro filtraci asymetrick\u00e9 slo\u017eky. Jsou dod\u00e1v\u00e1ny se svorkami [&hellip;]<\/p>","protected":false},"author":1,"featured_media":0,"parent":661,"menu_order":0,"comment_status":"closed","ping_status":"closed","template":"template-page-builder-no-sidebar.php","meta":{"footnotes":""},"class_list":["post-292","page","type-page","status-publish","hentry"],"aioseo_notices":[],"_links":{"self":[{"href":"https:\/\/skybergtech.com\/en\/wp-json\/wp\/v2\/pages\/292","targetHints":{"allow":["GET"]}}],"collection":[{"href":"https:\/\/skybergtech.com\/en\/wp-json\/wp\/v2\/pages"}],"about":[{"href":"https:\/\/skybergtech.com\/en\/wp-json\/wp\/v2\/types\/page"}],"author":[{"embeddable":true,"href":"https:\/\/skybergtech.com\/en\/wp-json\/wp\/v2\/users\/1"}],"replies":[{"embeddable":true,"href":"https:\/\/skybergtech.com\/en\/wp-json\/wp\/v2\/comments?post=292"}],"version-history":[{"count":12,"href":"https:\/\/skybergtech.com\/en\/wp-json\/wp\/v2\/pages\/292\/revisions"}],"predecessor-version":[{"id":2867,"href":"https:\/\/skybergtech.com\/en\/wp-json\/wp\/v2\/pages\/292\/revisions\/2867"}],"up":[{"embeddable":true,"href":"https:\/\/skybergtech.com\/en\/wp-json\/wp\/v2\/pages\/661"}],"wp:attachment":[{"href":"https:\/\/skybergtech.com\/en\/wp-json\/wp\/v2\/media?parent=292"}],"curies":[{"name":"wp","href":"https:\/\/api.w.org\/{rel}","templated":true}]}}