{"id":305,"date":"2020-01-12T21:14:30","date_gmt":"2020-01-12T21:14:30","guid":{"rendered":"http:\/\/web.skybergtech.com\/?page_id=305"},"modified":"2020-04-01T05:07:40","modified_gmt":"2020-04-01T05:07:40","slug":"prodluzovaci-privody","status":"publish","type":"page","link":"https:\/\/skybergtech.com\/en\/produkty\/prodluzovaci-privody\/","title":{"rendered":"Cord extension set"},"content":{"rendered":"<!-- Flexy Breadcrumb -->\r\n\t\t\t<div class=\"fbc fbc-page\">\r\n\r\n\t\t\t\t<!-- Breadcrumb wrapper -->\r\n\t\t\t\t<div class=\"fbc-wrap\">\r\n\r\n\t\t\t\t\t<!-- Ordered list-->\r\n\t\t\t\t\t<ol class=\"fbc-items\" itemscope itemtype=\"https:\/\/schema.org\/BreadcrumbList\">\r\n\t\t\t\t\t\t            <li itemprop=\"itemListElement\" itemscope itemtype=\"https:\/\/schema.org\/ListItem\">\r\n                <span itemprop=\"name\">\r\n                    <!-- Home Link -->\r\n                    <a itemprop=\"item\" href=\"https:\/\/skybergtech.com\/en\">\r\n                    \r\n                                                    <i class=\"fa fa-home\" aria-hidden=\"true\"><\/i>Home                    <\/a>\r\n                <\/span>\r\n                <meta itemprop=\"position\" content=\"1\" \/><!-- Meta Position-->\r\n             <\/li><li><span class=\"fbc-separator\"> \/ <\/span><\/li><li class=\"active\" itemprop=\"itemListElement\" itemscope itemtype=\"https:\/\/schema.org\/ListItem\"><span itemprop=\"name\" title=\"Cord extension set\">Cord extension set<\/span><meta itemprop=\"position\" content=\"2\" \/><\/li>\t\t\t\t\t<\/ol>\r\n\t\t\t\t\t<div class=\"clearfix\"><\/div>\r\n\t\t\t\t<\/div>\r\n\t\t\t<\/div>\r\n\t\t\t\n\t<h3>\n\t\t\t\t\tCord extension set\n\t\t\t\t<\/h3>\n\t<p><img loading=\"lazy\" decoding=\"async\" src=\"http:\/\/web.skybergtech.com\/wp-content\/uploads\/2020\/04\/SKY1FL16DAFP10SDFMA_41-1024x563.png\" alt=\"\" width=\"640\" height=\"352\" \/><\/p>\n<p>Our extension leads with interference filter have surge protection and interference filter for each socket. ARMY filters are complemented by a high-attenuation interference filter. This connection of two devices forms one unit. The leads are intended as protection against mains voltage faults. They are used to split voltages for very sensitive and expensive electronic devices, computer and audio equipment and special military purposes. The entire set of filters is designed and inspected to meet the technical requirements of the army and the NBU.<\/p>","protected":false},"excerpt":{"rendered":"<p>Prodlu\u017eovac\u00ed p\u0159\u00edvody Na\u0161e prodlu\u017eovac\u00ed p\u0159\u00edvody s odru\u0161ovac\u00edm filtrem disponuj\u00ed p\u0159ep\u011b\u0165ovou ochranou a odru\u0161ovac\u00edm filtrem pro ka\u017edou z\u00e1suvku. ARMY filtry jsou dopln\u011bn\u00e9 vysoko\u00fatlumov\u00fdm odru\u0161ovac\u00edm filtrem. Toto spojen\u00ed dvou za\u0159\u00edzen\u00ed tvo\u0159\u00ed jeden celek. P\u0159\u00edvody jsou ur\u010deny jako ochrana p\u0159ed poruchami s\u00ed\u0165ov\u00e9ho nap\u011bt\u00ed. Pou\u017e\u00edvaj\u00ed se k rozbo\u010den\u00ed nap\u011bt\u00ed pro velmi citliv\u00e1 a n\u00e1kladn\u00e1 elektronick\u00e1 za\u0159\u00edzen\u00ed, v\u00fdpo\u010detn\u00ed a audio [&hellip;]<\/p>","protected":false},"author":1,"featured_media":0,"parent":270,"menu_order":0,"comment_status":"closed","ping_status":"closed","template":"template-page-builder-no-sidebar.php","meta":{"footnotes":""},"class_list":["post-305","page","type-page","status-publish","hentry"],"aioseo_notices":[],"_links":{"self":[{"href":"https:\/\/skybergtech.com\/en\/wp-json\/wp\/v2\/pages\/305","targetHints":{"allow":["GET"]}}],"collection":[{"href":"https:\/\/skybergtech.com\/en\/wp-json\/wp\/v2\/pages"}],"about":[{"href":"https:\/\/skybergtech.com\/en\/wp-json\/wp\/v2\/types\/page"}],"author":[{"embeddable":true,"href":"https:\/\/skybergtech.com\/en\/wp-json\/wp\/v2\/users\/1"}],"replies":[{"embeddable":true,"href":"https:\/\/skybergtech.com\/en\/wp-json\/wp\/v2\/comments?post=305"}],"version-history":[{"count":5,"href":"https:\/\/skybergtech.com\/en\/wp-json\/wp\/v2\/pages\/305\/revisions"}],"predecessor-version":[{"id":1996,"href":"https:\/\/skybergtech.com\/en\/wp-json\/wp\/v2\/pages\/305\/revisions\/1996"}],"up":[{"embeddable":true,"href":"https:\/\/skybergtech.com\/en\/wp-json\/wp\/v2\/pages\/270"}],"wp:attachment":[{"href":"https:\/\/skybergtech.com\/en\/wp-json\/wp\/v2\/media?parent=305"}],"curies":[{"name":"wp","href":"https:\/\/api.w.org\/{rel}","templated":true}]}}