{"id":307,"date":"2020-01-12T21:14:47","date_gmt":"2020-01-12T21:14:47","guid":{"rendered":"http:\/\/web.skybergtech.com\/?page_id=307"},"modified":"2020-07-19T07:44:52","modified_gmt":"2020-07-19T07:44:52","slug":"tempest","status":"publish","type":"page","link":"https:\/\/skybergtech.com\/en\/produkty\/tempest\/","title":{"rendered":"Tempest"},"content":{"rendered":"<!-- Flexy Breadcrumb -->\r\n\t\t\t<div class=\"fbc fbc-page\">\r\n\r\n\t\t\t\t<!-- Breadcrumb wrapper -->\r\n\t\t\t\t<div class=\"fbc-wrap\">\r\n\r\n\t\t\t\t\t<!-- Ordered list-->\r\n\t\t\t\t\t<ol class=\"fbc-items\" itemscope itemtype=\"https:\/\/schema.org\/BreadcrumbList\">\r\n\t\t\t\t\t\t            <li itemprop=\"itemListElement\" itemscope itemtype=\"https:\/\/schema.org\/ListItem\">\r\n                <span itemprop=\"name\">\r\n                    <!-- Home Link -->\r\n                    <a itemprop=\"item\" href=\"https:\/\/skybergtech.com\/en\">\r\n                    \r\n                                                    <i class=\"fa fa-home\" aria-hidden=\"true\"><\/i>Home                    <\/a>\r\n                <\/span>\r\n                <meta itemprop=\"position\" content=\"1\" \/><!-- Meta Position-->\r\n             <\/li><li><span class=\"fbc-separator\"> \/ <\/span><\/li><li class=\"active\" itemprop=\"itemListElement\" itemscope itemtype=\"https:\/\/schema.org\/ListItem\"><span itemprop=\"name\" title=\"Tempest\">Tempest<\/span><meta itemprop=\"position\" content=\"2\" \/><\/li>\t\t\t\t\t<\/ol>\r\n\t\t\t\t\t<div class=\"clearfix\"><\/div>\r\n\t\t\t\t<\/div>\r\n\t\t\t<\/div>\r\n\t\t\t\n\t<h3>\n\t\t\t\t\tTempest\n\t\t\t\t<\/h3>\n\t<img loading=\"lazy\" decoding=\"async\" src=\"http:\/\/web.skybergtech.com\/wp-content\/uploads\/2020\/04\/SKY1FL16TF4NAT20NSA_-1024x546.png\" alt=\"\" width=\"640\" height=\"341\" \/>TEMPEST filtry jsou odru\u0161ovac\u00ed filtry s velmi vysok\u00fdm \u00fatlumem. Velikost \u00fatlumu spl\u0148uj\u00ed po\u017eadavky stupn\u011b d\u016fv\u011brn\u00e9, tajn\u00e9 a p\u0159\u00edsn\u011b tajn\u00e9. Kovov\u00e1 konstrukce je vhodn\u00e1 pro pou\u017eit\u00ed v n\u00e1ro\u010dn\u00fdch podm\u00ednk\u00e1ch a zaru\u010duje dlouhou \u017eivotnost produktu. Pou\u017e\u00edvaj\u00ed se k nap\u00e1jen\u00ed citliv\u00fdch a n\u00e1kladn\u00fdch elektronick\u00fdch za\u0159\u00edzen\u00ed, v\u00fdpo\u010detn\u00ed a audio techniky a pro zvl\u00e1\u0161tn\u00ed vojensk\u00e9 \u00fa\u010dely. Filtr je konstruov\u00e1n a kontrolov\u00e1n tak, aby spl\u0148oval technick\u00e9 po\u017eadavky norem MIL, arm\u00e1dy, NATO a NB\u00da. Proto TEMPEST Filtry jsou odstup\u0148ovan\u00e9 dle po\u017eadavk\u016f a rozd\u011bleny do skupin od 1 GHz a\u017e do 40 GHz.<br \/>","protected":false},"excerpt":{"rendered":"<p>Tempest TEMPEST filtry jsou odru\u0161ovac\u00ed filtry s velmi vysok\u00fdm \u00fatlumem. Velikost \u00fatlumu spl\u0148uj\u00ed po\u017eadavky stupn\u011b d\u016fv\u011brn\u00e9, tajn\u00e9 a p\u0159\u00edsn\u011b tajn\u00e9. Kovov\u00e1 konstrukce je vhodn\u00e1 pro pou\u017eit\u00ed v n\u00e1ro\u010dn\u00fdch podm\u00ednk\u00e1ch a zaru\u010duje dlouhou \u017eivotnost produktu. Pou\u017e\u00edvaj\u00ed se k nap\u00e1jen\u00ed citliv\u00fdch a n\u00e1kladn\u00fdch elektronick\u00fdch za\u0159\u00edzen\u00ed, v\u00fdpo\u010detn\u00ed a audio techniky a pro zvl\u00e1\u0161tn\u00ed vojensk\u00e9 \u00fa\u010dely. Filtr je konstruov\u00e1n [&hellip;]<\/p>","protected":false},"author":1,"featured_media":0,"parent":270,"menu_order":0,"comment_status":"closed","ping_status":"closed","template":"template-page-builder-no-sidebar.php","meta":{"footnotes":""},"class_list":["post-307","page","type-page","status-publish","hentry"],"aioseo_notices":[],"_links":{"self":[{"href":"https:\/\/skybergtech.com\/en\/wp-json\/wp\/v2\/pages\/307","targetHints":{"allow":["GET"]}}],"collection":[{"href":"https:\/\/skybergtech.com\/en\/wp-json\/wp\/v2\/pages"}],"about":[{"href":"https:\/\/skybergtech.com\/en\/wp-json\/wp\/v2\/types\/page"}],"author":[{"embeddable":true,"href":"https:\/\/skybergtech.com\/en\/wp-json\/wp\/v2\/users\/1"}],"replies":[{"embeddable":true,"href":"https:\/\/skybergtech.com\/en\/wp-json\/wp\/v2\/comments?post=307"}],"version-history":[{"count":7,"href":"https:\/\/skybergtech.com\/en\/wp-json\/wp\/v2\/pages\/307\/revisions"}],"predecessor-version":[{"id":2816,"href":"https:\/\/skybergtech.com\/en\/wp-json\/wp\/v2\/pages\/307\/revisions\/2816"}],"up":[{"embeddable":true,"href":"https:\/\/skybergtech.com\/en\/wp-json\/wp\/v2\/pages\/270"}],"wp:attachment":[{"href":"https:\/\/skybergtech.com\/en\/wp-json\/wp\/v2\/media?parent=307"}],"curies":[{"name":"wp","href":"https:\/\/api.w.org\/{rel}","templated":true}]}}