{"id":315,"date":"2020-01-12T21:15:40","date_gmt":"2020-01-12T21:15:40","guid":{"rendered":"http:\/\/web.skybergtech.com\/?page_id=315"},"modified":"2020-06-28T12:53:25","modified_gmt":"2020-06-28T12:53:25","slug":"pristroje","status":"publish","type":"page","link":"https:\/\/skybergtech.com\/en\/produkty\/pristroje\/","title":{"rendered":"P\u0159\u00edstroje"},"content":{"rendered":"<!-- Flexy Breadcrumb -->\r\n\t\t\t<div class=\"fbc fbc-page\">\r\n\r\n\t\t\t\t<!-- Breadcrumb wrapper -->\r\n\t\t\t\t<div class=\"fbc-wrap\">\r\n\r\n\t\t\t\t\t<!-- Ordered list-->\r\n\t\t\t\t\t<ol class=\"fbc-items\" itemscope itemtype=\"https:\/\/schema.org\/BreadcrumbList\">\r\n\t\t\t\t\t\t            <li itemprop=\"itemListElement\" itemscope itemtype=\"https:\/\/schema.org\/ListItem\">\r\n                <span itemprop=\"name\">\r\n                    <!-- Home Link -->\r\n                    <a itemprop=\"item\" href=\"https:\/\/skybergtech.com\/en\">\r\n                    \r\n                                                    <i class=\"fa fa-home\" aria-hidden=\"true\"><\/i>Home                    <\/a>\r\n                <\/span>\r\n                <meta itemprop=\"position\" content=\"1\" \/><!-- Meta Position-->\r\n             <\/li><li><span class=\"fbc-separator\"> \/ <\/span><\/li><li class=\"active\" itemprop=\"itemListElement\" itemscope itemtype=\"https:\/\/schema.org\/ListItem\"><span itemprop=\"name\" title=\"P\u0159\u00edstroje\">P\u0159\u00edstroje<\/span><meta itemprop=\"position\" content=\"2\" \/><\/li>\t\t\t\t\t<\/ol>\r\n\t\t\t\t\t<div class=\"clearfix\"><\/div>\r\n\t\t\t\t<\/div>\r\n\t\t\t<\/div>\r\n\t\t\t\n\t<h3>\n\t\t\t\t\tLISN - Artificial networks\n\t\t\t\t<\/h3>\n\t<p><img loading=\"lazy\" decoding=\"async\" src=\"http:\/\/web.skybergtech.com\/wp-content\/uploads\/2020\/04\/SKYLISN4-50-80MHz-1024x563.png\" alt=\"\" width=\"640\" height=\"352\" \/><\/p>\n<p>LISN - Artificial networks are used to measure interference generated in electrical equipment powered by the LV network. They are equipped with fans that turn on automatically at higher consumption. They can serve as a coupling member, they are used for testing equipment in the field of EMC.<\/p>","protected":false},"excerpt":{"rendered":"<p>Um\u011bl\u00e9 s\u00edt\u011b Um\u011bl\u00e9 s\u00edt\u011b slou\u017e\u00ed k m\u011b\u0159en\u00ed ru\u0161en\u00ed vznikaj\u00edc\u00edho v elektrick\u00fdch za\u0159\u00edzen\u00edch nap\u00e1jen\u00fdch ze s\u00edt\u011b NN. Jsou vybaveny ventil\u00e1tory, kter\u00e9 se automaticky zapnou p\u0159i vy\u0161\u0161\u00edm odb\u011bru. M\u016f\u017eou slou\u017eit jako vazebn\u00ed \u010dlen, pou\u017e\u00edvaj\u00ed se pro zkou\u0161ky za\u0159\u00edzen\u00ed v oblasti EMC.<\/p>","protected":false},"author":1,"featured_media":0,"parent":270,"menu_order":0,"comment_status":"closed","ping_status":"closed","template":"template-page-builder-no-sidebar.php","meta":{"footnotes":""},"class_list":["post-315","page","type-page","status-publish","hentry"],"aioseo_notices":[],"_links":{"self":[{"href":"https:\/\/skybergtech.com\/en\/wp-json\/wp\/v2\/pages\/315","targetHints":{"allow":["GET"]}}],"collection":[{"href":"https:\/\/skybergtech.com\/en\/wp-json\/wp\/v2\/pages"}],"about":[{"href":"https:\/\/skybergtech.com\/en\/wp-json\/wp\/v2\/types\/page"}],"author":[{"embeddable":true,"href":"https:\/\/skybergtech.com\/en\/wp-json\/wp\/v2\/users\/1"}],"replies":[{"embeddable":true,"href":"https:\/\/skybergtech.com\/en\/wp-json\/wp\/v2\/comments?post=315"}],"version-history":[{"count":5,"href":"https:\/\/skybergtech.com\/en\/wp-json\/wp\/v2\/pages\/315\/revisions"}],"predecessor-version":[{"id":2132,"href":"https:\/\/skybergtech.com\/en\/wp-json\/wp\/v2\/pages\/315\/revisions\/2132"}],"up":[{"embeddable":true,"href":"https:\/\/skybergtech.com\/en\/wp-json\/wp\/v2\/pages\/270"}],"wp:attachment":[{"href":"https:\/\/skybergtech.com\/en\/wp-json\/wp\/v2\/media?parent=315"}],"curies":[{"name":"wp","href":"https:\/\/api.w.org\/{rel}","templated":true}]}}