{"id":54,"date":"2019-12-16T19:19:38","date_gmt":"2019-12-16T19:19:38","guid":{"rendered":"http:\/\/web.skybergtech.com\/?page_id=54"},"modified":"2024-12-11T10:44:22","modified_gmt":"2024-12-11T10:44:22","slug":"o-nas","status":"publish","type":"page","link":"https:\/\/skybergtech.com\/en\/o-nas\/","title":{"rendered":"About us"},"content":{"rendered":"<h1>\n\t\t\t\t\tAbout us\n\t\t\t\t<\/h1>\n\t<p>Jsme rodinn\u00e1 firma p\u016fsob\u00edc\u00ed v pop\u0159ed\u00ed evropsk\u00fdch spole\u010dnost\u00ed se zam\u011b\u0159en\u00edm na oblast EMC &#8211; EMF, v\u00fdzkum a v\u00fdvoj, m\u011b\u0159en\u00ed, poradenstv\u00ed, navrhov\u00e1n\u00ed specifick\u00fdch a unik\u00e1tn\u00edch \u0159e\u0161en\u00ed, v\u00fdrobu a dod\u00e1n\u00ed produkt\u016f dle speci\u00e1ln\u00edch p\u0159\u00e1n\u00ed a po\u017eadavk\u016f z\u00e1kazn\u00edka.<\/p>\nHistorie firmy je zalo\u017eena na 25 let\u00fdch zku\u0161enostech ve v\u00fdvoji a v\u00fdzkumu v oblasti elektromagnetizmu a elektromagnetick\u00e9ho pole \/ EMC &#8211; EMF \/ a jin\u00fdch specifick\u00fdch odv\u011btv\u00edch fyziky, astrofyziky, kvantov\u00e9 fyziky. Na\u0161\u00edm c\u00edlem je zdokonalovat st\u00e1vaj\u00edc\u00ed produkty a navrhovat produkty dokonalej\u0161\u00ed &#8211; v\u00fdkonn\u011bj\u0161\u00ed, tzn. vyu\u017eit\u00edm a postupn\u00fdm p\u0159echodem do oblasti nanotechnologie.<br \/>\nV na\u0161ich v\u00fdrobn\u00edch prostor\u00e1ch s kapacitou 3-5 tis\u00edc produkt\u016f m\u011bs\u00ed\u010dn\u011b a na rozloze 4.500 m2 se zab\u00fdv\u00e1me v\u00fdzkumem, v\u00fdvojem, v\u00fdrobou sinusov\u00fdch filtr\u016f, odru\u0161ovac\u00edch filtr\u016f, tlumivek a vysokofrekven\u010dn\u00edch transform\u00e1tor\u016f, p\u0159ep\u011b\u0165ov\u00fdch ochran, tempest filtr\u016f, m\u011bni\u010d\u016f a ostatn\u00edch vinut\u00fdch d\u00edl\u016f, v\u00fdrobou um\u011bl\u00fdch s\u00edt\u00ed, nab\u00edjec\u00edch stanic pro \/elektromobily, autobusy, n\u00e1kladn\u00ed vozidla\/ a v\u00fdkonovou elektroniku. Vyr\u00e1b\u00edme speci\u00e1ln\u00ed v\u00fdrobky pro pou\u017eit\u00ed ve strategick\u00fdch aplikac\u00edch Arm\u00e1dy \u010cR a jin\u00fdch bezpe\u010dnostn\u00edch slo\u017eek \/pro cel\u00fd sv\u011bt\/, spl\u0148uj\u00edc\u00ed po\u017eadovan\u00fd stupe\u0148 utajen\u00ed a podl\u00e9haj\u00edc\u00ed schv\u00e1len\u00ed\/ov\u011b\u0159en\u00ed NB\u00da (N\u00e1rodn\u00edm bezpe\u010dnostn\u00edm \u00fa\u0159adem) a speci\u00e1ln\u00edch produkt\u016f v oblasti elektromagnetick\u00e9 a frekven\u010dn\u00ed technologie (EMC &#8211; EMF). Na\u0161e spole\u010dnost je rozd\u011blena do dvou specializovan\u00fdch odd\u011blen\u00ed (m\u011b\u0159en\u00ed a v\u00fdroba), kter\u00e1 pracuj\u00ed nejen samostatn\u011b, ale i v sou\u010dinnosti s ostatn\u00edmi. D\u00edky tomuto synergick\u00e9mu efektu dok\u00e1\u017eeme pohotov\u011b reagovat na specifick\u00e1 p\u0159\u00e1n\u00ed z\u00e1kazn\u00edk\u016f a \u0159e\u0161it i ta nejn\u00e1ro\u010dn\u011bj\u0161\u00ed zad\u00e1n\u00ed rychle a efektivn\u011b.<br \/>\nNa\u0161e \u010dinnost se soust\u0159ed\u00ed tak\u00e9 na zak\u00e1zkovou v\u00fdrobu a na m\u011b\u0159en\u00ed v oblasti EMC &#8211; EMF,\u00a0 v\u00fdzkum, v\u00fdvoj, projektov\u00e1n\u00ed a poradenstv\u00ed pro oblasti trakce, jadern\u00e9 elektr\u00e1rny \/sol\u00e1rn\u00ed, v\u011btrn\u00e9, hydro\/, letectv\u00ed, pr\u016fmyslu, a jin\u00e1 odv\u011btv\u00ed.<br \/>\nM\u00e1me dlouholet\u00e9 zku\u0161enosti v oblasti elektromagnetick\u00e9 kompatibility a odru\u0161en\u00ed \/ EMC &#8211; EMF \/<br \/>\nWe manufacture interference filters up to 2500 A, line and motor chokes up to 2500 A and sine filters up to 2.5 MW. A significant part of our production consists of filters and chokes for rail vehicles \/ traction \/ up to a voltage of 25 kV, high-frequency transformers, supplies for nuclear technology and the military industry.<br \/>\nThe certified quality management system ISO 9001: 2009 guarantees high reliability, guaranteed reproducibility of products. The high professionalism of our employees using the latest technology guarantees quality proven by operation in the toughest conditions.<br \/>\nOur goal is to produce for your individual needs and wishes while adapting the technical and business solution with regard to your requirements and possibilities.\n<p>\u00a0<\/p>\n\t<p>\u00a0Take a look at our section of <a href=\"http:\/\/skybergtech.com\/en\/produkty\/\">products<\/a>, kde na V\u00e1s \u010dekaj\u00ed v\u0161echny na\u0161e dosavadn\u00ed v\u00fdrobky.<\/p>\n<p>We are looking forward to collaborate with you,<\/p>\n<p><strong>Team SKYBERGTECH<\/strong><\/p>","protected":false},"excerpt":{"rendered":"<p>O n\u00e1s Jsme rodinn\u00e1 firma p\u016fsob\u00edc\u00ed v pop\u0159ed\u00ed evropsk\u00fdch spole\u010dnost\u00ed se zam\u011b\u0159en\u00edm na oblast EMC &#8211; EMF, v\u00fdzkum a v\u00fdvoj, m\u011b\u0159en\u00ed, poradenstv\u00ed, navrhov\u00e1n\u00ed specifick\u00fdch a unik\u00e1tn\u00edch \u0159e\u0161en\u00ed, v\u00fdrobu a dod\u00e1n\u00ed produkt\u016f dle speci\u00e1ln\u00edch p\u0159\u00e1n\u00ed a po\u017eadavk\u016f z\u00e1kazn\u00edka. Historie firmy je zalo\u017eena na 25 let\u00fdch zku\u0161enostech ve v\u00fdvoji a v\u00fdzkumu v oblasti elektromagnetizmu a elektromagnetick\u00e9ho pole [&hellip;]<\/p>","protected":false},"author":1,"featured_media":0,"parent":0,"menu_order":0,"comment_status":"closed","ping_status":"closed","template":"template-page-builder-no-sidebar.php","meta":{"footnotes":""},"class_list":["post-54","page","type-page","status-publish","hentry"],"aioseo_notices":[],"_links":{"self":[{"href":"https:\/\/skybergtech.com\/en\/wp-json\/wp\/v2\/pages\/54","targetHints":{"allow":["GET"]}}],"collection":[{"href":"https:\/\/skybergtech.com\/en\/wp-json\/wp\/v2\/pages"}],"about":[{"href":"https:\/\/skybergtech.com\/en\/wp-json\/wp\/v2\/types\/page"}],"author":[{"embeddable":true,"href":"https:\/\/skybergtech.com\/en\/wp-json\/wp\/v2\/users\/1"}],"replies":[{"embeddable":true,"href":"https:\/\/skybergtech.com\/en\/wp-json\/wp\/v2\/comments?post=54"}],"version-history":[{"count":17,"href":"https:\/\/skybergtech.com\/en\/wp-json\/wp\/v2\/pages\/54\/revisions"}],"predecessor-version":[{"id":3935,"href":"https:\/\/skybergtech.com\/en\/wp-json\/wp\/v2\/pages\/54\/revisions\/3935"}],"wp:attachment":[{"href":"https:\/\/skybergtech.com\/en\/wp-json\/wp\/v2\/media?parent=54"}],"curies":[{"name":"wp","href":"https:\/\/api.w.org\/{rel}","templated":true}]}}