{"id":55,"date":"2019-12-16T19:19:38","date_gmt":"2019-12-16T19:19:38","guid":{"rendered":"http:\/\/web.skybergtech.com\/?page_id=55"},"modified":"2024-07-09T16:02:10","modified_gmt":"2024-07-09T16:02:10","slug":"novinky","status":"publish","type":"page","link":"https:\/\/skybergtech.com\/en\/novinky\/","title":{"rendered":"News"},"content":{"rendered":"<h3>\n\t\t\t\t\tNews\n\t\t\t\t<\/h3>\n\t<h3>\n\t\t\t\t\t9.7.2024\n\t\t\t\t<\/h3>\n\t<p>SKYBERGTECH website updates<\/p>\n\t<h3>\n\t\t\t\t\t5.4.2022\n\t\t\t\t<\/h3>\n\t<p>Improved TEMPEST filter series<\/p>\n\t<h3>\n\t\t\t\t\t17.7.2020\n\t\t\t\t<\/h3>\n\t<p>New selection and partition of TEMPEST filters 1 GHz, 3 GHz and 40 GHz<\/p>\n\t<h3>\n\t\t\t\t\t7.7.2020\n\t\t\t\t<\/h3>\n\t<p>Reconstruction of the SKYBERGTECH website and launch of a new website<\/p>\n\t<h3>\n\t\t\t\t\t30.6.2020\n\t\t\t\t<\/h3>\n\t<strong>Aktu\u00e1ln\u00ed informace o provozu v nouzov\u00e9m stavu Covid-19 &#8211; 2. vlna<br \/>\n<\/strong>\n<p>Dear customers, partners and suppliers. We would like to assure you that we are also preparing for the second wave of Covid-19, so that we can handle all orders without much difficulty.<\/p>\n\t<h3>\n\t\t\t\t\t5.4.2020\n\t\t\t\t<\/h3>\n\t<p><strong>External laboratory and testing room in full operation<\/strong><\/p>\nExternal testing laboratory T\u00fcv S\u00fcd<strong><br \/>\n<\/strong>\n<p>&nbsp;<\/p>\n\t<h3>\n\t\t\t\t\t27.3.2020\n\t\t\t\t<\/h3>\n\t<p><strong>Up-to-date information on emergency operation<\/strong><\/p>\n<p>Dear customers, partners and suppliers. We would like to assure you that even in this exceptional state, which is currently taking place depending on the spread of the Covid-19 virus, our production plant, including the sales and technical department, operates without restrictions and all orders, deliveries and new product designs are still processed without any restrictions. We hope that we will soon remember this epidemic and wish you good health and strength in coping with this unfortunate situation.<\/p>\n\t<h3>\n\t\t\t\t\t3.2.2020\n\t\t\t\t<\/h3>\n\t<strong>We are preparing fast charging modules and chargers for 5th GENERATION electric cars<br \/>\n<\/strong>\n<p>Fast charging modules and AC \/ DC charging stations from 50 kW to 1 MW<\/p>","protected":false},"excerpt":{"rendered":"<p>Novinky 9.7.2024 Aktualizace webov\u00fdch str\u00e1nek SKYBERGTECH 5.4.2022 Vylep\u0161en\u00e9 \u0159ady TEMPEST filtr\u016f 17.7.2020 Nov\u00e9 seskupen\u00ed a rozd\u011blen\u00ed TEMPEST filtr\u016f 1 GHz, 3 GHz a 40 GHz 7.7.2020 Rekonstrukce webov\u00fdch str\u00e1nek SKYBERGTECH a spu\u0161t\u011bn\u00ed nov\u00e9ho webu 30.6.2020 Aktu\u00e1ln\u00ed informace o provozu v nouzov\u00e9m stavu Covid-19 &#8211; 2. vlna V\u00e1\u017een\u00ed z\u00e1kazn\u00edci, partne\u0159i a dodavatel\u00e9. Cht\u011bli bychom V\u00e1s ujistit, [&hellip;]<\/p>","protected":false},"author":1,"featured_media":0,"parent":0,"menu_order":0,"comment_status":"closed","ping_status":"closed","template":"template-page-builder-no-sidebar.php","meta":{"footnotes":""},"class_list":["post-55","page","type-page","status-publish","hentry"],"aioseo_notices":[],"_links":{"self":[{"href":"https:\/\/skybergtech.com\/en\/wp-json\/wp\/v2\/pages\/55","targetHints":{"allow":["GET"]}}],"collection":[{"href":"https:\/\/skybergtech.com\/en\/wp-json\/wp\/v2\/pages"}],"about":[{"href":"https:\/\/skybergtech.com\/en\/wp-json\/wp\/v2\/types\/page"}],"author":[{"embeddable":true,"href":"https:\/\/skybergtech.com\/en\/wp-json\/wp\/v2\/users\/1"}],"replies":[{"embeddable":true,"href":"https:\/\/skybergtech.com\/en\/wp-json\/wp\/v2\/comments?post=55"}],"version-history":[{"count":19,"href":"https:\/\/skybergtech.com\/en\/wp-json\/wp\/v2\/pages\/55\/revisions"}],"predecessor-version":[{"id":3672,"href":"https:\/\/skybergtech.com\/en\/wp-json\/wp\/v2\/pages\/55\/revisions\/3672"}],"wp:attachment":[{"href":"https:\/\/skybergtech.com\/en\/wp-json\/wp\/v2\/media?parent=55"}],"curies":[{"name":"wp","href":"https:\/\/api.w.org\/{rel}","templated":true}]}}