{"id":57,"date":"2019-12-16T19:19:38","date_gmt":"2019-12-16T19:19:38","guid":{"rendered":"http:\/\/web.skybergtech.com\/?page_id=57"},"modified":"2024-07-09T15:54:46","modified_gmt":"2024-07-09T15:54:46","slug":"certifikaty","status":"publish","type":"page","link":"https:\/\/skybergtech.com\/en\/certifikaty\/","title":{"rendered":"Certificates"},"content":{"rendered":"<h3>\n\t\t\t\t\tCertificates\n\t\t\t\t<\/h3>\n\t\t\t\t<a href=\"https:\/\/skybergtech.com\/wp-content\/uploads\/iso9.png\" target=\"_self\" itemprop=\"url\" rel=\"noopener\">\n\t\t\t\t<img loading=\"lazy\" decoding=\"async\" src=\"https:\/\/skybergtech.com\/wp-content\/uploads\/iso9.png\" alt=\"iso9\" itemprop=\"image\" height=\"1000\" width=\"752\" title=\"iso9\" onerror=\"this.style.display='none'\"  \/>\n\t\t\t\t<\/a>\n\t\t\t\t<a href=\"https:\/\/skybergtech.com\/wp-content\/uploads\/ISO-14.png\" target=\"_self\" itemprop=\"url\" rel=\"noopener\">\n\t\t\t\t<img loading=\"lazy\" decoding=\"async\" src=\"https:\/\/skybergtech.com\/wp-content\/uploads\/ISO-14.png\" alt=\"ISO 14\" itemprop=\"image\" height=\"1000\" width=\"752\" title=\"ISO 14\" onerror=\"this.style.display='none'\"  \/>\n\t\t\t\t<\/a>\n\t\t\t\t<a href=\"https:\/\/skybergtech.com\/wp-content\/uploads\/2020\/06\/Screenshot_2020-06-12-Certifik\u00e1t-T\u00dcV-pdf.png\" target=\"_self\" itemprop=\"url\" rel=\"noopener\">\n\t\t\t\t<img decoding=\"async\" src=\"http:\/\/web.skybergtech.com\/wp-content\/uploads\/2020\/06\/Screenshot_2020-06-12-Certifik\u00e1t-T\u00dcV-pdf-212x300.png\" alt=\"Screenshot_2020-06-12 Certifik\u00e1t T\u00dcV pdf\" itemprop=\"image\" title=\"Screenshot_2020-06-12 Certifik\u00e1t T\u00dcV pdf\" onerror=\"this.style.display='none'\"  \/>\n\t\t\t\t<\/a>\n\t\t\t\t<a href=\"https:\/\/skybergtech.com\/wp-content\/uploads\/2020\/06\/Screenshot_2020-06-12-02-05-02-00-00-01-1100-EKO-KOM-pdf.png\" target=\"_self\" itemprop=\"url\" rel=\"noopener\">\n\t\t\t\t<img loading=\"lazy\" decoding=\"async\" src=\"https:\/\/skybergtech.com\/wp-content\/uploads\/2020\/06\/Screenshot_2020-06-12-02-05-02-00-00-01-1100-EKO-KOM-pdf.png\" alt=\"Screenshot_2020-06-12 02-05-02-00-00-01-1100 - EKO-KOM pdf\" itemprop=\"image\" height=\"775\" width=\"554\" title=\"Screenshot_2020-06-12 02-05-02-00-00-01-1100 - EKO-KOM pdf\" onerror=\"this.style.display='none'\"  \/>\n\t\t\t\t<\/a>\n\t\t\t\t<a href=\"https:\/\/skybergtech.com\/wp-content\/uploads\/dcEN.png\" target=\"_self\" itemprop=\"url\" rel=\"noopener\">\n\t\t\t\t<img loading=\"lazy\" decoding=\"async\" src=\"https:\/\/skybergtech.com\/wp-content\/uploads\/dcEN.png\" alt=\"dcEN\" itemprop=\"image\" height=\"1000\" width=\"707\" title=\"dcEN\" onerror=\"this.style.display='none'\"  \/>\n\t\t\t\t<\/a>\n\t\t\t\t<a href=\"https:\/\/skybergtech.com\/wp-content\/uploads\/dccz.png\" target=\"_self\" itemprop=\"url\" rel=\"noopener\">\n\t\t\t\t<img loading=\"lazy\" decoding=\"async\" src=\"https:\/\/skybergtech.com\/wp-content\/uploads\/dccz.png\" alt=\"dccz\" itemprop=\"image\" height=\"1000\" width=\"707\" title=\"dccz\" onerror=\"this.style.display='none'\"  \/>\n\t\t\t\t<\/a>\n\t\t\t\t<a href=\"https:\/\/skybergtech.com\/wp-content\/uploads\/2020\/06\/BISNODE_tr_cz_skybertech-1_L.png\" target=\"_self\" itemprop=\"url\" rel=\"noopener\">\n\t\t\t\t<img decoding=\"async\" src=\"http:\/\/web.skybergtech.com\/wp-content\/uploads\/2020\/06\/BISNODE_tr_cz_skybertech-1_L-212x300.png\" alt=\"BISNODE_tr_cz_skybertech (1)_L\" itemprop=\"image\" title=\"BISNODE_tr_cz_skybertech (1)_L\" onerror=\"this.style.display='none'\"  \/>\n\t\t\t\t<\/a>\n\t<h3>\n\t\t\t\t\tQuality policy\n\t\t\t\t<\/h3>\n\t<ul>\n<li>Top quality and high efficiency of products<\/li>\n<li>Long-term reliability of our products<\/li>\n<li>High level of equipment and comfort of operation of our products<\/li>\n<li>Neust\u00e1l\u00e9 zlep\u0161ov\u00e1n\u00ed &#8211; v\u00fdzkum, v\u00fdvoj, inovace<\/li>\n<li>Customer satisfaction<\/li>\n<li>Qualification growth of all employees<\/li>\n<li>Z\u00e1kaznick\u00fd audit firmou ZAT a.s., \u0160koda Electric, EVPU &#8211; N.Dubnice, Thermo King, Ingersoll Rand, Trane Technologies, \u010cEZ a \u0160koda Jadern\u00e9 stroj\u00edrenstv\u00ed.<\/li>\n<\/ul>\n<p>&nbsp;<\/p>\n<p>Example: Based on a customer demand audit, special sinusal filters are supplied to provide a synchronous reluctance motor from the inverters, which sends and sends control rods from the nuclear reactor. These filters replaced the originally fitted SIEMENS filters and other manufacturers. (for VVER reactors, light water is used for cooling)<\/p>\n<p>&nbsp;<\/p>\n<p>SKYBERGTECH is based on the quality of its products and customer satisfaction. Our products are inspected and tested several times during the production process and pass output control on exit. The rate of complaints does not exceed 0.5%. The reliability is also confirmed by the certificates, which you can download above.<\/p>","protected":false},"excerpt":{"rendered":"<p>Certifik\u00e1ty Politika kvality, jakosti \u0160pi\u010dkov\u00e1 kvalita a vysok\u00e1 \u00fa\u010dinnost v\u00fdrobk\u016f Dlouhodob\u00e1 spolehlivost na\u0161ich v\u00fdrobk\u016f Vysok\u00e1 \u00farove\u0148 v\u00fdbavy a komfortu obsluhy na\u0161ich v\u00fdrobk\u016f Neust\u00e1l\u00e9 zlep\u0161ov\u00e1n\u00ed &#8211; v\u00fdzkum, v\u00fdvoj, inovace Spokojenost z\u00e1kazn\u00edka Kvalifika\u010dn\u00ed r\u016fst v\u0161ech zam\u011bstnanc\u016f Z\u00e1kaznick\u00fd audit firmou ZAT a.s., \u0160koda Electric, EVPU &#8211; N.Dubnice, Thermo King, Ingersoll Rand, Trane Technologies, \u010cEZ a \u0160koda Jadern\u00e9 stroj\u00edrenstv\u00ed. [&hellip;]<\/p>","protected":false},"author":1,"featured_media":0,"parent":0,"menu_order":0,"comment_status":"closed","ping_status":"closed","template":"template-page-builder.php","meta":{"footnotes":""},"class_list":["post-57","page","type-page","status-publish","hentry"],"aioseo_notices":[],"_links":{"self":[{"href":"https:\/\/skybergtech.com\/en\/wp-json\/wp\/v2\/pages\/57","targetHints":{"allow":["GET"]}}],"collection":[{"href":"https:\/\/skybergtech.com\/en\/wp-json\/wp\/v2\/pages"}],"about":[{"href":"https:\/\/skybergtech.com\/en\/wp-json\/wp\/v2\/types\/page"}],"author":[{"embeddable":true,"href":"https:\/\/skybergtech.com\/en\/wp-json\/wp\/v2\/users\/1"}],"replies":[{"embeddable":true,"href":"https:\/\/skybergtech.com\/en\/wp-json\/wp\/v2\/comments?post=57"}],"version-history":[{"count":10,"href":"https:\/\/skybergtech.com\/en\/wp-json\/wp\/v2\/pages\/57\/revisions"}],"predecessor-version":[{"id":3670,"href":"https:\/\/skybergtech.com\/en\/wp-json\/wp\/v2\/pages\/57\/revisions\/3670"}],"wp:attachment":[{"href":"https:\/\/skybergtech.com\/en\/wp-json\/wp\/v2\/media?parent=57"}],"curies":[{"name":"wp","href":"https:\/\/api.w.org\/{rel}","templated":true}]}}