{"id":58,"date":"2019-12-16T19:19:38","date_gmt":"2019-12-16T19:19:38","guid":{"rendered":"http:\/\/web.skybergtech.com\/?page_id=58"},"modified":"2020-07-12T04:51:18","modified_gmt":"2020-07-12T04:51:18","slug":"volna-mista","status":"publish","type":"page","link":"https:\/\/skybergtech.com\/en\/volna-mista\/","title":{"rendered":"Voln\u00e1 m\u00edsta"},"content":{"rendered":"<h3>\n\t\t\t\t\tCareer\n\t\t\t\t<\/h3>\n\t<p><strong>\u00a0Independent business manager<\/strong> : <strong>Sales-purchasing-logistics-key account-contracting manager<\/strong><\/p>\n<ul>\n<li>Active acquisition of new customers and orders abroad and in the Czech Republic<\/li>\n<li>Responsibility for concluding contractual relations, negotiating with customers on contractual conditions, cooperation in the preparation of contracts<\/li>\n<li>Responsibility for sales activities related to existing and potential key customers<\/li>\n<li>Creation of the company's logistics concept, marketing aspect of logistics, purchasing, production and distribution strategies, logistics information system, inventory management<\/li>\n<li>Monitoring of market development and competition in relation to a certain product or group of products, identification of market and customer requirements, planning and budgeting, implementation of advertising strategies<\/li>\n<li>Responsibility for managing supplier relationships, managing pricing policy and selecting suppliers<\/li>\n<li>Active acquisition of new customers and orders with an emphasis on a certain area, care for existing customers, in some cases direct sales of goods<\/li>\n<li>Maximum responsibility<\/li>\n<\/ul>\n<p><strong>We offer:<\/strong><\/p>\n<ul>\n<li>Interesting financial evaluation according to skills and experience<\/li>\n<\/ul>\n\t<p><strong>Pracovn\u00edk v\u00fdroby &#8211; <\/strong><strong>in the field of mechanical and electrical engineering<\/strong><\/p>\n<ul>\n<li>Winding of transformer coils, chokes, knowledge of technical documentation and the ability to work in a team<\/li>\n<\/ul>\n<p><strong>We offer:<\/strong><\/p>\n<ul>\n<li> Interesting financial evaluation according to skills and experience<\/li>\n<\/ul>\n\t<p><strong>Electromechanics<\/strong><\/p>\nNab\u00edz\u00edme pracovn\u00ed pozici elektromechanika.\u00a0 D\u00edlensk\u00e1 mont\u00e1\u017e a zkou\u0161ky \u0161irok\u00e9ho sortimentu v\u00fdrobk\u016f na\u0161\u00ed firmy. \nP\u0159edpokladem je z\u00e1jem o v\u00fdkonovou elektroniku, znalost elektrosou\u010d\u00e1stek, orientace ve v\u00fdkresov\u00e9 dokumentaci, schopnost pr\u00e1ce v kolektivu. Praxe v oboru v\u00fdhodou. \n<p><strong>Requirements:<\/strong><\/p>\n<ul>\n<li>Secondary school or vocational education in the field of electrical engineering<\/li>\n<li>Decree 50 (minimum \u00a76)<\/li>\n<li>Ability to orient in technical drawings, knowledge of components<\/li>\n<li>Reliability, responsibility, desire and willingness to learn new things<\/li>\n<li>Ability to work in a team<\/li>\n<\/ul>\n<p><strong>We offer:<\/strong><\/p>\n<ul>\n<li>Interesting financial evaluation according to skills and experience<\/li>\n<\/ul>","protected":false},"excerpt":{"rendered":"<p>Kari\u00e9ra \u00a0Samostatn\u00fd obchodni manager : Sales-purchasing-logistics-key account-contracting manager Aktivn\u00ed z\u00edsk\u00e1v\u00e1n\u00ed nov\u00fdch z\u00e1kazn\u00edk\u016f a zak\u00e1zek v zahrani\u010d\u00ed a \u010cR Odpov\u011bdnost za uzav\u00edr\u00e1n\u00ed smluvn\u00edch vztah\u016f, jedn\u00e1n\u00ed se z\u00e1kazn\u00edky o smluvn\u00edch podm\u00ednk\u00e1ch, spolupr\u00e1ce na p\u0159\u00edprav\u011b smluv Odpov\u011bdnost za prodejn\u00ed \u010dinnosti souvisej\u00edc\u00ed se st\u00e1vaj\u00edc\u00edmi a potencion\u00e1ln\u00edmi kl\u00ed\u010dov\u00fdmi z\u00e1kazn\u00edky Tvorba logistick\u00e9 koncepce firmy, marketingov\u00e9 hledisko logistiky, n\u00e1kupn\u00ed, v\u00fdrobn\u00ed a distribu\u010dn\u00ed [&hellip;]<\/p>","protected":false},"author":1,"featured_media":0,"parent":0,"menu_order":0,"comment_status":"closed","ping_status":"closed","template":"template-page-builder-no-sidebar.php","meta":{"footnotes":""},"class_list":["post-58","page","type-page","status-publish","hentry"],"aioseo_notices":[],"_links":{"self":[{"href":"https:\/\/skybergtech.com\/en\/wp-json\/wp\/v2\/pages\/58","targetHints":{"allow":["GET"]}}],"collection":[{"href":"https:\/\/skybergtech.com\/en\/wp-json\/wp\/v2\/pages"}],"about":[{"href":"https:\/\/skybergtech.com\/en\/wp-json\/wp\/v2\/types\/page"}],"author":[{"embeddable":true,"href":"https:\/\/skybergtech.com\/en\/wp-json\/wp\/v2\/users\/1"}],"replies":[{"embeddable":true,"href":"https:\/\/skybergtech.com\/en\/wp-json\/wp\/v2\/comments?post=58"}],"version-history":[{"count":10,"href":"https:\/\/skybergtech.com\/en\/wp-json\/wp\/v2\/pages\/58\/revisions"}],"predecessor-version":[{"id":2672,"href":"https:\/\/skybergtech.com\/en\/wp-json\/wp\/v2\/pages\/58\/revisions\/2672"}],"wp:attachment":[{"href":"https:\/\/skybergtech.com\/en\/wp-json\/wp\/v2\/media?parent=58"}],"curies":[{"name":"wp","href":"https:\/\/api.w.org\/{rel}","templated":true}]}}