{"id":59,"date":"2019-12-16T19:19:38","date_gmt":"2019-12-16T19:19:38","guid":{"rendered":"http:\/\/web.skybergtech.com\/?page_id=59"},"modified":"2023-05-17T08:21:36","modified_gmt":"2023-05-17T08:21:36","slug":"kontakty","status":"publish","type":"page","link":"https:\/\/skybergtech.com\/en\/kontakty\/","title":{"rendered":"Contact"},"content":{"rendered":"<h3>\n\t\t\t\t\tContact\n\t\t\t\t<\/h3>\n\t<strong><\/strong><strong>SKYBERGTECH s.r.o.<\/strong><br \/>\nU Mototechny 107<br \/>\n251 62 Tehovec\n\tI\u010cO: 25092235<br \/>\nDI\u010c: CZ25092235<br \/>\nRegistered at the Municipal Court in Prague<br \/>\nodd\u00edl C vlo\u017eka 48997\n\tTelefon:<br \/>\n+420 323 605 511<br \/>\n+420 323 660 013<br \/>\nFax:<br \/>\n+420 323 607 922<br \/>\nE-mail: <a href=\"mailto:info@skybergtech.com\">info@skybergtech.com<\/a><br \/>\nWeb: <a href=\"https:\/\/skybergtech.com\/en\/\">www.skybergtech.com<\/a>\n\t\t\t\t<a href=\"https:\/\/skybergtech.com\/wp-content\/uploads\/2020\/01\/Screenshot_2020-01-06-Google-Maps.png\" target=\"_self\" itemprop=\"url\" rel=\"noopener\">\n\t\t\t\t<img decoding=\"async\" src=\"http:\/\/web.skybergtech.com\/wp-content\/uploads\/2020\/01\/Screenshot_2020-01-06-Google-Maps.png\" alt=\"Screenshot_2020-01-06 Google Maps\" itemprop=\"image\" title=\"Screenshot_2020-01-06 Google Maps\" onerror=\"this.style.display='none'\"  \/>\n\t\t\t\t<\/a>\n\t\t\t\t<a href=\"https:\/\/skybergtech.com\/wp-content\/uploads\/maps-SKYBERGTECH.jpg\" target=\"_self\" itemprop=\"url\" rel=\"noopener\">\n\t\t\t\t<img loading=\"lazy\" decoding=\"async\" src=\"https:\/\/skybergtech.com\/wp-content\/uploads\/maps-SKYBERGTECH.jpg\" alt=\"maps SKYBERGTECH\" itemprop=\"image\" height=\"857\" width=\"1494\" title=\"maps SKYBERGTECH\" onerror=\"this.style.display='none'\"  \/>\n\t\t\t\t<\/a>\n\t<p><strong>CEO, Managing Director:<\/strong><\/p>\n\t<strong>Dr. Luk\u00e1ts Istv\u00e1n, MD<\/strong><br \/>\nTel: +420 323 660 016<br \/>\n<a href=\"mailto:info@skybergtech.com\">skybergtech1@gmail.com<\/a>\n\t<p><strong>Technical director, executive:<\/strong><\/p>\n\t<strong>Ing. Petr Ko\u0159\u00ednek<\/strong><br \/>\nTel: +420 323 603 543<br \/>\nMob: +420 603 433 583<br \/>\n<a href=\"mailto:technology@skybergtech.com\">technology@skybergtech.com<\/a>\n\t<p><strong>Business Manager:<\/strong><\/p>\n\t<strong>Ren\u00e1ta Luk\u00e1ts<\/strong><br \/>\nTel: +420 323 605 511<br \/>\nMob: +420 603 539 961<br \/>\n<a href=\"mailto:info@skybergtech.com\">info@skybergtech.com<\/a>\n\t<p><strong>Sales Department:<\/strong><\/p>\n\t<strong>Denisa Krauterov\u00e1<\/strong><br \/>\nTel: +420 323 660 013<br \/>\nMob: +420 777 750 123<br \/>\n<a href=\"mailto:obchod@skybergtech.com\">obchod@skybergtech.com<\/a>\n\t<strong>Office<\/strong><br \/>\nTel: +420 323 607 694<br \/>\nMob: +420 734 579 391<br \/>\n<a href=\"mailto:office@skybergtech.com\">office@skybergtech.com<\/a>\n\t<p><strong>Finance and Accounting Department:<\/strong><\/p>\n\t<strong>Zuzana Caranov\u00e1<\/strong><br \/>\nTel: +420 323 607 693<br \/>\n<a href=\"mailto:sales@skybergtech.com\">sales@skybergtech.com<\/a>\n\t<p><strong><\/strong><strong>Development and programming department:<\/strong><\/p>\n\t<strong>Dr. Vojt\u011bch V\u00edgner<\/strong><br \/>\nTel: +420 323 605 147<br \/>\n<a href=\"mailto:vyvoj@skybergtech.com\">vyvoj@skybergtech.com<\/a>\n\t<p><strong><\/strong><strong>Construction and technical department:<\/strong><\/p>\n\t<strong>Ladislav Du\u0161\u00e1tko<\/strong><br \/>\nTel: +420 323 601 773<br \/>\nMob: +420 734 579 392<br \/>\n<a href=\"mailto:design@skybergtech.com\">design@skybergtech.com<\/a>\n\t<p><strong><\/strong><strong>V\u00fdrobn\u00ed odd\u011blen\u00ed &#8211; Vedouc\u00ed v\u00fdroby:<\/strong><\/p>\n\t<strong>Petr Jandovsk\u00fd<\/strong><br \/>\nTel: +420 323 605 145<br \/>\nMob: +420 734 579 393<br \/>\n<a href=\"mailto:vyroba@skybergtech.com\">vyroba@skybergtech.com<\/a>\n\t<p><strong><\/strong><strong>V\u00fdrobn\u00ed odd\u011blen\u00ed &#8211; z\u00e1stupce v\u00fdroby:<\/strong><\/p>\n\tTel: +420 323 605 145<br \/>\n<a href=\"mailto:vyroba1@skybergtech.com\">vyroba1@skybergtech.com<\/a>\n\t<p><strong><\/strong><strong>Sklad &#8211; Expedice:<\/strong><\/p>\n\t<strong>Daniel Kol\u00e1\u0159<\/strong><br \/>\nTel: +420 323 605 512<br \/>\nMob: +420 734 579 389<br \/>\n<a href=\"mailto:sklad@skybergtech.com\">sklad@skybergtech.com<\/a>","protected":false},"excerpt":{"rendered":"<p>Kontakty SKYBERGTECH s.r.o. U Mototechny 107 251 62 Tehovec I\u010cO: 25092235 DI\u010c: CZ25092235 Zapsan\u00e1 u M\u011bstsk\u00e9ho soudu v Praze odd\u00edl C vlo\u017eka 48997 Telefon: +420 323 605 511 +420 323 660 013 Fax: +420 323 607 922 E-mail: info@skybergtech.com Web: www.skybergtech.com Gener\u00e1ln\u00ed \u0159editel, jednatel: Dr. Luk\u00e1ts Istv\u00e1n, MD Tel: +420 323 660 016 skybergtech1@gmail.com Technick\u00fd [&hellip;]<\/p>","protected":false},"author":1,"featured_media":0,"parent":0,"menu_order":0,"comment_status":"closed","ping_status":"closed","template":"template-page-builder-no-sidebar.php","meta":{"footnotes":""},"class_list":["post-59","page","type-page","status-publish","hentry"],"aioseo_notices":[],"_links":{"self":[{"href":"https:\/\/skybergtech.com\/en\/wp-json\/wp\/v2\/pages\/59","targetHints":{"allow":["GET"]}}],"collection":[{"href":"https:\/\/skybergtech.com\/en\/wp-json\/wp\/v2\/pages"}],"about":[{"href":"https:\/\/skybergtech.com\/en\/wp-json\/wp\/v2\/types\/page"}],"author":[{"embeddable":true,"href":"https:\/\/skybergtech.com\/en\/wp-json\/wp\/v2\/users\/1"}],"replies":[{"embeddable":true,"href":"https:\/\/skybergtech.com\/en\/wp-json\/wp\/v2\/comments?post=59"}],"version-history":[{"count":15,"href":"https:\/\/skybergtech.com\/en\/wp-json\/wp\/v2\/pages\/59\/revisions"}],"predecessor-version":[{"id":3660,"href":"https:\/\/skybergtech.com\/en\/wp-json\/wp\/v2\/pages\/59\/revisions\/3660"}],"wp:attachment":[{"href":"https:\/\/skybergtech.com\/en\/wp-json\/wp\/v2\/media?parent=59"}],"curies":[{"name":"wp","href":"https:\/\/api.w.org\/{rel}","templated":true}]}}