{"id":617,"date":"2020-01-14T18:19:02","date_gmt":"2020-01-14T18:19:02","guid":{"rendered":"http:\/\/web.skybergtech.com\/?page_id=617"},"modified":"2020-03-31T03:53:45","modified_gmt":"2020-03-31T03:53:45","slug":"odrusovaci-filtry-specialni-sirokopasmove-filtry-pro-helikoptery","status":"publish","type":"page","link":"https:\/\/skybergtech.com\/en\/produkty\/odrusovaci-filtry\/specialni\/odrusovaci-filtry-specialni-sirokopasmove-filtry-pro-helikoptery\/","title":{"rendered":"\u0160irokop\u00e1smov\u00e9 filtry pro helikopt\u00e9ry"},"content":{"rendered":"<!-- Flexy Breadcrumb -->\r\n\t\t\t<div class=\"fbc fbc-page\">\r\n\r\n\t\t\t\t<!-- Breadcrumb wrapper -->\r\n\t\t\t\t<div class=\"fbc-wrap\">\r\n\r\n\t\t\t\t\t<!-- Ordered list-->\r\n\t\t\t\t\t<ol class=\"fbc-items\" itemscope itemtype=\"https:\/\/schema.org\/BreadcrumbList\">\r\n\t\t\t\t\t\t            <li itemprop=\"itemListElement\" itemscope itemtype=\"https:\/\/schema.org\/ListItem\">\r\n                <span itemprop=\"name\">\r\n                    <!-- Home Link -->\r\n                    <a itemprop=\"item\" href=\"https:\/\/skybergtech.com\/en\">\r\n                    \r\n                                                    <i class=\"fa fa-home\" aria-hidden=\"true\"><\/i>Home                    <\/a>\r\n                <\/span>\r\n                <meta itemprop=\"position\" content=\"1\" \/><!-- Meta Position-->\r\n             <\/li><li><span class=\"fbc-separator\"> \/ <\/span><\/li><li class=\"active\" itemprop=\"itemListElement\" itemscope itemtype=\"https:\/\/schema.org\/ListItem\"><span itemprop=\"name\" title=\"\u0160irokop\u00e1smov\u00e9 filtry pro helikopt\u00e9ry\">\u0160irokop\u00e1smov\u00e9 filtry pro helikopt\u00e9ry<\/span><meta itemprop=\"position\" content=\"2\" \/><\/li>\t\t\t\t\t<\/ol>\r\n\t\t\t\t\t<div class=\"clearfix\"><\/div>\r\n\t\t\t\t<\/div>\r\n\t\t\t<\/div>\r\n\t\t\t\n\t<h3>\n\t\t\t\t\tOdru\u0161ovac\u00ed filtry &#8211; speci\u00e1ln\u00ed\n\t\t\t\t<\/h3>\n\t<h3>\n\t\t\t\t\t\u0160irokop\u00e1smov\u00e9 filtry pro Helikopt\u00e9ry\n\t\t\t\t<\/h3>\n\t<h3>\n\t\t\t\t\tHelikopt\u00e9ry\n\t\t\t\t<\/h3>\n\t<h3>\n\t\t\t\t\tSKY10VNF-rev.1\n\t\t\t\t<\/h3>\n\t<h3>\n\t\t\t\t\tSKY10VNF-rev.2\n\t\t\t\t<\/h3>\n\t<h3>\n\t\t\t\t\tSKY10VNF-rev.3\n\t\t\t\t<\/h3>","protected":false},"excerpt":{"rendered":"<p>Odru\u0161ovac\u00ed filtry &#8211; speci\u00e1ln\u00ed \u0160irokop\u00e1smov\u00e9 filtry pro Helikopt\u00e9ry Helikopt\u00e9ry SKY10VNF-rev.1 SKY10VNF-rev.2 SKY10VNF-rev.3<\/p>","protected":false},"author":1,"featured_media":0,"parent":350,"menu_order":0,"comment_status":"closed","ping_status":"closed","template":"template-page-builder-no-sidebar.php","meta":{"footnotes":""},"class_list":["post-617","page","type-page","status-publish","hentry"],"aioseo_notices":[],"_links":{"self":[{"href":"https:\/\/skybergtech.com\/en\/wp-json\/wp\/v2\/pages\/617","targetHints":{"allow":["GET"]}}],"collection":[{"href":"https:\/\/skybergtech.com\/en\/wp-json\/wp\/v2\/pages"}],"about":[{"href":"https:\/\/skybergtech.com\/en\/wp-json\/wp\/v2\/types\/page"}],"author":[{"embeddable":true,"href":"https:\/\/skybergtech.com\/en\/wp-json\/wp\/v2\/users\/1"}],"replies":[{"embeddable":true,"href":"https:\/\/skybergtech.com\/en\/wp-json\/wp\/v2\/comments?post=617"}],"version-history":[{"count":5,"href":"https:\/\/skybergtech.com\/en\/wp-json\/wp\/v2\/pages\/617\/revisions"}],"predecessor-version":[{"id":1847,"href":"https:\/\/skybergtech.com\/en\/wp-json\/wp\/v2\/pages\/617\/revisions\/1847"}],"up":[{"embeddable":true,"href":"https:\/\/skybergtech.com\/en\/wp-json\/wp\/v2\/pages\/350"}],"wp:attachment":[{"href":"https:\/\/skybergtech.com\/en\/wp-json\/wp\/v2\/media?parent=617"}],"curies":[{"name":"wp","href":"https:\/\/api.w.org\/{rel}","templated":true}]}}