{"id":618,"date":"2020-01-14T18:19:10","date_gmt":"2020-01-14T18:19:10","guid":{"rendered":"http:\/\/web.skybergtech.com\/?page_id=618"},"modified":"2020-01-19T08:02:57","modified_gmt":"2020-01-19T08:02:57","slug":"odrusovaci-filtry-specialni-stejnosmerne","status":"publish","type":"page","link":"https:\/\/skybergtech.com\/en\/produkty\/odrusovaci-filtry\/specialni\/odrusovaci-filtry-specialni-stejnosmerne\/","title":{"rendered":"Odru\u0161ovac\u00ed filtry \u2013 Speci\u00e1ln\u00ed Stejnosm\u011brn\u00e9"},"content":{"rendered":"<h3>\n\t\t\t\t\tOdru\u0161ovac\u00ed filtry &#8211; speci\u00e1ln\u00ed\n\t\t\t\t<\/h3>\n\t<h3>\n\t\t\t\t\tJednof\u00e1zov\u00e9 &#8211; typ TZS\n\t\t\t\t<\/h3>\n\t<h3>\n\t\t\t\t\tSeries CM\n\t\t\t\t<\/h3>\n\t<h3>\n\t\t\t\t\tSKY1FL16CM\n\t\t\t\t<\/h3>\n\t<h3>\n\t\t\t\t\tSeries PS\n\t\t\t\t<\/h3>\n\t<h3>\n\t\t\t\t\tSKY1PS10\n\t\t\t\t<\/h3>\n\t<h3>\n\t\t\t\t\tSKY1PS12\n\t\t\t\t<\/h3>\n\t<h3>\n\t\t\t\t\tSKY1PS25\n\t\t\t\t<\/h3>\n\t<h3>\n\t\t\t\t\tSeries P\n\t\t\t\t<\/h3>\n\t<h3>\n\t\t\t\t\tSKY1FL10P\n\t\t\t\t<\/h3>\n\t<h3>\n\t\t\t\t\tSeries BT\n\t\t\t\t<\/h3>\n\t<h3>\n\t\t\t\t\tSKY1FL4BT\n\t\t\t\t<\/h3>\n\t<h3>\n\t\t\t\t\tSKY1FL6BT\n\t\t\t\t<\/h3>\n\t<h3>\n\t\t\t\t\tSKYBTL20\n\t\t\t\t<\/h3>\n\t<h3>\n\t\t\t\t\tSeries FV\n\t\t\t\t<\/h3>\n\t<h3>\n\t\t\t\t\tSKY1FV10\n\t\t\t\t<\/h3>\n\t<h3>\n\t\t\t\t\tSeries VN\n\t\t\t\t<\/h3>\n\t<h3>\n\t\t\t\t\tSKY1FLVN20B\n\t\t\t\t<\/h3>\n\t<h3>\n\t\t\t\t\tSKY1FLVN40B\n\t\t\t\t<\/h3>\n\t<h3>\n\t\t\t\t\tSeries MP\n\t\t\t\t<\/h3>\n\t<h3>\n\t\t\t\t\tSKY2FL50C-MP\n\t\t\t\t<\/h3>\n\t<h3>\n\t\t\t\t\tSeries FN\n\t\t\t\t<\/h3>\n\t<h3>\n\t\t\t\t\tSKY2FN3\n\t\t\t\t<\/h3>\n\t<h3>\n\t\t\t\t\tSKY2FN16\n\t\t\t\t<\/h3>\n\t<h3>\n\t\t\t\t\tSeries F\n\t\t\t\t<\/h3>\n\t<h3>\n\t\t\t\t\tSKY2F72P\n\t\t\t\t<\/h3>\n\t<h3>\n\t\t\t\t\tSKY2F72P-P\n\t\t\t\t<\/h3>\n\t<h3>\n\t\t\t\t\tSKY2F72P-N\n\t\t\t\t<\/h3>\n\t<h3>\n\t\t\t\t\tSKY2F72P-N-rev.1\n\t\t\t\t<\/h3>\n\t<h3>\n\t\t\t\t\tSeries FL\n\t\t\t\t<\/h3>\n\t<h3>\n\t\t\t\t\tSKY1FL16BNZ\n\t\t\t\t<\/h3>\n\t<h3>\n\t\t\t\t\tSKY1FL20A\n\t\t\t\t<\/h3>\n\t<h3>\n\t\t\t\t\tSKY1FL25C-570Vdc\n\t\t\t\t<\/h3>\n\t<h3>\n\t\t\t\t\tSKY2FL16B-400Vac\n\t\t\t\t<\/h3>\n\t<h3>\n\t\t\t\t\tSKY2FLDC140EB\n\t\t\t\t<\/h3>\n\t<h3>\n\t\t\t\t\tSeries REZER\n\t\t\t\t<\/h3>\n\t<h3>\n\t\t\t\t\tSKY3FL600C\n\t\t\t\t<\/h3>\n\t<h3>\n\t\t\t\t\tT\u0159\u00edf\u00e1zov\u00e9 &#8211; typ TZS\n\t\t\t\t<\/h3>\n\t<h3>\n\t\t\t\t\tSeries 3FL\n\t\t\t\t<\/h3>\n\t<h3>\n\t\t\t\t\tSKY3FL1000C\n\t\t\t\t<\/h3>\n\t<h3>\n\t\t\t\t\tSeries 4FL\n\t\t\t\t<\/h3>\n\t<h3>\n\t\t\t\t\tSKY3FL2500C\n\t\t\t\t<\/h3>\n\t<h3>\n\t\t\t\t\tThree-phase switchboards\n\t\t\t\t<\/h3>\n\t<h3>\n\t\t\t\t\tSeries RF\n\t\t\t\t<\/h3>\n\t<h3>\n\t\t\t\t\tSKY4FL3C\n\t\t\t\t<\/h3>\n\t<h3>\n\t\t\t\t\tSKY4FL6C\n\t\t\t\t<\/h3>\n\t<h3>\n\t\t\t\t\tSKY4FL10C\n\t\t\t\t<\/h3>\n\t<h3>\n\t\t\t\t\tSKY4FL16C\n\t\t\t\t<\/h3>\n\t<h3>\n\t\t\t\t\tPro proudy 20 &#8211; 50 A\n\t\t\t\t<\/h3>\n\t<h3>\n\t\t\t\t\tSKY4FL20C\n\t\t\t\t<\/h3>\n\t<h3>\n\t\t\t\t\tSKY4FL25C\n\t\t\t\t<\/h3>\n\t<h3>\n\t\t\t\t\tSKY4FL25Cs\n\t\t\t\t<\/h3>\n\t<h3>\n\t\t\t\t\tSKY4FL32C\n\t\t\t\t<\/h3>\n\t<h3>\n\t\t\t\t\tSKY4FL40C\n\t\t\t\t<\/h3>\n\t<h3>\n\t\t\t\t\tSKY4FL50C\n\t\t\t\t<\/h3>\n\t<h3>\n\t\t\t\t\tPro proudy 60 &#8211; 400 A\n\t\t\t\t<\/h3>\n\t<h3>\n\t\t\t\t\tSKY4FL60CP\n\t\t\t\t<\/h3>\n\t<h3>\n\t\t\t\t\tSKY4FL80CP\n\t\t\t\t<\/h3>\n\t<h3>\n\t\t\t\t\tSKY4FL100CP\n\t\t\t\t<\/h3>\n\t<h3>\n\t\t\t\t\tSKY4FL150CP\n\t\t\t\t<\/h3>\n\t<h3>\n\t\t\t\t\tSKY4FL200CP\n\t\t\t\t<\/h3>\n\t<h3>\n\t\t\t\t\tSKY4FL250CP\n\t\t\t\t<\/h3>\n\t<h3>\n\t\t\t\t\tSKY4FL320CP\n\t\t\t\t<\/h3>\n\t<h3>\n\t\t\t\t\tSKY4FL400CP\n\t\t\t\t<\/h3>\n\t<h3>\n\t\t\t\t\tPro proudy 600 &#8211; 2500 A\n\t\t\t\t<\/h3>\n\t<h3>\n\t\t\t\t\tSKY4FL600C\n\t\t\t\t<\/h3>\n\t<h3>\n\t\t\t\t\tSKY4FL1000C\n\t\t\t\t<\/h3>\n\t<h3>\n\t\t\t\t\tSKY4FL1600C\n\t\t\t\t<\/h3>\n\t<h3>\n\t\t\t\t\tSKY4FL2500C\n\t\t\t\t<\/h3>","protected":false},"excerpt":{"rendered":"<p>Odru\u0161ovac\u00ed filtry &#8211; speci\u00e1ln\u00ed Jednof\u00e1zov\u00e9 &#8211; typ TZS \u0158ada CM SKY1FL16CM \u0158ada PS SKY1PS10 SKY1PS12 SKY1PS25 \u0158ada P SKY1FL10P \u0158ada BT SKY1FL4BT SKY1FL6BT SKYBTL20 \u0158ada FV SKY1FV10 \u0158ada VN SKY1FLVN20B SKY1FLVN40B \u0158ada MP SKY2FL50C-MP \u0158ada FN SKY2FN3 SKY2FN16 \u0158ada F SKY2F72P SKY2F72P-P SKY2F72P-N SKY2F72P-N-rev.1 \u0158ada FL SKY1FL16BNZ SKY1FL20A SKY1FL25C-570Vdc SKY2FL16B-400Vac SKY2FLDC140EB \u0158ada REZER SKY3FL600C T\u0159\u00edf\u00e1zov\u00e9 [&hellip;]<\/p>","protected":false},"author":1,"featured_media":0,"parent":350,"menu_order":0,"comment_status":"closed","ping_status":"closed","template":"template-page-builder-no-sidebar.php","meta":{"footnotes":""},"class_list":["post-618","page","type-page","status-publish","hentry"],"aioseo_notices":[],"_links":{"self":[{"href":"https:\/\/skybergtech.com\/en\/wp-json\/wp\/v2\/pages\/618","targetHints":{"allow":["GET"]}}],"collection":[{"href":"https:\/\/skybergtech.com\/en\/wp-json\/wp\/v2\/pages"}],"about":[{"href":"https:\/\/skybergtech.com\/en\/wp-json\/wp\/v2\/types\/page"}],"author":[{"embeddable":true,"href":"https:\/\/skybergtech.com\/en\/wp-json\/wp\/v2\/users\/1"}],"replies":[{"embeddable":true,"href":"https:\/\/skybergtech.com\/en\/wp-json\/wp\/v2\/comments?post=618"}],"version-history":[{"count":1,"href":"https:\/\/skybergtech.com\/en\/wp-json\/wp\/v2\/pages\/618\/revisions"}],"predecessor-version":[{"id":622,"href":"https:\/\/skybergtech.com\/en\/wp-json\/wp\/v2\/pages\/618\/revisions\/622"}],"up":[{"embeddable":true,"href":"https:\/\/skybergtech.com\/en\/wp-json\/wp\/v2\/pages\/350"}],"wp:attachment":[{"href":"https:\/\/skybergtech.com\/en\/wp-json\/wp\/v2\/media?parent=618"}],"curies":[{"name":"wp","href":"https:\/\/api.w.org\/{rel}","templated":true}]}}