{"id":661,"date":"2020-01-15T03:52:26","date_gmt":"2020-01-15T03:52:26","guid":{"rendered":"http:\/\/web.skybergtech.com\/?page_id=661"},"modified":"2020-03-31T03:51:40","modified_gmt":"2020-03-31T03:51:40","slug":"odrusovaci-filtry","status":"publish","type":"page","link":"https:\/\/skybergtech.com\/en\/produkty\/odrusovaci-filtry\/","title":{"rendered":"Interference suppression filters"},"content":{"rendered":"<!-- Flexy Breadcrumb -->\r\n\t\t\t<div class=\"fbc fbc-page\">\r\n\r\n\t\t\t\t<!-- Breadcrumb wrapper -->\r\n\t\t\t\t<div class=\"fbc-wrap\">\r\n\r\n\t\t\t\t\t<!-- Ordered list-->\r\n\t\t\t\t\t<ol class=\"fbc-items\" itemscope itemtype=\"https:\/\/schema.org\/BreadcrumbList\">\r\n\t\t\t\t\t\t            <li itemprop=\"itemListElement\" itemscope itemtype=\"https:\/\/schema.org\/ListItem\">\r\n                <span itemprop=\"name\">\r\n                    <!-- Home Link -->\r\n                    <a itemprop=\"item\" href=\"https:\/\/skybergtech.com\/en\">\r\n                    \r\n                                                    <i class=\"fa fa-home\" aria-hidden=\"true\"><\/i>Home                    <\/a>\r\n                <\/span>\r\n                <meta itemprop=\"position\" content=\"1\" \/><!-- Meta Position-->\r\n             <\/li><li><span class=\"fbc-separator\"> \/ <\/span><\/li><li class=\"active\" itemprop=\"itemListElement\" itemscope itemtype=\"https:\/\/schema.org\/ListItem\"><span itemprop=\"name\" title=\"Interference suppression filters\">Interference suppression filters<\/span><meta itemprop=\"position\" content=\"2\" \/><\/li>\t\t\t\t\t<\/ol>\r\n\t\t\t\t\t<div class=\"clearfix\"><\/div>\r\n\t\t\t\t<\/div>\r\n\t\t\t<\/div>\r\n\t\t\t\n\t<h3>\n\t\t\t\t\tInterference suppression filters\n\t\t\t\t<\/h3>\n\t<p><img loading=\"lazy\" decoding=\"async\" src=\"http:\/\/web.skybergtech.com\/wp-content\/uploads\/2020\/03\/SKY3FL400BP3-1024x549.png\" alt=\"\" width=\"640\" height=\"343\" \/>The interference suppression filters from our production use a combination of passive electronic components of a resistor, choke and capacitor to create a filter topology that suppresses the unwanted frequency band of the signal in the circuit.<\/p>\n<ul>\n<li>They reduce high-frequency interference propagated back to the power system<\/li>\n<li>They increase the resistance of the device to interference coming from the power supply system<\/li>\n<li>They extend the life of the equipment<\/li>\n<li>By installing our filters, the EMC requirements of the relevant standards can be met<\/li>\n<\/ul>\n<p>They are available as consumers, frequency converters, soft starters, pulse sources, available with rectifiers and other applications.<\/p>","protected":false},"excerpt":{"rendered":"<p>Odru\u0161ovac\u00ed filtry Odru\u0161ovac\u00ed filtry z na\u0161\u00ed produkce vyu\u017e\u00edvaj\u00ed kombinace pasivn\u00edch elektronick\u00fdch sou\u010d\u00e1stek rezistoru, tlumivky a kondenz\u00e1toru k vytvo\u0159en\u00ed takov\u00e9 topologie filtru, kter\u00e1 potla\u010d\u00ed ne\u017e\u00e1douc\u00ed frekven\u010dn\u00ed p\u00e1smo sign\u00e1lu v obvodu. Omezuj\u00ed vysokofrekven\u010dn\u00ed ru\u0161en\u00ed \u0161\u00ed\u0159en\u00e9 zp\u011bt do nap\u00e1jec\u00ed soustavy Zvy\u0161uj\u00ed odolnost za\u0159\u00edzen\u00ed proti ru\u0161en\u00ed p\u0159ich\u00e1zej\u00edc\u00edho z nap\u00e1jec\u00ed soustavy Prodlu\u017euj\u00ed \u017eivotnost za\u0159\u00edzen\u00ed Mont\u00e1\u017e\u00ed na\u0161ich filtr\u016f lze splnit EMC [&hellip;]<\/p>","protected":false},"author":1,"featured_media":0,"parent":270,"menu_order":0,"comment_status":"closed","ping_status":"closed","template":"template-page-builder-no-sidebar.php","meta":{"footnotes":""},"class_list":["post-661","page","type-page","status-publish","hentry"],"aioseo_notices":[],"_links":{"self":[{"href":"https:\/\/skybergtech.com\/en\/wp-json\/wp\/v2\/pages\/661","targetHints":{"allow":["GET"]}}],"collection":[{"href":"https:\/\/skybergtech.com\/en\/wp-json\/wp\/v2\/pages"}],"about":[{"href":"https:\/\/skybergtech.com\/en\/wp-json\/wp\/v2\/types\/page"}],"author":[{"embeddable":true,"href":"https:\/\/skybergtech.com\/en\/wp-json\/wp\/v2\/users\/1"}],"replies":[{"embeddable":true,"href":"https:\/\/skybergtech.com\/en\/wp-json\/wp\/v2\/comments?post=661"}],"version-history":[{"count":10,"href":"https:\/\/skybergtech.com\/en\/wp-json\/wp\/v2\/pages\/661\/revisions"}],"predecessor-version":[{"id":1846,"href":"https:\/\/skybergtech.com\/en\/wp-json\/wp\/v2\/pages\/661\/revisions\/1846"}],"up":[{"embeddable":true,"href":"https:\/\/skybergtech.com\/en\/wp-json\/wp\/v2\/pages\/270"}],"wp:attachment":[{"href":"https:\/\/skybergtech.com\/en\/wp-json\/wp\/v2\/media?parent=661"}],"curies":[{"name":"wp","href":"https:\/\/api.w.org\/{rel}","templated":true}]}}