{"id":918,"date":"2020-01-23T07:46:04","date_gmt":"2020-01-23T07:46:04","guid":{"rendered":"http:\/\/web.skybergtech.com\/?page_id=918"},"modified":"2020-07-27T19:27:00","modified_gmt":"2020-07-27T19:27:00","slug":"tlumivky","status":"publish","type":"page","link":"https:\/\/skybergtech.com\/en\/produkty\/tlumivky\/","title":{"rendered":"Chokes"},"content":{"rendered":"<!-- Flexy Breadcrumb -->\r\n\t\t\t<div class=\"fbc fbc-page\">\r\n\r\n\t\t\t\t<!-- Breadcrumb wrapper -->\r\n\t\t\t\t<div class=\"fbc-wrap\">\r\n\r\n\t\t\t\t\t<!-- Ordered list-->\r\n\t\t\t\t\t<ol class=\"fbc-items\" itemscope itemtype=\"https:\/\/schema.org\/BreadcrumbList\">\r\n\t\t\t\t\t\t            <li itemprop=\"itemListElement\" itemscope itemtype=\"https:\/\/schema.org\/ListItem\">\r\n                <span itemprop=\"name\">\r\n                    <!-- Home Link -->\r\n                    <a itemprop=\"item\" href=\"https:\/\/skybergtech.com\/en\">\r\n                    \r\n                                                    <i class=\"fa fa-home\" aria-hidden=\"true\"><\/i>Home                    <\/a>\r\n                <\/span>\r\n                <meta itemprop=\"position\" content=\"1\" \/><!-- Meta Position-->\r\n             <\/li><li><span class=\"fbc-separator\"> \/ <\/span><\/li><li class=\"active\" itemprop=\"itemListElement\" itemscope itemtype=\"https:\/\/schema.org\/ListItem\"><span itemprop=\"name\" title=\"Chokes\">Chokes<\/span><meta itemprop=\"position\" content=\"2\" \/><\/li>\t\t\t\t\t<\/ol>\r\n\t\t\t\t\t<div class=\"clearfix\"><\/div>\r\n\t\t\t\t<\/div>\r\n\t\t\t<\/div>\r\n\t\t\t\n\t<h3>\n\t\t\t\t\tChokes\n\t\t\t\t<\/h3>\n\t<p><img loading=\"lazy\" decoding=\"async\" src=\"http:\/\/web.skybergtech.com\/wp-content\/uploads\/2020\/03\/SKY3TL8-31-1024x549.png\" alt=\"\" width=\"640\" height=\"343\" \/>Chokes are used to increase the inductance in the circuit, to dampen surges, to start powerful electric motors, to improve the parallel operation of transformers and for other applications. Based on their application, choke functions may include:<\/p>\n<ul>\n<li>Increasing the device's resistance to interference from the LV network<\/li>\n<li>Increased resistance to overvoltage caused by switching processes<\/li>\n<li>Limitation of the steepness of the voltage rise between the choke and the motor<\/li>\n<li>Limitation of the magnitude of the commutation current when switching the rectifier diodes<\/li>\n<li>Limitation of the size of current and voltage harmonic components<\/li>\n<li>Reducing the amount of high-frequency interference from equipment to the LV network and vice versa<\/li>\n<li>Reduction of permanent tension by its decrease<\/li>\n<li>Motor overvoltage reduction<\/li>\n<li>Reduction of the total leakage current of the inverter<\/li>\n<\/ul>\n<p>We mainly produce single-phase and three-phase chokes with a ferromagnetic core, but you will also find air chokes among our products.<\/p>","protected":false},"excerpt":{"rendered":"<p>Tlumivky Tlumivky se pou\u017e\u00edvaj\u00ed ke zv\u00fd\u0161en\u00ed induk\u010dnosti v obvodu, tlumen\u00ed proudov\u00fdch r\u00e1z\u016f, ke spou\u0161t\u011bn\u00ed v\u00fdkonn\u00fdch elektromotor\u016f, ke zlep\u0161en\u00ed paraleln\u00edho chodu transform\u00e1tor\u016f a k dal\u0161\u00edm aplikac\u00edm. Mezi funkce tlumivek m\u016f\u017ee na z\u00e1klad\u011b jejich aplikace pat\u0159it: Zv\u00fd\u0161en\u00ed odolnosti za\u0159\u00edzen\u00ed proti ru\u0161en\u00ed ze s\u00edt\u011b NN Zv\u00fd\u0161en\u00ed odolnosti proti p\u0159ep\u011bt\u00ed, zp\u016fsoben\u00e9m sp\u00ednac\u00edmi d\u011bji Omezen\u00ed strmosti n\u00e1r\u016fstu nap\u011bt\u00ed mezi tlumivkou [&hellip;]<\/p>","protected":false},"author":1,"featured_media":0,"parent":270,"menu_order":0,"comment_status":"closed","ping_status":"closed","template":"template-page-builder-no-sidebar.php","meta":{"footnotes":""},"class_list":["post-918","page","type-page","status-publish","hentry"],"aioseo_notices":[],"_links":{"self":[{"href":"https:\/\/skybergtech.com\/en\/wp-json\/wp\/v2\/pages\/918","targetHints":{"allow":["GET"]}}],"collection":[{"href":"https:\/\/skybergtech.com\/en\/wp-json\/wp\/v2\/pages"}],"about":[{"href":"https:\/\/skybergtech.com\/en\/wp-json\/wp\/v2\/types\/page"}],"author":[{"embeddable":true,"href":"https:\/\/skybergtech.com\/en\/wp-json\/wp\/v2\/users\/1"}],"replies":[{"embeddable":true,"href":"https:\/\/skybergtech.com\/en\/wp-json\/wp\/v2\/comments?post=918"}],"version-history":[{"count":11,"href":"https:\/\/skybergtech.com\/en\/wp-json\/wp\/v2\/pages\/918\/revisions"}],"predecessor-version":[{"id":2871,"href":"https:\/\/skybergtech.com\/en\/wp-json\/wp\/v2\/pages\/918\/revisions\/2871"}],"up":[{"embeddable":true,"href":"https:\/\/skybergtech.com\/en\/wp-json\/wp\/v2\/pages\/270"}],"wp:attachment":[{"href":"https:\/\/skybergtech.com\/en\/wp-json\/wp\/v2\/media?parent=918"}],"curies":[{"name":"wp","href":"https:\/\/api.w.org\/{rel}","templated":true}]}}