{"id":959,"date":"2020-01-23T11:34:08","date_gmt":"2020-01-23T11:34:08","guid":{"rendered":"http:\/\/web.skybergtech.com\/?page_id=959"},"modified":"2020-07-27T19:24:38","modified_gmt":"2020-07-27T19:24:38","slug":"sinusove-filtry","status":"publish","type":"page","link":"https:\/\/skybergtech.com\/en\/produkty\/sinusove-filtry\/","title":{"rendered":"Sinusoidal filters"},"content":{"rendered":"<!-- Flexy Breadcrumb -->\r\n\t\t\t<div class=\"fbc fbc-page\">\r\n\r\n\t\t\t\t<!-- Breadcrumb wrapper -->\r\n\t\t\t\t<div class=\"fbc-wrap\">\r\n\r\n\t\t\t\t\t<!-- Ordered list-->\r\n\t\t\t\t\t<ol class=\"fbc-items\" itemscope itemtype=\"https:\/\/schema.org\/BreadcrumbList\">\r\n\t\t\t\t\t\t            <li itemprop=\"itemListElement\" itemscope itemtype=\"https:\/\/schema.org\/ListItem\">\r\n                <span itemprop=\"name\">\r\n                    <!-- Home Link -->\r\n                    <a itemprop=\"item\" href=\"https:\/\/skybergtech.com\/en\">\r\n                    \r\n                                                    <i class=\"fa fa-home\" aria-hidden=\"true\"><\/i>Home                    <\/a>\r\n                <\/span>\r\n                <meta itemprop=\"position\" content=\"1\" \/><!-- Meta Position-->\r\n             <\/li><li><span class=\"fbc-separator\"> \/ <\/span><\/li><li class=\"active\" itemprop=\"itemListElement\" itemscope itemtype=\"https:\/\/schema.org\/ListItem\"><span itemprop=\"name\" title=\"Sinusoidal filters\">Sinusoidal filters<\/span><meta itemprop=\"position\" content=\"2\" \/><\/li>\t\t\t\t\t<\/ol>\r\n\t\t\t\t\t<div class=\"clearfix\"><\/div>\r\n\t\t\t\t<\/div>\r\n\t\t\t<\/div>\r\n\t\t\t\n\t<h3>\n\t\t\t\t\tSinusoidal filters\n\t\t\t\t<\/h3>\n\t<p><img loading=\"lazy\" decoding=\"async\" src=\"http:\/\/web.skybergtech.com\/wp-content\/uploads\/2020\/02\/SKY3FSM210-4002-1024x549.png\" alt=\"\" width=\"640\" height=\"343\" \/><\/p>\n<p>The sinusoidal filter smoothes the PWM signal from the frequency converter and converts it to an almost perfect sinusoidal signal to the motor.<\/p>\n<ul>\n<li>Allows the engine to run at continuously adjustable speeds and with torque adaptable to changing mechanical loads<\/li>\n<li>Extends engine life<\/li>\n<li>Allows the use of longer supply lines<\/li>\n<li>The sinusoidal filter on all phases also allows the use of unshielded motor lines.<\/li>\n<\/ul>\n<p>Operating the motor without a sinusoidal filter can cause several problems, such as premature aging of the motor insulation, sensor interference, etc.<\/p>","protected":false},"excerpt":{"rendered":"<p>Sinusov\u00e9 filtry Sinusov\u00fd filtr vyhlazuje PWM sign\u00e1l z frekven\u010dn\u00edho m\u011bni\u010de a p\u0159ev\u00e1d\u00ed jej na t\u00e9m\u011b\u0159 dokonal\u00fd pr\u016fb\u011bh sinusov\u00e9ho sign\u00e1lu do motoru. Umo\u017e\u0148uje motoru b\u011b\u017eet p\u0159i plynule nastaviteln\u00fdch ot\u00e1\u010dk\u00e1ch a s to\u010div\u00fdm momentem p\u0159izp\u016fsobiteln\u00fdm m\u011bn\u00edc\u00edm se mechanick\u00fdm zat\u00ed\u017een\u00edm Prodlu\u017euje \u017eivotnost motoru Umo\u017e\u0148uje pou\u017eit\u00ed del\u0161\u00edch p\u0159\u00edvodn\u00edch veden\u00ed Sinusov\u00fd filtr na v\u0161ech f\u00e1z\u00edch umo\u017e\u0148uje tak\u00e9 pou\u017eit\u00ed nest\u00edn\u011bn\u00fdch veden\u00ed [&hellip;]<\/p>","protected":false},"author":1,"featured_media":0,"parent":270,"menu_order":0,"comment_status":"closed","ping_status":"closed","template":"template-page-builder-no-sidebar.php","meta":{"footnotes":""},"class_list":["post-959","page","type-page","status-publish","hentry"],"aioseo_notices":[],"_links":{"self":[{"href":"https:\/\/skybergtech.com\/en\/wp-json\/wp\/v2\/pages\/959","targetHints":{"allow":["GET"]}}],"collection":[{"href":"https:\/\/skybergtech.com\/en\/wp-json\/wp\/v2\/pages"}],"about":[{"href":"https:\/\/skybergtech.com\/en\/wp-json\/wp\/v2\/types\/page"}],"author":[{"embeddable":true,"href":"https:\/\/skybergtech.com\/en\/wp-json\/wp\/v2\/users\/1"}],"replies":[{"embeddable":true,"href":"https:\/\/skybergtech.com\/en\/wp-json\/wp\/v2\/comments?post=959"}],"version-history":[{"count":9,"href":"https:\/\/skybergtech.com\/en\/wp-json\/wp\/v2\/pages\/959\/revisions"}],"predecessor-version":[{"id":2866,"href":"https:\/\/skybergtech.com\/en\/wp-json\/wp\/v2\/pages\/959\/revisions\/2866"}],"up":[{"embeddable":true,"href":"https:\/\/skybergtech.com\/en\/wp-json\/wp\/v2\/pages\/270"}],"wp:attachment":[{"href":"https:\/\/skybergtech.com\/en\/wp-json\/wp\/v2\/media?parent=959"}],"curies":[{"name":"wp","href":"https:\/\/api.w.org\/{rel}","templated":true}]}}