{"id":972,"date":"2020-01-23T13:38:34","date_gmt":"2020-01-23T13:38:34","guid":{"rendered":"http:\/\/web.skybergtech.com\/?page_id=972"},"modified":"2020-02-24T02:20:52","modified_gmt":"2020-02-24T02:20:52","slug":"sinusove-filtry-pro-menice-kmitoctu","status":"publish","type":"page","link":"https:\/\/skybergtech.com\/en\/produkty\/sinusove-filtry\/sinusove-filtry-pro-menice-kmitoctu\/","title":{"rendered":"Sine filters for frequency converters"},"content":{"rendered":"<!-- Flexy Breadcrumb -->\r\n\t\t\t<div class=\"fbc fbc-page\">\r\n\r\n\t\t\t\t<!-- Breadcrumb wrapper -->\r\n\t\t\t\t<div class=\"fbc-wrap\">\r\n\r\n\t\t\t\t\t<!-- Ordered list-->\r\n\t\t\t\t\t<ol class=\"fbc-items\" itemscope itemtype=\"https:\/\/schema.org\/BreadcrumbList\">\r\n\t\t\t\t\t\t            <li itemprop=\"itemListElement\" itemscope itemtype=\"https:\/\/schema.org\/ListItem\">\r\n                <span itemprop=\"name\">\r\n                    <!-- Home Link -->\r\n                    <a itemprop=\"item\" href=\"https:\/\/skybergtech.com\/en\">\r\n                    \r\n                                                    <i class=\"fa fa-home\" aria-hidden=\"true\"><\/i>Home                    <\/a>\r\n                <\/span>\r\n                <meta itemprop=\"position\" content=\"1\" \/><!-- Meta Position-->\r\n             <\/li><li><span class=\"fbc-separator\"> \/ <\/span><\/li><li class=\"active\" itemprop=\"itemListElement\" itemscope itemtype=\"https:\/\/schema.org\/ListItem\"><span itemprop=\"name\" title=\"Sine filters for frequency converters\">Sine filters for frequency converters<\/span><meta itemprop=\"position\" content=\"2\" \/><\/li>\t\t\t\t\t<\/ol>\r\n\t\t\t\t\t<div class=\"clearfix\"><\/div>\r\n\t\t\t\t<\/div>\r\n\t\t\t<\/div>\r\n\t\t\t\n\t<h3>\n\t\t\t\t\tSinusoidal filters\n\t\t\t\t<\/h3>\n\t<p><img loading=\"lazy\" decoding=\"async\" src=\"http:\/\/web.skybergtech.com\/wp-content\/uploads\/2020\/02\/SKY3FSM75-400CH-1024x549.png\" alt=\"\" width=\"640\" height=\"343\" \/><\/p>\n<p>Our standard three-phase sine filters for frequency converters are manufactured in aluminum boxes with a heat sink (2.5 - 75 A), where the filter is filled with a special material or as a tightening structure (32 - 2000 A), which are protected from adverse environmental influences by impregnation. Compared to cable ties, the filters in the boxes are designed for a lower inverter switching frequency, but are characterized by a higher voltage drop.<\/p>","protected":false},"excerpt":{"rendered":"<p>Sinusov\u00e9 filtry Na\u0161e standardn\u00ed t\u0159\u00edf\u00e1zov\u00e9 sinusov\u00e9 filtry pro m\u011bni\u010de kmito\u010dtu vyr\u00e1b\u00edme v hlin\u00edkov\u00fdch krabic\u00edch s chladi\u010dem (2,5 \u2013 75 A), kde je filtr zalit speci\u00e1ln\u00ed hmotou nebo jako stahovac\u00ed konstrukce (32 \u2013 2000 A), kter\u00e9 jsou p\u0159ed ne\u017e\u00e1douc\u00edmi okoln\u00edmi vlivy chr\u00e1n\u011bny impregnac\u00ed. Oproti stahovac\u00edm konstrukc\u00edm jsou filtry v krabic\u00edch dimenzov\u00e1ny na ni\u017e\u0161\u00ed sp\u00ednac\u00ed kmito\u010det st\u0159\u00edda\u010de, [&hellip;]<\/p>","protected":false},"author":1,"featured_media":0,"parent":959,"menu_order":0,"comment_status":"closed","ping_status":"closed","template":"template-page-builder-no-sidebar.php","meta":{"footnotes":""},"class_list":["post-972","page","type-page","status-publish","hentry"],"aioseo_notices":[],"_links":{"self":[{"href":"https:\/\/skybergtech.com\/en\/wp-json\/wp\/v2\/pages\/972","targetHints":{"allow":["GET"]}}],"collection":[{"href":"https:\/\/skybergtech.com\/en\/wp-json\/wp\/v2\/pages"}],"about":[{"href":"https:\/\/skybergtech.com\/en\/wp-json\/wp\/v2\/types\/page"}],"author":[{"embeddable":true,"href":"https:\/\/skybergtech.com\/en\/wp-json\/wp\/v2\/users\/1"}],"replies":[{"embeddable":true,"href":"https:\/\/skybergtech.com\/en\/wp-json\/wp\/v2\/comments?post=972"}],"version-history":[{"count":5,"href":"https:\/\/skybergtech.com\/en\/wp-json\/wp\/v2\/pages\/972\/revisions"}],"predecessor-version":[{"id":1772,"href":"https:\/\/skybergtech.com\/en\/wp-json\/wp\/v2\/pages\/972\/revisions\/1772"}],"up":[{"embeddable":true,"href":"https:\/\/skybergtech.com\/en\/wp-json\/wp\/v2\/pages\/959"}],"wp:attachment":[{"href":"https:\/\/skybergtech.com\/en\/wp-json\/wp\/v2\/media?parent=972"}],"curies":[{"name":"wp","href":"https:\/\/api.w.org\/{rel}","templated":true}]}}