{"id":984,"date":"2020-01-23T13:48:46","date_gmt":"2020-01-23T13:48:46","guid":{"rendered":"http:\/\/web.skybergtech.com\/?page_id=984"},"modified":"2020-02-16T17:02:55","modified_gmt":"2020-02-16T17:02:55","slug":"sinusove-filtry-pro-menice-kmitoctu-v-plastu","status":"publish","type":"page","link":"https:\/\/skybergtech.com\/en\/produkty\/sinusove-filtry\/sinusove-filtry-pro-menice-kmitoctu\/sinusove-filtry-pro-menice-kmitoctu-v-plastu\/","title":{"rendered":"V plastu"},"content":{"rendered":"<!-- Flexy Breadcrumb -->\r\n\t\t\t<div class=\"fbc fbc-page\">\r\n\r\n\t\t\t\t<!-- Breadcrumb wrapper -->\r\n\t\t\t\t<div class=\"fbc-wrap\">\r\n\r\n\t\t\t\t\t<!-- Ordered list-->\r\n\t\t\t\t\t<ol class=\"fbc-items\" itemscope itemtype=\"https:\/\/schema.org\/BreadcrumbList\">\r\n\t\t\t\t\t\t            <li itemprop=\"itemListElement\" itemscope itemtype=\"https:\/\/schema.org\/ListItem\">\r\n                <span itemprop=\"name\">\r\n                    <!-- Home Link -->\r\n                    <a itemprop=\"item\" href=\"https:\/\/skybergtech.com\/en\">\r\n                    \r\n                                                    <i class=\"fa fa-home\" aria-hidden=\"true\"><\/i>Home                    <\/a>\r\n                <\/span>\r\n                <meta itemprop=\"position\" content=\"1\" \/><!-- Meta Position-->\r\n             <\/li><li><span class=\"fbc-separator\"> \/ <\/span><\/li><li class=\"active\" itemprop=\"itemListElement\" itemscope itemtype=\"https:\/\/schema.org\/ListItem\"><span itemprop=\"name\" title=\"V plastu\">V plastu<\/span><meta itemprop=\"position\" content=\"2\" \/><\/li>\t\t\t\t\t<\/ol>\r\n\t\t\t\t\t<div class=\"clearfix\"><\/div>\r\n\t\t\t\t<\/div>\r\n\t\t\t<\/div>\r\n\t\t\t\n\t<h3>\n\t\t\t\t\tSinusoidal filters\n\t\t\t\t<\/h3>\n\t<h3>\n\t\t\t\t\tSine filters for frequency converters\n\t\t\t\t<\/h3>\n\t<h3>\n\t\t\t\t\tV plastu\n\t\t\t\t<\/h3>\n\t<h3>\n\t\t\t\t\tSKY3FSM1-400P\n\t\t\t\t<\/h3>","protected":false},"excerpt":{"rendered":"<p>Sinusov\u00e9 filtry Sinusov\u00e9 filtry pro m\u011bni\u010de kmito\u010dtu V plastu SKY3FSM1-400P<\/p>","protected":false},"author":1,"featured_media":0,"parent":972,"menu_order":0,"comment_status":"closed","ping_status":"closed","template":"template-page-builder-no-sidebar.php","meta":{"footnotes":""},"class_list":["post-984","page","type-page","status-publish","hentry"],"aioseo_notices":[],"_links":{"self":[{"href":"https:\/\/skybergtech.com\/en\/wp-json\/wp\/v2\/pages\/984","targetHints":{"allow":["GET"]}}],"collection":[{"href":"https:\/\/skybergtech.com\/en\/wp-json\/wp\/v2\/pages"}],"about":[{"href":"https:\/\/skybergtech.com\/en\/wp-json\/wp\/v2\/types\/page"}],"author":[{"embeddable":true,"href":"https:\/\/skybergtech.com\/en\/wp-json\/wp\/v2\/users\/1"}],"replies":[{"embeddable":true,"href":"https:\/\/skybergtech.com\/en\/wp-json\/wp\/v2\/comments?post=984"}],"version-history":[{"count":4,"href":"https:\/\/skybergtech.com\/en\/wp-json\/wp\/v2\/pages\/984\/revisions"}],"predecessor-version":[{"id":1523,"href":"https:\/\/skybergtech.com\/en\/wp-json\/wp\/v2\/pages\/984\/revisions\/1523"}],"up":[{"embeddable":true,"href":"https:\/\/skybergtech.com\/en\/wp-json\/wp\/v2\/pages\/972"}],"wp:attachment":[{"href":"https:\/\/skybergtech.com\/en\/wp-json\/wp\/v2\/media?parent=984"}],"curies":[{"name":"wp","href":"https:\/\/api.w.org\/{rel}","templated":true}]}}